{"id":69,"date":"2017-12-26T12:46:16","date_gmt":"2017-12-26T12:46:16","guid":{"rendered":"https:\/\/www.kiddymusics.com\/?page_id=69"},"modified":"2023-05-30T08:46:03","modified_gmt":"2023-05-30T06:46:03","slug":"espectacles","status":"publish","type":"page","link":"https:\/\/www.kiddymusics.com\/ca\/espectacles\/","title":{"rendered":"Espectacles Factoria KM"},"content":{"rendered":"<p class=\"lead has-text-color\" style=\"color:#a3218e\">La&nbsp;<strong>Factoria KM<\/strong>, dins el projecte&nbsp;KiddyMusics,&nbsp;\u00e9s l\u2019 \u00e0mbit de Creaci\u00f3 i Producci\u00f3  d\u2019Espectacles i Esdeveniments de M\u00fasica i Arts Esc\u00e8niques des d\u2019on es  fan propostes de qualitat i innovadores amb l\u2019objectiu de promoure la  sensibilitat i l\u2019educaci\u00f3 art\u00edstica.<\/p><div style=\"height:20px\" aria-hidden=\"true\" class=\"wp-block-spacer\"><\/div><div class=\"wp-block-columns has-3-columns is-layout-flex wp-container-core-columns-is-layout-1 wp-block-columns-is-layout-flex\"><div class=\"wp-block-column is-layout-flow wp-block-column-is-layout-flow\"><div class=\"wp-block-image\"><figure class=\"aligncenter size-full\"><img loading=\"lazy\" decoding=\"async\" width=\"500\" height=\"500\" src=\"https:\/\/www.kiddymusics.com\/wp-content\/uploads\/2017\/12\/Tres-son-tres.jpg\" alt=\"\" class=\"wp-image-2665\" srcset=\"https:\/\/www.kiddymusics.com\/wp-content\/uploads\/2017\/12\/Tres-son-tres.jpg 500w, https:\/\/www.kiddymusics.com\/wp-content\/uploads\/2017\/12\/Tres-son-tres-150x150.jpg 150w, https:\/\/www.kiddymusics.com\/wp-content\/uploads\/2017\/12\/Tres-son-tres-300x300.jpg 300w, https:\/\/www.kiddymusics.com\/wp-content\/uploads\/2017\/12\/Tres-son-tres-100x100.jpg 100w\" sizes=\"auto, (max-width: 500px) 100vw, 500px\" \/><\/figure><\/div>\n\n<div class=\"wp-block-button aligncenter is-style-outline btn-sm is-style-outline--1\"><a class=\"wp-block-button__link has-text-color\" href=\"\/ca\/espectacles\/escolars\/\" style=\"color:#a3218e\">Espectacles Escolars<\/a><\/div>\n\n<p><\/p><\/div>\n\n<div class=\"wp-block-column is-layout-flow wp-block-column-is-layout-flow\"><div class=\"wp-block-image\"><figure class=\"aligncenter size-full\"><img loading=\"lazy\" decoding=\"async\" width=\"500\" height=\"500\" src=\"https:\/\/www.kiddymusics.com\/wp-content\/uploads\/2019\/09\/500tots.jpg\" alt=\"\" class=\"wp-image-2900\" srcset=\"https:\/\/www.kiddymusics.com\/wp-content\/uploads\/2019\/09\/500tots.jpg 500w, https:\/\/www.kiddymusics.com\/wp-content\/uploads\/2019\/09\/500tots-150x150.jpg 150w, https:\/\/www.kiddymusics.com\/wp-content\/uploads\/2019\/09\/500tots-300x300.jpg 300w, https:\/\/www.kiddymusics.com\/wp-content\/uploads\/2019\/09\/500tots-100x100.jpg 100w\" sizes=\"auto, (max-width: 500px) 100vw, 500px\" \/><\/figure><\/div>\n\n<div class=\"wp-block-button aligncenter is-style-outline btn-sm is-style-outline--2\"><a class=\"wp-block-button__link has-text-color\" href=\"\/ca\/espectacles\/familiars\/\" style=\"color:#a3218e\">Espectacles Familiars<\/a><\/div><\/div>\n\n<div class=\"wp-block-column is-layout-flow wp-block-column-is-layout-flow\"><div class=\"wp-block-image\"><figure class=\"aligncenter size-full\"><img loading=\"lazy\" decoding=\"async\" width=\"513\" height=\"480\" src=\"https:\/\/www.kiddymusics.com\/wp-content\/uploads\/2019\/11\/dgirls1.jpeg\" alt=\"\" class=\"wp-image-2952\" srcset=\"https:\/\/www.kiddymusics.com\/wp-content\/uploads\/2019\/11\/dgirls1.jpeg 513w, https:\/\/www.kiddymusics.com\/wp-content\/uploads\/2019\/11\/dgirls1-300x281.jpeg 300w\" sizes=\"auto, (max-width: 513px) 100vw, 513px\" \/><\/figure><\/div>\n\n<div class=\"wp-block-button aligncenter is-style-outline btn-sm is-style-outline--3\"><a class=\"wp-block-button__link has-text-color\" href=\"\/ca\/espectacles\/produccio-i-management\/\" style=\"color:#a3218e\">Producci\u00f3 &amp; Management<\/a><\/div><\/div><\/div><p>Des  de l\u2019any 2004 hem estrenat m\u00e9s de 17 espectacles de producci\u00f3 pr\u00f2pia i  hem desenvolupat importants projectes culturals per institucions  p\u00fabliques i privades.<\/p><div style=\"height:20px\" aria-hidden=\"true\" class=\"wp-block-spacer\"><\/div><div class=\"wp-block-button aligncenter benft_btm_btn\"><a class=\"wp-block-button__link has-background\" href=\"https:\/\/www.kiddymusics.com\/ca\/factoria-km\/\" style=\"background-color:#a3218e\">M\u00e9s informaci\u00f3 de la Factoria KM<\/a><\/div>","protected":false},"excerpt":{"rendered":"<p>Espectacles, Concerts i Animaci\u00f3<\/p>\n","protected":false},"author":1,"featured_media":1962,"parent":0,"menu_order":67,"comment_status":"closed","ping_status":"closed","template":"page-bannerheader.php","meta":{"_acf_changed":false,"footnotes":""},"class_list":["post-69","page","type-page","status-publish","has-post-thumbnail","hentry"],"acf":[],"yoast_head":"<!-- This site is optimized with the Yoast SEO plugin v24.9 - https:\/\/yoast.com\/wordpress\/plugins\/seo\/ -->\n<title>Espectacles Factoria KM | KiddyMusics<\/title>\n<meta name=\"robots\" content=\"index, follow, max-snippet:-1, max-image-preview:large, max-video-preview:-1\" \/>\n<link rel=\"canonical\" href=\"https:\/\/www.kiddymusics.com\/ca\/espectacles\/\" \/>\n<meta property=\"og:locale\" content=\"ca_ES\" \/>\n<meta property=\"og:type\" content=\"article\" \/>\n<meta property=\"og:title\" content=\"Espectacles Factoria KM | KiddyMusics\" \/>\n<meta property=\"og:description\" content=\"Espectacles, Concerts i Animaci\u00f3\" \/>\n<meta property=\"og:url\" content=\"https:\/\/www.kiddymusics.com\/ca\/espectacles\/\" \/>\n<meta property=\"og:site_name\" content=\"KiddyMusics\" \/>\n<meta property=\"article:modified_time\" content=\"2023-05-30T06:46:03+00:00\" \/>\n<meta property=\"og:image\" content=\"https:\/\/www.kiddymusics.com\/wp-content\/uploads\/2018\/03\/header_440x1920_espectacles2-1024x235.jpg\" \/>\n\t<meta property=\"og:image:width\" content=\"1024\" \/>\n\t<meta property=\"og:image:height\" content=\"235\" \/>\n\t<meta property=\"og:image:type\" content=\"image\/jpeg\" \/>\n<meta name=\"twitter:card\" content=\"summary_large_image\" \/>\n<meta name=\"twitter:label1\" content=\"Est. reading time\" \/>\n\t<meta name=\"twitter:data1\" content=\"1 minute\" \/>\n<script type=\"application\/ld+json\" class=\"yoast-schema-graph\">{\"@context\":\"https:\/\/schema.org\",\"@graph\":[{\"@type\":\"WebPage\",\"@id\":\"https:\/\/www.kiddymusics.com\/ca\/espectacles\/\",\"url\":\"https:\/\/www.kiddymusics.com\/ca\/espectacles\/\",\"name\":\"Espectacles Factoria KM | KiddyMusics\",\"isPartOf\":{\"@id\":\"https:\/\/www.kiddymusics.com\/ca\/#website\"},\"primaryImageOfPage\":{\"@id\":\"https:\/\/www.kiddymusics.com\/ca\/espectacles\/#primaryimage\"},\"image\":{\"@id\":\"https:\/\/www.kiddymusics.com\/ca\/espectacles\/#primaryimage\"},\"thumbnailUrl\":\"https:\/\/www.kiddymusics.com\/wp-content\/uploads\/2018\/03\/header_440x1920_espectacles2-1024x235.jpg\",\"datePublished\":\"2017-12-26T12:46:16+00:00\",\"dateModified\":\"2023-05-30T06:46:03+00:00\",\"breadcrumb\":{\"@id\":\"https:\/\/www.kiddymusics.com\/ca\/espectacles\/#breadcrumb\"},\"inLanguage\":\"ca-ES\",\"potentialAction\":[{\"@type\":\"ReadAction\",\"target\":[\"https:\/\/www.kiddymusics.com\/ca\/espectacles\/\"]}]},{\"@type\":\"ImageObject\",\"inLanguage\":\"ca-ES\",\"@id\":\"https:\/\/www.kiddymusics.com\/ca\/espectacles\/#primaryimage\",\"url\":\"https:\/\/www.kiddymusics.com\/wp-content\/uploads\/2018\/03\/header_440x1920_espectacles2-1024x235.jpg\",\"contentUrl\":\"https:\/\/www.kiddymusics.com\/wp-content\/uploads\/2018\/03\/header_440x1920_espectacles2-1024x235.jpg\",\"width\":1024,\"height\":235},{\"@type\":\"BreadcrumbList\",\"@id\":\"https:\/\/www.kiddymusics.com\/ca\/espectacles\/#breadcrumb\",\"itemListElement\":[{\"@type\":\"ListItem\",\"position\":1,\"name\":\"Home\",\"item\":\"https:\/\/www.kiddymusics.com\/ca\/\"},{\"@type\":\"ListItem\",\"position\":2,\"name\":\"Espectacles Factoria KM\"}]},{\"@type\":\"WebSite\",\"@id\":\"https:\/\/www.kiddymusics.com\/ca\/#website\",\"url\":\"https:\/\/www.kiddymusics.com\/ca\/\",\"name\":\"KiddyMusics\",\"description\":\"Plataforma per a l\u2019Educaci\u00f3 i la Difusi\u00f3 de la M\u00fasica\",\"publisher\":{\"@id\":\"https:\/\/www.kiddymusics.com\/ca\/#organization\"},\"potentialAction\":[{\"@type\":\"SearchAction\",\"target\":{\"@type\":\"EntryPoint\",\"urlTemplate\":\"https:\/\/www.kiddymusics.com\/ca\/?s={search_term_string}\"},\"query-input\":{\"@type\":\"PropertyValueSpecification\",\"valueRequired\":true,\"valueName\":\"search_term_string\"}}],\"inLanguage\":\"ca-ES\"},{\"@type\":\"Organization\",\"@id\":\"https:\/\/www.kiddymusics.com\/ca\/#organization\",\"name\":\"KiddyMusics\",\"url\":\"https:\/\/www.kiddymusics.com\/ca\/\",\"logo\":{\"@type\":\"ImageObject\",\"inLanguage\":\"ca-ES\",\"@id\":\"https:\/\/www.kiddymusics.com\/ca\/#\/schema\/logo\/image\/\",\"url\":\"https:\/\/www.kiddymusics.com\/wp-content\/uploads\/2019\/12\/cropped-KM-logo-235.png\",\"contentUrl\":\"https:\/\/www.kiddymusics.com\/wp-content\/uploads\/2019\/12\/cropped-KM-logo-235.png\",\"width\":250,\"height\":250,\"caption\":\"KiddyMusics\"},\"image\":{\"@id\":\"https:\/\/www.kiddymusics.com\/ca\/#\/schema\/logo\/image\/\"}}]}<\/script>\n<!-- \/ Yoast SEO plugin. -->","yoast_head_json":{"title":"Espectacles Factoria KM | KiddyMusics","robots":{"index":"index","follow":"follow","max-snippet":"max-snippet:-1","max-image-preview":"max-image-preview:large","max-video-preview":"max-video-preview:-1"},"canonical":"https:\/\/www.kiddymusics.com\/ca\/espectacles\/","og_locale":"ca_ES","og_type":"article","og_title":"Espectacles Factoria KM | KiddyMusics","og_description":"Espectacles, Concerts i Animaci\u00f3","og_url":"https:\/\/www.kiddymusics.com\/ca\/espectacles\/","og_site_name":"KiddyMusics","article_modified_time":"2023-05-30T06:46:03+00:00","og_image":[{"width":1024,"height":235,"url":"https:\/\/www.kiddymusics.com\/wp-content\/uploads\/2018\/03\/header_440x1920_espectacles2-1024x235.jpg","type":"image\/jpeg"}],"twitter_card":"summary_large_image","twitter_misc":{"Est. reading time":"1 minute"},"schema":{"@context":"https:\/\/schema.org","@graph":[{"@type":"WebPage","@id":"https:\/\/www.kiddymusics.com\/ca\/espectacles\/","url":"https:\/\/www.kiddymusics.com\/ca\/espectacles\/","name":"Espectacles Factoria KM | KiddyMusics","isPartOf":{"@id":"https:\/\/www.kiddymusics.com\/ca\/#website"},"primaryImageOfPage":{"@id":"https:\/\/www.kiddymusics.com\/ca\/espectacles\/#primaryimage"},"image":{"@id":"https:\/\/www.kiddymusics.com\/ca\/espectacles\/#primaryimage"},"thumbnailUrl":"https:\/\/www.kiddymusics.com\/wp-content\/uploads\/2018\/03\/header_440x1920_espectacles2-1024x235.jpg","datePublished":"2017-12-26T12:46:16+00:00","dateModified":"2023-05-30T06:46:03+00:00","breadcrumb":{"@id":"https:\/\/www.kiddymusics.com\/ca\/espectacles\/#breadcrumb"},"inLanguage":"ca-ES","potentialAction":[{"@type":"ReadAction","target":["https:\/\/www.kiddymusics.com\/ca\/espectacles\/"]}]},{"@type":"ImageObject","inLanguage":"ca-ES","@id":"https:\/\/www.kiddymusics.com\/ca\/espectacles\/#primaryimage","url":"https:\/\/www.kiddymusics.com\/wp-content\/uploads\/2018\/03\/header_440x1920_espectacles2-1024x235.jpg","contentUrl":"https:\/\/www.kiddymusics.com\/wp-content\/uploads\/2018\/03\/header_440x1920_espectacles2-1024x235.jpg","width":1024,"height":235},{"@type":"BreadcrumbList","@id":"https:\/\/www.kiddymusics.com\/ca\/espectacles\/#breadcrumb","itemListElement":[{"@type":"ListItem","position":1,"name":"Home","item":"https:\/\/www.kiddymusics.com\/ca\/"},{"@type":"ListItem","position":2,"name":"Espectacles Factoria KM"}]},{"@type":"WebSite","@id":"https:\/\/www.kiddymusics.com\/ca\/#website","url":"https:\/\/www.kiddymusics.com\/ca\/","name":"KiddyMusics","description":"Plataforma per a l\u2019Educaci\u00f3 i la Difusi\u00f3 de la M\u00fasica","publisher":{"@id":"https:\/\/www.kiddymusics.com\/ca\/#organization"},"potentialAction":[{"@type":"SearchAction","target":{"@type":"EntryPoint","urlTemplate":"https:\/\/www.kiddymusics.com\/ca\/?s={search_term_string}"},"query-input":{"@type":"PropertyValueSpecification","valueRequired":true,"valueName":"search_term_string"}}],"inLanguage":"ca-ES"},{"@type":"Organization","@id":"https:\/\/www.kiddymusics.com\/ca\/#organization","name":"KiddyMusics","url":"https:\/\/www.kiddymusics.com\/ca\/","logo":{"@type":"ImageObject","inLanguage":"ca-ES","@id":"https:\/\/www.kiddymusics.com\/ca\/#\/schema\/logo\/image\/","url":"https:\/\/www.kiddymusics.com\/wp-content\/uploads\/2019\/12\/cropped-KM-logo-235.png","contentUrl":"https:\/\/www.kiddymusics.com\/wp-content\/uploads\/2019\/12\/cropped-KM-logo-235.png","width":250,"height":250,"caption":"KiddyMusics"},"image":{"@id":"https:\/\/www.kiddymusics.com\/ca\/#\/schema\/logo\/image\/"}}]}},"_links":{"self":[{"href":"https:\/\/www.kiddymusics.com\/ca\/wp-json\/wp\/v2\/pages\/69","targetHints":{"allow":["GET"]}}],"collection":[{"href":"https:\/\/www.kiddymusics.com\/ca\/wp-json\/wp\/v2\/pages"}],"about":[{"href":"https:\/\/www.kiddymusics.com\/ca\/wp-json\/wp\/v2\/types\/page"}],"author":[{"embeddable":true,"href":"https:\/\/www.kiddymusics.com\/ca\/wp-json\/wp\/v2\/users\/1"}],"replies":[{"embeddable":true,"href":"https:\/\/www.kiddymusics.com\/ca\/wp-json\/wp\/v2\/comments?post=69"}],"version-history":[{"count":17,"href":"https:\/\/www.kiddymusics.com\/ca\/wp-json\/wp\/v2\/pages\/69\/revisions"}],"predecessor-version":[{"id":6681,"href":"https:\/\/www.kiddymusics.com\/ca\/wp-json\/wp\/v2\/pages\/69\/revisions\/6681"}],"wp:featuredmedia":[{"embeddable":true,"href":"https:\/\/www.kiddymusics.com\/ca\/wp-json\/wp\/v2\/media\/1962"}],"wp:attachment":[{"href":"https:\/\/www.kiddymusics.com\/ca\/wp-json\/wp\/v2\/media?parent=69"}],"curies":[{"name":"wp","href":"https:\/\/api.w.org\/{rel}","templated":true}]}}