{"id":453,"date":"2018-01-04T13:00:41","date_gmt":"2018-01-04T13:00:41","guid":{"rendered":"https:\/\/www.kiddymusics.com\/embarassades-2\/"},"modified":"2024-05-23T17:44:56","modified_gmt":"2024-05-23T15:44:56","slug":"sobre_els_espectacles","status":"publish","type":"page","link":"https:\/\/www.kiddymusics.com\/ca\/sobre_els_espectacles\/","title":{"rendered":"Sobre els Espectacles de KiddyMusics"},"content":{"rendered":"<h2 style=\"text-align: center;\">Com s\u00f3n els espectacles?<\/h2>\n<h3 style=\"text-align: center;\"><a href=\"https:\/\/www.kiddymusics.com\/ca\/espectacles\/escolars\/\">Espectacles i Activitats per Escoles<\/a><\/h3>\n<h3 style=\"text-align: center;\"><a href=\"https:\/\/www.kiddymusics.com\/ca\/espectacles\/familiars\/\">Espectacles i Activitats Familiars<\/a><\/h3>\n<p>Passar-ho b\u00e9 i aprendre \u00e9s totalment compatible, i \u00e9s per aix\u00f2 que tots els Espectacles i Concerts de KiddyMusics tenen unes caracter\u00edstiques en com\u00fa:<\/p>\n<p>LA M\u00daSICA D\u2019APROP: Volem que el p\u00fablic estigui a prop dels int\u00e8rprets i dels instruments<br \/>\nLA INTIMITAT: Per a nosaltres \u00e9s molt important establir una relaci\u00f3 distesa i c\u00f2mplice entre int\u00e8rprets i espectadors.<br \/>\nLA PARTICIPACI\u00d3: Ens agrada que el p\u00fablic participi en l\u2019espectacles.<\/p>\n<hr \/>\n<h2>On fem els espectacles?<\/h2>\n<h4>L\u2019Auditori KiddyMusics<\/h4>\n<p>Situat al carrer Roger de Flor, 291 de Barcelona, amb un aforament per a uns 100 assistents, ens permet fer els espectacles amb les m\u00e0ximes prestacions d\u2019escenografia, so i il\u00b7luminaci\u00f3.<\/p>\n<p><img loading=\"lazy\" decoding=\"async\" class=\"alignnone wp-image-2300 size-full\" src=\"https:\/\/www.kiddymusics.com\/wp-content\/uploads\/2017\/12\/Nanonetes-1-e1575888146515.jpg\" alt=\"\" width=\"1900\" height=\"1345\" \/><\/p>\n<h4>Un Teatre o Auditori<\/h4>\n<p>Aquesta \u00e9s l\u2019opci\u00f3 per quan voleu apropar els espectacles a la vostra ciutat o quan les necessitats d\u2019aforament s\u00f3n m\u00e9s grans. En aquest cas aprofitem la infraestructura t\u00e8cnica de la sala per a oferir-vos l\u2019espectacle.<\/p>\n<p><img loading=\"lazy\" decoding=\"async\" class=\"alignnone wp-image-2734 size-full\" src=\"https:\/\/www.kiddymusics.com\/wp-content\/uploads\/2017\/12\/kiddybroadway4.jpg\" alt=\"\" width=\"1900\" height=\"1200\" srcset=\"https:\/\/www.kiddymusics.com\/wp-content\/uploads\/2017\/12\/kiddybroadway4.jpg 1900w, https:\/\/www.kiddymusics.com\/wp-content\/uploads\/2017\/12\/kiddybroadway4-300x189.jpg 300w, https:\/\/www.kiddymusics.com\/wp-content\/uploads\/2017\/12\/kiddybroadway4-768x485.jpg 768w, https:\/\/www.kiddymusics.com\/wp-content\/uploads\/2017\/12\/kiddybroadway4-1024x647.jpg 1024w\" sizes=\"auto, (max-width: 767px) 89vw, (max-width: 1000px) 54vw, (max-width: 1071px) 543px, 580px\" \/><\/p>\n<h4>La vostra escola<\/h4>\n<p>Si disposeu d\u2019un espai adient quant a capacitat, nosaltres aportem els mitjans nosaltres aportem els mitjans t\u00e8cnics per poder dur a terme l\u2019espectacle.<\/p>\n<p><img loading=\"lazy\" decoding=\"async\" class=\"aligncenter wp-image-1272 size-full\" src=\"https:\/\/www.kiddymusics.com\/wp-content\/uploads\/2018\/01\/escola-auditori-1024x678.jpg\" alt=\"escola-auditori\" width=\"1024\" height=\"678\" srcset=\"https:\/\/www.kiddymusics.com\/wp-content\/uploads\/2018\/01\/escola-auditori-1024x678.jpg 1024w, https:\/\/www.kiddymusics.com\/wp-content\/uploads\/2018\/01\/escola-auditori-1024x678-300x199.jpg 300w, https:\/\/www.kiddymusics.com\/wp-content\/uploads\/2018\/01\/escola-auditori-1024x678-768x509.jpg 768w\" sizes=\"auto, (max-width: 767px) 89vw, (max-width: 1000px) 54vw, (max-width: 1071px) 543px, 580px\" \/><\/p>\n","protected":false},"excerpt":{"rendered":"<p>Escolars i Familiars<\/p>\n","protected":false},"author":1,"featured_media":923,"parent":0,"menu_order":69,"comment_status":"closed","ping_status":"closed","template":"embarassades.php","meta":{"_acf_changed":false,"footnotes":""},"class_list":["post-453","page","type-page","status-publish","has-post-thumbnail","hentry"],"acf":[],"yoast_head":"<!-- This site is optimized with the Yoast SEO plugin v24.9 - https:\/\/yoast.com\/wordpress\/plugins\/seo\/ -->\n<title>Sobre els Espectacles de KiddyMusics | KiddyMusics<\/title>\n<meta name=\"robots\" content=\"index, follow, max-snippet:-1, max-image-preview:large, max-video-preview:-1\" \/>\n<link rel=\"canonical\" href=\"https:\/\/www.kiddymusics.com\/ca\/sobre_els_espectacles\/\" \/>\n<meta property=\"og:locale\" content=\"ca_ES\" \/>\n<meta property=\"og:type\" content=\"article\" \/>\n<meta property=\"og:title\" content=\"Sobre els Espectacles de KiddyMusics | KiddyMusics\" \/>\n<meta property=\"og:description\" content=\"Escolars i Familiars\" \/>\n<meta property=\"og:url\" content=\"https:\/\/www.kiddymusics.com\/ca\/sobre_els_espectacles\/\" \/>\n<meta property=\"og:site_name\" content=\"KiddyMusics\" \/>\n<meta property=\"article:modified_time\" content=\"2024-05-23T15:44:56+00:00\" \/>\n<meta property=\"og:image\" content=\"https:\/\/www.kiddymusics.com\/wp-content\/uploads\/2018\/01\/header_440x1920_escoles-300x69.jpg\" \/>\n\t<meta property=\"og:image:width\" content=\"300\" \/>\n\t<meta property=\"og:image:height\" content=\"69\" \/>\n\t<meta property=\"og:image:type\" content=\"image\/jpeg\" \/>\n<meta name=\"twitter:card\" content=\"summary_large_image\" \/>\n<meta name=\"twitter:label1\" content=\"Est. reading time\" \/>\n\t<meta name=\"twitter:data1\" content=\"2 minutes\" \/>\n<script type=\"application\/ld+json\" class=\"yoast-schema-graph\">{\"@context\":\"https:\/\/schema.org\",\"@graph\":[{\"@type\":\"WebPage\",\"@id\":\"https:\/\/www.kiddymusics.com\/ca\/sobre_els_espectacles\/\",\"url\":\"https:\/\/www.kiddymusics.com\/ca\/sobre_els_espectacles\/\",\"name\":\"Sobre els Espectacles de KiddyMusics | KiddyMusics\",\"isPartOf\":{\"@id\":\"https:\/\/www.kiddymusics.com\/ca\/#website\"},\"primaryImageOfPage\":{\"@id\":\"https:\/\/www.kiddymusics.com\/ca\/sobre_els_espectacles\/#primaryimage\"},\"image\":{\"@id\":\"https:\/\/www.kiddymusics.com\/ca\/sobre_els_espectacles\/#primaryimage\"},\"thumbnailUrl\":\"https:\/\/www.kiddymusics.com\/wp-content\/uploads\/2018\/01\/header_440x1920_escoles-300x69.jpg\",\"datePublished\":\"2018-01-04T13:00:41+00:00\",\"dateModified\":\"2024-05-23T15:44:56+00:00\",\"breadcrumb\":{\"@id\":\"https:\/\/www.kiddymusics.com\/ca\/sobre_els_espectacles\/#breadcrumb\"},\"inLanguage\":\"ca-ES\",\"potentialAction\":[{\"@type\":\"ReadAction\",\"target\":[\"https:\/\/www.kiddymusics.com\/ca\/sobre_els_espectacles\/\"]}]},{\"@type\":\"ImageObject\",\"inLanguage\":\"ca-ES\",\"@id\":\"https:\/\/www.kiddymusics.com\/ca\/sobre_els_espectacles\/#primaryimage\",\"url\":\"https:\/\/www.kiddymusics.com\/wp-content\/uploads\/2018\/01\/header_440x1920_escoles-300x69.jpg\",\"contentUrl\":\"https:\/\/www.kiddymusics.com\/wp-content\/uploads\/2018\/01\/header_440x1920_escoles-300x69.jpg\",\"width\":300,\"height\":69,\"caption\":\"espectacles per escoles\"},{\"@type\":\"BreadcrumbList\",\"@id\":\"https:\/\/www.kiddymusics.com\/ca\/sobre_els_espectacles\/#breadcrumb\",\"itemListElement\":[{\"@type\":\"ListItem\",\"position\":1,\"name\":\"Home\",\"item\":\"https:\/\/www.kiddymusics.com\/ca\/\"},{\"@type\":\"ListItem\",\"position\":2,\"name\":\"Sobre els Espectacles de KiddyMusics\"}]},{\"@type\":\"WebSite\",\"@id\":\"https:\/\/www.kiddymusics.com\/ca\/#website\",\"url\":\"https:\/\/www.kiddymusics.com\/ca\/\",\"name\":\"KiddyMusics\",\"description\":\"Plataforma per a l\u2019Educaci\u00f3 i la Difusi\u00f3 de la M\u00fasica\",\"publisher\":{\"@id\":\"https:\/\/www.kiddymusics.com\/ca\/#organization\"},\"potentialAction\":[{\"@type\":\"SearchAction\",\"target\":{\"@type\":\"EntryPoint\",\"urlTemplate\":\"https:\/\/www.kiddymusics.com\/ca\/?s={search_term_string}\"},\"query-input\":{\"@type\":\"PropertyValueSpecification\",\"valueRequired\":true,\"valueName\":\"search_term_string\"}}],\"inLanguage\":\"ca-ES\"},{\"@type\":\"Organization\",\"@id\":\"https:\/\/www.kiddymusics.com\/ca\/#organization\",\"name\":\"KiddyMusics\",\"url\":\"https:\/\/www.kiddymusics.com\/ca\/\",\"logo\":{\"@type\":\"ImageObject\",\"inLanguage\":\"ca-ES\",\"@id\":\"https:\/\/www.kiddymusics.com\/ca\/#\/schema\/logo\/image\/\",\"url\":\"https:\/\/www.kiddymusics.com\/wp-content\/uploads\/2019\/12\/cropped-KM-logo-235.png\",\"contentUrl\":\"https:\/\/www.kiddymusics.com\/wp-content\/uploads\/2019\/12\/cropped-KM-logo-235.png\",\"width\":250,\"height\":250,\"caption\":\"KiddyMusics\"},\"image\":{\"@id\":\"https:\/\/www.kiddymusics.com\/ca\/#\/schema\/logo\/image\/\"}}]}<\/script>\n<!-- \/ Yoast SEO plugin. -->","yoast_head_json":{"title":"Sobre els Espectacles de KiddyMusics | KiddyMusics","robots":{"index":"index","follow":"follow","max-snippet":"max-snippet:-1","max-image-preview":"max-image-preview:large","max-video-preview":"max-video-preview:-1"},"canonical":"https:\/\/www.kiddymusics.com\/ca\/sobre_els_espectacles\/","og_locale":"ca_ES","og_type":"article","og_title":"Sobre els Espectacles de KiddyMusics | KiddyMusics","og_description":"Escolars i Familiars","og_url":"https:\/\/www.kiddymusics.com\/ca\/sobre_els_espectacles\/","og_site_name":"KiddyMusics","article_modified_time":"2024-05-23T15:44:56+00:00","og_image":[{"width":300,"height":69,"url":"https:\/\/www.kiddymusics.com\/wp-content\/uploads\/2018\/01\/header_440x1920_escoles-300x69.jpg","type":"image\/jpeg"}],"twitter_card":"summary_large_image","twitter_misc":{"Est. reading time":"2 minutes"},"schema":{"@context":"https:\/\/schema.org","@graph":[{"@type":"WebPage","@id":"https:\/\/www.kiddymusics.com\/ca\/sobre_els_espectacles\/","url":"https:\/\/www.kiddymusics.com\/ca\/sobre_els_espectacles\/","name":"Sobre els Espectacles de KiddyMusics | KiddyMusics","isPartOf":{"@id":"https:\/\/www.kiddymusics.com\/ca\/#website"},"primaryImageOfPage":{"@id":"https:\/\/www.kiddymusics.com\/ca\/sobre_els_espectacles\/#primaryimage"},"image":{"@id":"https:\/\/www.kiddymusics.com\/ca\/sobre_els_espectacles\/#primaryimage"},"thumbnailUrl":"https:\/\/www.kiddymusics.com\/wp-content\/uploads\/2018\/01\/header_440x1920_escoles-300x69.jpg","datePublished":"2018-01-04T13:00:41+00:00","dateModified":"2024-05-23T15:44:56+00:00","breadcrumb":{"@id":"https:\/\/www.kiddymusics.com\/ca\/sobre_els_espectacles\/#breadcrumb"},"inLanguage":"ca-ES","potentialAction":[{"@type":"ReadAction","target":["https:\/\/www.kiddymusics.com\/ca\/sobre_els_espectacles\/"]}]},{"@type":"ImageObject","inLanguage":"ca-ES","@id":"https:\/\/www.kiddymusics.com\/ca\/sobre_els_espectacles\/#primaryimage","url":"https:\/\/www.kiddymusics.com\/wp-content\/uploads\/2018\/01\/header_440x1920_escoles-300x69.jpg","contentUrl":"https:\/\/www.kiddymusics.com\/wp-content\/uploads\/2018\/01\/header_440x1920_escoles-300x69.jpg","width":300,"height":69,"caption":"espectacles per escoles"},{"@type":"BreadcrumbList","@id":"https:\/\/www.kiddymusics.com\/ca\/sobre_els_espectacles\/#breadcrumb","itemListElement":[{"@type":"ListItem","position":1,"name":"Home","item":"https:\/\/www.kiddymusics.com\/ca\/"},{"@type":"ListItem","position":2,"name":"Sobre els Espectacles de KiddyMusics"}]},{"@type":"WebSite","@id":"https:\/\/www.kiddymusics.com\/ca\/#website","url":"https:\/\/www.kiddymusics.com\/ca\/","name":"KiddyMusics","description":"Plataforma per a l\u2019Educaci\u00f3 i la Difusi\u00f3 de la M\u00fasica","publisher":{"@id":"https:\/\/www.kiddymusics.com\/ca\/#organization"},"potentialAction":[{"@type":"SearchAction","target":{"@type":"EntryPoint","urlTemplate":"https:\/\/www.kiddymusics.com\/ca\/?s={search_term_string}"},"query-input":{"@type":"PropertyValueSpecification","valueRequired":true,"valueName":"search_term_string"}}],"inLanguage":"ca-ES"},{"@type":"Organization","@id":"https:\/\/www.kiddymusics.com\/ca\/#organization","name":"KiddyMusics","url":"https:\/\/www.kiddymusics.com\/ca\/","logo":{"@type":"ImageObject","inLanguage":"ca-ES","@id":"https:\/\/www.kiddymusics.com\/ca\/#\/schema\/logo\/image\/","url":"https:\/\/www.kiddymusics.com\/wp-content\/uploads\/2019\/12\/cropped-KM-logo-235.png","contentUrl":"https:\/\/www.kiddymusics.com\/wp-content\/uploads\/2019\/12\/cropped-KM-logo-235.png","width":250,"height":250,"caption":"KiddyMusics"},"image":{"@id":"https:\/\/www.kiddymusics.com\/ca\/#\/schema\/logo\/image\/"}}]}},"_links":{"self":[{"href":"https:\/\/www.kiddymusics.com\/ca\/wp-json\/wp\/v2\/pages\/453","targetHints":{"allow":["GET"]}}],"collection":[{"href":"https:\/\/www.kiddymusics.com\/ca\/wp-json\/wp\/v2\/pages"}],"about":[{"href":"https:\/\/www.kiddymusics.com\/ca\/wp-json\/wp\/v2\/types\/page"}],"author":[{"embeddable":true,"href":"https:\/\/www.kiddymusics.com\/ca\/wp-json\/wp\/v2\/users\/1"}],"replies":[{"embeddable":true,"href":"https:\/\/www.kiddymusics.com\/ca\/wp-json\/wp\/v2\/comments?post=453"}],"version-history":[{"count":46,"href":"https:\/\/www.kiddymusics.com\/ca\/wp-json\/wp\/v2\/pages\/453\/revisions"}],"predecessor-version":[{"id":7050,"href":"https:\/\/www.kiddymusics.com\/ca\/wp-json\/wp\/v2\/pages\/453\/revisions\/7050"}],"wp:featuredmedia":[{"embeddable":true,"href":"https:\/\/www.kiddymusics.com\/ca\/wp-json\/wp\/v2\/media\/923"}],"wp:attachment":[{"href":"https:\/\/www.kiddymusics.com\/ca\/wp-json\/wp\/v2\/media?parent=453"}],"curies":[{"name":"wp","href":"https:\/\/api.w.org\/{rel}","templated":true}]}}