{"id":3187,"date":"2019-12-09T18:44:39","date_gmt":"2019-12-09T17:44:39","guid":{"rendered":"https:\/\/www.kiddymusics.com\/?page_id=3187"},"modified":"2021-10-28T13:03:30","modified_gmt":"2021-10-28T11:03:30","slug":"kiddymusics-and-family","status":"publish","type":"page","link":"https:\/\/www.kiddymusics.com\/ca\/kiddymusics-and-family\/","title":{"rendered":"KiddyMusics&#038;Family"},"content":{"rendered":"<p>Les sessions de KiddyMusics&amp;Family estan pensades per aquelles fam\u00edlies que no tenen l&#8217;oportunitat d&#8217;assistir tots junts a les sessions regulars de KiddyMusics i tamb\u00e9 per les fam\u00edlies que volen introduir-se en el m\u00f3n de la m\u00fasica amb els seus fills.<\/p><p>Des&nbsp;dels&nbsp;m\u00e9s petits fins als m\u00e9s grans, tots poden venir a ESCOLTAR, CANTAR, TOCAR i BALLAR en fam\u00edlia amb les propostes d&#8217;introducci\u00f3 a la m\u00fasica de&nbsp;KiddyMusics&nbsp;amb continguts estructurats com les nostres can\u00e7ons, els jocs musicals i les nostres activitats.<\/p><p>Totes les sessions mantenen una estructura similar per tal de crear el millor ambient d&#8217;aprenentatge. Anirem variant el repertori, els jocs, les activitats, les danses&#8230; per mantenir sempre el punt l\u00fadic que far\u00e0 de les sessions de&nbsp;KiddyMusics&amp;Family&nbsp;un espai de diversi\u00f3 on voler tornar.<\/p><h2 class=\"wp-block-heading\"><strong>Fam\u00edlies amb nadons de 18 a 35 mesos<\/strong><\/h2><p>Els infants d\u2019edats compreses entre els 18 i els 35 mesos experimenten canvis molt significatius relacionats amb la seva autonomia. Aprenen a caminar i a coordinar millor els seus moviments, comencen a tenir m\u00e9s autonomia i creix la seva curiositat. Comencen a parlar i se\u2019ls obren nous escenaris comunicatius, fet que accelera el seu desenvolupament intel\u00b7lectual.<\/p><p>Donat que ja comencen a expressar-se amb la parla, introduirem noves can\u00e7ons, audicions actives, imaginaci\u00f3 i moviment, reconeixement d\u2019instruments i\/ o relaxaci\u00f3.<\/p><h4 class=\"wp-block-heading\"><strong>Per a qui<\/strong>?<\/h4><ul class=\"wp-block-list\"><li> Fam\u00edlies amb nens o nenes de 18 a 35 mesos<\/li><\/ul><h4 class=\"wp-block-heading\"><strong>Com<\/strong>?<\/h4><ul class=\"wp-block-list\"><li>Sessions de 50 minuts aproximadament<\/li><\/ul><h4 class=\"wp-block-heading\"><strong>A on<\/strong>?<\/h4><ul class=\"wp-block-list\"><li>A l&#8217;Auditori KiddyMusics del nostre centre <a href=\"https:\/\/www.kiddymusics.com\/centres-kiddy-music\/\">KM &#8211; Roger de Flor 291<\/a><\/li><\/ul><h4 class=\"wp-block-heading\"><strong>Inscripcions<\/strong><\/h4><ul class=\"wp-block-list\"><li>Les inscripcions es fan comprant el t\u00edquet a la <strong><a href=\"https:\/\/www.kiddymusics.com\/ca\/producte\/kmfam_18a35_131121\/\">botiga<\/a><\/strong> de KiddyMusics<\/li><li>Tamb\u00e9 pots fer-ho des de <a href=\"https:\/\/www.kiddymusics.com\/ca\/blog\/activitats\/kiddymusics-family-cat\/\">l&#8217;agenda<\/a><\/li><\/ul><p><\/p><p>Cal portar roba c\u00f2moda i mitjons antilliscants.<\/p><h2 class=\"wp-block-heading\"><strong>Fam\u00edlies amb infants de 3 a 5 anys<\/strong><\/h2><p>Els nens i nenes s\u00f3n estimulats per a la interacci\u00f3 amb companys de diferents edats: els m\u00e9s petits observen i imiten els grans i aquests guien els menuts mentre els adults tamb\u00e9 participen activament per tal de crear l&#8217;ambient d&#8217;aprenentatge i de diversi\u00f3 que les sessions aportaran.<\/p><p>Comen\u00e7arem a utilitzar t\u00e8cniques d\u2019expressi\u00f3 corporal a trav\u00e9s de la imaginaci\u00f3 i del moviment, utilitzar la can\u00e7\u00f3 com un element d\u2019expressi\u00f3 vocal i corporal acompanyats de diversos materials, aprendran a relacionar el so amb l\u2019 imatge dels instruments a trav\u00e9s del reconeixement auditiu i visual, tamb\u00e9 potenciarem la concentraci\u00f3 i la relaxaci\u00f3.<\/p><h4 class=\"wp-block-heading\"><strong>Per a qui<\/strong>?<\/h4><ul class=\"wp-block-list\"><li>Fam\u00edlies amb nens o nenes de 3 a 5 anys<\/li><\/ul><h4 class=\"wp-block-heading\"><strong>Com<\/strong><\/h4><ul class=\"wp-block-list\"><li>Sessions de 50-60 minuts<\/li><\/ul><p><\/p><h4 class=\"wp-block-heading\"><strong>A on<\/strong><\/h4><ul class=\"wp-block-list\"><li>A l&#8217;Auditori KiddyMusics del nostre centre <a href=\"https:\/\/www.kiddymusics.com\/centres-kiddy-music\/\">KM &#8211; Roger de Flor 291<\/a><\/li><\/ul><p><\/p><h4 class=\"wp-block-heading\"><strong>Inscripcions<\/strong><\/h4><ul class=\"wp-block-list\"><li>Les inscripcions es fan comprant el t\u00edquet a la <strong><a href=\"https:\/\/www.kiddymusics.com\/ca\/producte\/kmfam_3a5anys_131121\/\">botiga<\/a><\/strong> de KiddyMusics<\/li><li>Tamb\u00e9 pots fer-ho des de <a href=\"https:\/\/www.kiddymusics.com\/ca\/blog\/activitats\/kiddymusics-family-cat\/\">l&#8217;agenda<\/a><br><\/li><\/ul><p><\/p><p>Cal portar roba c\u00f2moda i mitjons antilliscants.<\/p><p><\/p>","protected":false},"excerpt":{"rendered":"<p>Compartint l\u2019alegria, les emocions i el plaer de fer m\u00fasica junts<\/p>\n","protected":false},"author":1,"featured_media":1579,"parent":0,"menu_order":8,"comment_status":"closed","ping_status":"closed","template":"embarassades.php","meta":{"_acf_changed":false,"footnotes":""},"class_list":["post-3187","page","type-page","status-publish","has-post-thumbnail","hentry"],"acf":[],"yoast_head":"<!-- This site is optimized with the Yoast SEO plugin v24.9 - https:\/\/yoast.com\/wordpress\/plugins\/seo\/ -->\n<title>KiddyMusics&amp;Family | KiddyMusics<\/title>\n<meta name=\"robots\" content=\"index, follow, max-snippet:-1, max-image-preview:large, max-video-preview:-1\" \/>\n<link rel=\"canonical\" href=\"https:\/\/www.kiddymusics.com\/ca\/kiddymusics-and-family\/\" \/>\n<meta property=\"og:locale\" content=\"ca_ES\" \/>\n<meta property=\"og:type\" content=\"article\" \/>\n<meta property=\"og:title\" content=\"KiddyMusics&amp;Family | KiddyMusics\" \/>\n<meta property=\"og:description\" content=\"Compartint l\u2019alegria, les emocions i el plaer de fer m\u00fasica junts\" \/>\n<meta property=\"og:url\" content=\"https:\/\/www.kiddymusics.com\/ca\/kiddymusics-and-family\/\" \/>\n<meta property=\"og:site_name\" content=\"KiddyMusics\" \/>\n<meta property=\"article:modified_time\" content=\"2021-10-28T11:03:30+00:00\" \/>\n<meta property=\"og:image\" content=\"https:\/\/www.kiddymusics.com\/wp-content\/uploads\/2018\/02\/musica_familia.jpg\" \/>\n\t<meta property=\"og:image:width\" content=\"1024\" \/>\n\t<meta property=\"og:image:height\" content=\"235\" \/>\n\t<meta property=\"og:image:type\" content=\"image\/jpeg\" \/>\n<meta name=\"twitter:card\" content=\"summary_large_image\" \/>\n<meta name=\"twitter:label1\" content=\"Est. reading time\" \/>\n\t<meta name=\"twitter:data1\" content=\"2 minutes\" \/>\n<script type=\"application\/ld+json\" class=\"yoast-schema-graph\">{\"@context\":\"https:\/\/schema.org\",\"@graph\":[{\"@type\":\"WebPage\",\"@id\":\"https:\/\/www.kiddymusics.com\/ca\/kiddymusics-and-family\/\",\"url\":\"https:\/\/www.kiddymusics.com\/ca\/kiddymusics-and-family\/\",\"name\":\"KiddyMusics&Family | KiddyMusics\",\"isPartOf\":{\"@id\":\"https:\/\/www.kiddymusics.com\/ca\/#website\"},\"primaryImageOfPage\":{\"@id\":\"https:\/\/www.kiddymusics.com\/ca\/kiddymusics-and-family\/#primaryimage\"},\"image\":{\"@id\":\"https:\/\/www.kiddymusics.com\/ca\/kiddymusics-and-family\/#primaryimage\"},\"thumbnailUrl\":\"https:\/\/www.kiddymusics.com\/wp-content\/uploads\/2018\/02\/musica_familia.jpg\",\"datePublished\":\"2019-12-09T17:44:39+00:00\",\"dateModified\":\"2021-10-28T11:03:30+00:00\",\"breadcrumb\":{\"@id\":\"https:\/\/www.kiddymusics.com\/ca\/kiddymusics-and-family\/#breadcrumb\"},\"inLanguage\":\"ca-ES\",\"potentialAction\":[{\"@type\":\"ReadAction\",\"target\":[\"https:\/\/www.kiddymusics.com\/ca\/kiddymusics-and-family\/\"]}]},{\"@type\":\"ImageObject\",\"inLanguage\":\"ca-ES\",\"@id\":\"https:\/\/www.kiddymusics.com\/ca\/kiddymusics-and-family\/#primaryimage\",\"url\":\"https:\/\/www.kiddymusics.com\/wp-content\/uploads\/2018\/02\/musica_familia.jpg\",\"contentUrl\":\"https:\/\/www.kiddymusics.com\/wp-content\/uploads\/2018\/02\/musica_familia.jpg\",\"width\":1024,\"height\":235,\"caption\":\"musica en familia\"},{\"@type\":\"BreadcrumbList\",\"@id\":\"https:\/\/www.kiddymusics.com\/ca\/kiddymusics-and-family\/#breadcrumb\",\"itemListElement\":[{\"@type\":\"ListItem\",\"position\":1,\"name\":\"Home\",\"item\":\"https:\/\/www.kiddymusics.com\/ca\/\"},{\"@type\":\"ListItem\",\"position\":2,\"name\":\"KiddyMusics&#038;Family\"}]},{\"@type\":\"WebSite\",\"@id\":\"https:\/\/www.kiddymusics.com\/ca\/#website\",\"url\":\"https:\/\/www.kiddymusics.com\/ca\/\",\"name\":\"KiddyMusics\",\"description\":\"Plataforma per a l\u2019Educaci\u00f3 i la Difusi\u00f3 de la M\u00fasica\",\"publisher\":{\"@id\":\"https:\/\/www.kiddymusics.com\/ca\/#organization\"},\"potentialAction\":[{\"@type\":\"SearchAction\",\"target\":{\"@type\":\"EntryPoint\",\"urlTemplate\":\"https:\/\/www.kiddymusics.com\/ca\/?s={search_term_string}\"},\"query-input\":{\"@type\":\"PropertyValueSpecification\",\"valueRequired\":true,\"valueName\":\"search_term_string\"}}],\"inLanguage\":\"ca-ES\"},{\"@type\":\"Organization\",\"@id\":\"https:\/\/www.kiddymusics.com\/ca\/#organization\",\"name\":\"KiddyMusics\",\"url\":\"https:\/\/www.kiddymusics.com\/ca\/\",\"logo\":{\"@type\":\"ImageObject\",\"inLanguage\":\"ca-ES\",\"@id\":\"https:\/\/www.kiddymusics.com\/ca\/#\/schema\/logo\/image\/\",\"url\":\"https:\/\/www.kiddymusics.com\/wp-content\/uploads\/2019\/12\/cropped-KM-logo-235.png\",\"contentUrl\":\"https:\/\/www.kiddymusics.com\/wp-content\/uploads\/2019\/12\/cropped-KM-logo-235.png\",\"width\":250,\"height\":250,\"caption\":\"KiddyMusics\"},\"image\":{\"@id\":\"https:\/\/www.kiddymusics.com\/ca\/#\/schema\/logo\/image\/\"}}]}<\/script>\n<!-- \/ Yoast SEO plugin. -->","yoast_head_json":{"title":"KiddyMusics&Family | KiddyMusics","robots":{"index":"index","follow":"follow","max-snippet":"max-snippet:-1","max-image-preview":"max-image-preview:large","max-video-preview":"max-video-preview:-1"},"canonical":"https:\/\/www.kiddymusics.com\/ca\/kiddymusics-and-family\/","og_locale":"ca_ES","og_type":"article","og_title":"KiddyMusics&Family | KiddyMusics","og_description":"Compartint l\u2019alegria, les emocions i el plaer de fer m\u00fasica junts","og_url":"https:\/\/www.kiddymusics.com\/ca\/kiddymusics-and-family\/","og_site_name":"KiddyMusics","article_modified_time":"2021-10-28T11:03:30+00:00","og_image":[{"width":1024,"height":235,"url":"https:\/\/www.kiddymusics.com\/wp-content\/uploads\/2018\/02\/musica_familia.jpg","type":"image\/jpeg"}],"twitter_card":"summary_large_image","twitter_misc":{"Est. reading time":"2 minutes"},"schema":{"@context":"https:\/\/schema.org","@graph":[{"@type":"WebPage","@id":"https:\/\/www.kiddymusics.com\/ca\/kiddymusics-and-family\/","url":"https:\/\/www.kiddymusics.com\/ca\/kiddymusics-and-family\/","name":"KiddyMusics&Family | KiddyMusics","isPartOf":{"@id":"https:\/\/www.kiddymusics.com\/ca\/#website"},"primaryImageOfPage":{"@id":"https:\/\/www.kiddymusics.com\/ca\/kiddymusics-and-family\/#primaryimage"},"image":{"@id":"https:\/\/www.kiddymusics.com\/ca\/kiddymusics-and-family\/#primaryimage"},"thumbnailUrl":"https:\/\/www.kiddymusics.com\/wp-content\/uploads\/2018\/02\/musica_familia.jpg","datePublished":"2019-12-09T17:44:39+00:00","dateModified":"2021-10-28T11:03:30+00:00","breadcrumb":{"@id":"https:\/\/www.kiddymusics.com\/ca\/kiddymusics-and-family\/#breadcrumb"},"inLanguage":"ca-ES","potentialAction":[{"@type":"ReadAction","target":["https:\/\/www.kiddymusics.com\/ca\/kiddymusics-and-family\/"]}]},{"@type":"ImageObject","inLanguage":"ca-ES","@id":"https:\/\/www.kiddymusics.com\/ca\/kiddymusics-and-family\/#primaryimage","url":"https:\/\/www.kiddymusics.com\/wp-content\/uploads\/2018\/02\/musica_familia.jpg","contentUrl":"https:\/\/www.kiddymusics.com\/wp-content\/uploads\/2018\/02\/musica_familia.jpg","width":1024,"height":235,"caption":"musica en familia"},{"@type":"BreadcrumbList","@id":"https:\/\/www.kiddymusics.com\/ca\/kiddymusics-and-family\/#breadcrumb","itemListElement":[{"@type":"ListItem","position":1,"name":"Home","item":"https:\/\/www.kiddymusics.com\/ca\/"},{"@type":"ListItem","position":2,"name":"KiddyMusics&#038;Family"}]},{"@type":"WebSite","@id":"https:\/\/www.kiddymusics.com\/ca\/#website","url":"https:\/\/www.kiddymusics.com\/ca\/","name":"KiddyMusics","description":"Plataforma per a l\u2019Educaci\u00f3 i la Difusi\u00f3 de la M\u00fasica","publisher":{"@id":"https:\/\/www.kiddymusics.com\/ca\/#organization"},"potentialAction":[{"@type":"SearchAction","target":{"@type":"EntryPoint","urlTemplate":"https:\/\/www.kiddymusics.com\/ca\/?s={search_term_string}"},"query-input":{"@type":"PropertyValueSpecification","valueRequired":true,"valueName":"search_term_string"}}],"inLanguage":"ca-ES"},{"@type":"Organization","@id":"https:\/\/www.kiddymusics.com\/ca\/#organization","name":"KiddyMusics","url":"https:\/\/www.kiddymusics.com\/ca\/","logo":{"@type":"ImageObject","inLanguage":"ca-ES","@id":"https:\/\/www.kiddymusics.com\/ca\/#\/schema\/logo\/image\/","url":"https:\/\/www.kiddymusics.com\/wp-content\/uploads\/2019\/12\/cropped-KM-logo-235.png","contentUrl":"https:\/\/www.kiddymusics.com\/wp-content\/uploads\/2019\/12\/cropped-KM-logo-235.png","width":250,"height":250,"caption":"KiddyMusics"},"image":{"@id":"https:\/\/www.kiddymusics.com\/ca\/#\/schema\/logo\/image\/"}}]}},"_links":{"self":[{"href":"https:\/\/www.kiddymusics.com\/ca\/wp-json\/wp\/v2\/pages\/3187","targetHints":{"allow":["GET"]}}],"collection":[{"href":"https:\/\/www.kiddymusics.com\/ca\/wp-json\/wp\/v2\/pages"}],"about":[{"href":"https:\/\/www.kiddymusics.com\/ca\/wp-json\/wp\/v2\/types\/page"}],"author":[{"embeddable":true,"href":"https:\/\/www.kiddymusics.com\/ca\/wp-json\/wp\/v2\/users\/1"}],"replies":[{"embeddable":true,"href":"https:\/\/www.kiddymusics.com\/ca\/wp-json\/wp\/v2\/comments?post=3187"}],"version-history":[{"count":28,"href":"https:\/\/www.kiddymusics.com\/ca\/wp-json\/wp\/v2\/pages\/3187\/revisions"}],"predecessor-version":[{"id":5993,"href":"https:\/\/www.kiddymusics.com\/ca\/wp-json\/wp\/v2\/pages\/3187\/revisions\/5993"}],"wp:featuredmedia":[{"embeddable":true,"href":"https:\/\/www.kiddymusics.com\/ca\/wp-json\/wp\/v2\/media\/1579"}],"wp:attachment":[{"href":"https:\/\/www.kiddymusics.com\/ca\/wp-json\/wp\/v2\/media?parent=3187"}],"curies":[{"name":"wp","href":"https:\/\/api.w.org\/{rel}","templated":true}]}}