{"id":293,"date":"2018-01-03T08:01:10","date_gmt":"2018-01-03T08:01:10","guid":{"rendered":"https:\/\/www.kiddymusics.com\/embarassades-2\/"},"modified":"2021-05-18T08:21:37","modified_gmt":"2021-05-18T06:21:37","slug":"activitat-escoles-ampas","status":"publish","type":"page","link":"https:\/\/www.kiddymusics.com\/ca\/activitat-escoles-ampas\/","title":{"rendered":"Activitat Escoles &#038; Ampa\u2019s"},"content":{"rendered":"<h2>KiddyMusics a la teva escola<\/h2>\n<h3><strong>En qu\u00e8 consisteix el programa KiddyMusics a l\u2019escola?<\/strong><\/h3>\n<p>KiddyMusics a l\u2019escola d\u00f3na la possibilitat als centres educatius de dur a terme les activitats, en horaris lectius o b\u00e9 extraescolars, basades en el programa KiddyMusics, una classe setmanal enginyosament concebuda amb can\u00e7ons, treballs r\u00edtmics, activitats i grups instrumentals. El nostre programa es basa en focalitzar i refor\u00e7ar 5 conceptes principals:<\/p>\n<div class=\"benefit_sec\">\n<ul>\n<li><img decoding=\"async\" src=\"https:\/\/www.kiddymusics.com\/wp-content\/uploads\/2018\/02\/kiddy_icn4.jpg\" \/>alfabetitzaci\u00f3 musical<\/li>\n<li><img decoding=\"async\" src=\"https:\/\/www.kiddymusics.com\/wp-content\/uploads\/2018\/03\/abc.png\" alt=\"&quot;\/\" \/>llenguatge i alfabetitzaci\u00f3 general<\/li>\n<li><img decoding=\"async\" src=\"https:\/\/www.kiddymusics.com\/wp-content\/uploads\/2018\/02\/kiddy_icn2.jpg\" \/>desenvolupament emocional<\/li>\n<li><img decoding=\"async\" src=\"https:\/\/www.kiddymusics.com\/wp-content\/uploads\/2018\/03\/dialeg-1.png\" alt=\"&quot;\" \/>\u00a0desenvolupament social<\/li>\n<li><img decoding=\"async\" src=\"https:\/\/www.kiddymusics.com\/wp-content\/uploads\/2018\/03\/conexio.png\" alt=\"&quot;\/\" \/>desenvolupament f\u00edsic i motor<\/li>\n<\/ul>\n<p>KiddyMusics\u00a0amb la seva \u00e0mplia experi\u00e8ncia, ofereix activitats extraescolars relacionades amb la formaci\u00f3 musical, dissenyant els continguts pedag\u00f2gics adients per a cada edat i nivell, sense oblidar les propostes l\u00fadiques i participatives.L\u2019objectiu principal de la formaci\u00f3 musical \u00e9s millorar la capacitat d\u2019aprenentatge, el desenvolupament mental i motriu, la concentraci\u00f3, la sensibilitzaci\u00f3 i la mem\u00f2ria.<br \/>\nSabem que amb la m\u00fasica tamb\u00e9 es millora en altres aspectes com ara: la sociabilitzaci\u00f3, la creativitat, l\u2019espontane\u00eftat, la seguretat, l\u2019atenci\u00f3 i l\u2019orientaci\u00f3 espai-temps. KiddyMusics\u00a0crea l\u2019\u00e0mbit educatiu i l\u00fadic adient per ajudar a aconseguir la harmonitzaci\u00f3 de totes les facultats humanes en la capacitat expressiva, corporal, f\u00edsica i ps\u00edquica.<\/p>\n<\/div>\n<h3><strong>En qu\u00e8 consisteix el programa KiddyMusics a l\u2019escola?<\/strong><\/h3>\n<h3>INFANTIL I PRIM\u00c0RIA &#8211; Programes KiddyMusics<\/h3>\n<div class=\"benefit_sec\">\n<p><img loading=\"lazy\" decoding=\"async\" class=\"aligncenter size-full wp-image-1636\" src=\"https:\/\/www.kiddymusics.com\/wp-content\/uploads\/2018\/02\/taula1_ampa.jpg\" alt=\"cursos de musica per a escoles\" width=\"704\" height=\"765\" srcset=\"https:\/\/www.kiddymusics.com\/wp-content\/uploads\/2018\/02\/taula1_ampa.jpg 704w, https:\/\/www.kiddymusics.com\/wp-content\/uploads\/2018\/02\/taula1_ampa-300x326.jpg 300w, https:\/\/www.kiddymusics.com\/wp-content\/uploads\/2018\/02\/taula1_ampa-276x300.jpg 276w\" sizes=\"auto, (max-width: 704px) 100vw, 704px\" \/><\/p>\n<h3>PRIM\u00c0RIA &#8211; TEATRE MUSICAL<\/h3>\n<p><img loading=\"lazy\" decoding=\"async\" class=\"aligncenter size-full wp-image-1637\" src=\"https:\/\/www.kiddymusics.com\/wp-content\/uploads\/2018\/02\/taula2_ampa.jpg\" alt=\"cursos de musica per a primaria\" width=\"700\" height=\"557\" srcset=\"https:\/\/www.kiddymusics.com\/wp-content\/uploads\/2018\/02\/taula2_ampa.jpg 700w, https:\/\/www.kiddymusics.com\/wp-content\/uploads\/2018\/02\/taula2_ampa-300x239.jpg 300w\" sizes=\"auto, (max-width: 700px) 100vw, 700px\" \/><\/p>\n<\/div>\n","protected":false},"excerpt":{"rendered":"<p>Enriquint el teu projecte curricular<\/p>\n","protected":false},"author":1,"featured_media":1608,"parent":0,"menu_order":56,"comment_status":"closed","ping_status":"closed","template":"embarassades.php","meta":{"_acf_changed":false,"footnotes":""},"class_list":["post-293","page","type-page","status-publish","has-post-thumbnail","hentry"],"acf":[],"yoast_head":"<!-- This site is optimized with the Yoast SEO plugin v24.9 - https:\/\/yoast.com\/wordpress\/plugins\/seo\/ -->\n<title>Activitat Escoles &amp; Ampa\u2019s | KiddyMusics<\/title>\n<meta name=\"robots\" content=\"index, follow, max-snippet:-1, max-image-preview:large, max-video-preview:-1\" \/>\n<link rel=\"canonical\" href=\"https:\/\/www.kiddymusics.com\/ca\/activitat-escoles-ampas\/\" \/>\n<meta property=\"og:locale\" content=\"ca_ES\" \/>\n<meta property=\"og:type\" content=\"article\" \/>\n<meta property=\"og:title\" content=\"Activitat Escoles &amp; Ampa\u2019s | KiddyMusics\" \/>\n<meta property=\"og:description\" content=\"Enriquint el teu projecte curricular\" \/>\n<meta property=\"og:url\" content=\"https:\/\/www.kiddymusics.com\/ca\/activitat-escoles-ampas\/\" \/>\n<meta property=\"og:site_name\" content=\"KiddyMusics\" \/>\n<meta property=\"article:modified_time\" content=\"2021-05-18T06:21:37+00:00\" \/>\n<meta property=\"og:image\" content=\"https:\/\/www.kiddymusics.com\/wp-content\/uploads\/2018\/02\/header_440x1920_ensenya_escoles.jpg\" \/>\n\t<meta property=\"og:image:width\" content=\"1920\" \/>\n\t<meta property=\"og:image:height\" content=\"440\" \/>\n\t<meta property=\"og:image:type\" content=\"image\/jpeg\" \/>\n<meta name=\"twitter:card\" content=\"summary_large_image\" \/>\n<meta name=\"twitter:label1\" content=\"Est. reading time\" \/>\n\t<meta name=\"twitter:data1\" content=\"3 minutes\" \/>\n<script type=\"application\/ld+json\" class=\"yoast-schema-graph\">{\"@context\":\"https:\/\/schema.org\",\"@graph\":[{\"@type\":\"WebPage\",\"@id\":\"https:\/\/www.kiddymusics.com\/ca\/activitat-escoles-ampas\/\",\"url\":\"https:\/\/www.kiddymusics.com\/ca\/activitat-escoles-ampas\/\",\"name\":\"Activitat Escoles & Ampa\u2019s | KiddyMusics\",\"isPartOf\":{\"@id\":\"https:\/\/www.kiddymusics.com\/ca\/#website\"},\"primaryImageOfPage\":{\"@id\":\"https:\/\/www.kiddymusics.com\/ca\/activitat-escoles-ampas\/#primaryimage\"},\"image\":{\"@id\":\"https:\/\/www.kiddymusics.com\/ca\/activitat-escoles-ampas\/#primaryimage\"},\"thumbnailUrl\":\"https:\/\/www.kiddymusics.com\/wp-content\/uploads\/2018\/02\/header_440x1920_ensenya_escoles.jpg\",\"datePublished\":\"2018-01-03T08:01:10+00:00\",\"dateModified\":\"2021-05-18T06:21:37+00:00\",\"breadcrumb\":{\"@id\":\"https:\/\/www.kiddymusics.com\/ca\/activitat-escoles-ampas\/#breadcrumb\"},\"inLanguage\":\"ca-ES\",\"potentialAction\":[{\"@type\":\"ReadAction\",\"target\":[\"https:\/\/www.kiddymusics.com\/ca\/activitat-escoles-ampas\/\"]}]},{\"@type\":\"ImageObject\",\"inLanguage\":\"ca-ES\",\"@id\":\"https:\/\/www.kiddymusics.com\/ca\/activitat-escoles-ampas\/#primaryimage\",\"url\":\"https:\/\/www.kiddymusics.com\/wp-content\/uploads\/2018\/02\/header_440x1920_ensenya_escoles.jpg\",\"contentUrl\":\"https:\/\/www.kiddymusics.com\/wp-content\/uploads\/2018\/02\/header_440x1920_ensenya_escoles.jpg\",\"width\":1920,\"height\":440,\"caption\":\"musica per escola i ampas\"},{\"@type\":\"BreadcrumbList\",\"@id\":\"https:\/\/www.kiddymusics.com\/ca\/activitat-escoles-ampas\/#breadcrumb\",\"itemListElement\":[{\"@type\":\"ListItem\",\"position\":1,\"name\":\"Home\",\"item\":\"https:\/\/www.kiddymusics.com\/ca\/\"},{\"@type\":\"ListItem\",\"position\":2,\"name\":\"Activitat Escoles &#038; Ampa\u2019s\"}]},{\"@type\":\"WebSite\",\"@id\":\"https:\/\/www.kiddymusics.com\/ca\/#website\",\"url\":\"https:\/\/www.kiddymusics.com\/ca\/\",\"name\":\"KiddyMusics\",\"description\":\"Plataforma per a l\u2019Educaci\u00f3 i la Difusi\u00f3 de la M\u00fasica\",\"publisher\":{\"@id\":\"https:\/\/www.kiddymusics.com\/ca\/#organization\"},\"potentialAction\":[{\"@type\":\"SearchAction\",\"target\":{\"@type\":\"EntryPoint\",\"urlTemplate\":\"https:\/\/www.kiddymusics.com\/ca\/?s={search_term_string}\"},\"query-input\":{\"@type\":\"PropertyValueSpecification\",\"valueRequired\":true,\"valueName\":\"search_term_string\"}}],\"inLanguage\":\"ca-ES\"},{\"@type\":\"Organization\",\"@id\":\"https:\/\/www.kiddymusics.com\/ca\/#organization\",\"name\":\"KiddyMusics\",\"url\":\"https:\/\/www.kiddymusics.com\/ca\/\",\"logo\":{\"@type\":\"ImageObject\",\"inLanguage\":\"ca-ES\",\"@id\":\"https:\/\/www.kiddymusics.com\/ca\/#\/schema\/logo\/image\/\",\"url\":\"https:\/\/www.kiddymusics.com\/wp-content\/uploads\/2019\/12\/cropped-KM-logo-235.png\",\"contentUrl\":\"https:\/\/www.kiddymusics.com\/wp-content\/uploads\/2019\/12\/cropped-KM-logo-235.png\",\"width\":250,\"height\":250,\"caption\":\"KiddyMusics\"},\"image\":{\"@id\":\"https:\/\/www.kiddymusics.com\/ca\/#\/schema\/logo\/image\/\"}}]}<\/script>\n<!-- \/ Yoast SEO plugin. -->","yoast_head_json":{"title":"Activitat Escoles & Ampa\u2019s | KiddyMusics","robots":{"index":"index","follow":"follow","max-snippet":"max-snippet:-1","max-image-preview":"max-image-preview:large","max-video-preview":"max-video-preview:-1"},"canonical":"https:\/\/www.kiddymusics.com\/ca\/activitat-escoles-ampas\/","og_locale":"ca_ES","og_type":"article","og_title":"Activitat Escoles & Ampa\u2019s | KiddyMusics","og_description":"Enriquint el teu projecte curricular","og_url":"https:\/\/www.kiddymusics.com\/ca\/activitat-escoles-ampas\/","og_site_name":"KiddyMusics","article_modified_time":"2021-05-18T06:21:37+00:00","og_image":[{"width":1920,"height":440,"url":"https:\/\/www.kiddymusics.com\/wp-content\/uploads\/2018\/02\/header_440x1920_ensenya_escoles.jpg","type":"image\/jpeg"}],"twitter_card":"summary_large_image","twitter_misc":{"Est. reading time":"3 minutes"},"schema":{"@context":"https:\/\/schema.org","@graph":[{"@type":"WebPage","@id":"https:\/\/www.kiddymusics.com\/ca\/activitat-escoles-ampas\/","url":"https:\/\/www.kiddymusics.com\/ca\/activitat-escoles-ampas\/","name":"Activitat Escoles & Ampa\u2019s | KiddyMusics","isPartOf":{"@id":"https:\/\/www.kiddymusics.com\/ca\/#website"},"primaryImageOfPage":{"@id":"https:\/\/www.kiddymusics.com\/ca\/activitat-escoles-ampas\/#primaryimage"},"image":{"@id":"https:\/\/www.kiddymusics.com\/ca\/activitat-escoles-ampas\/#primaryimage"},"thumbnailUrl":"https:\/\/www.kiddymusics.com\/wp-content\/uploads\/2018\/02\/header_440x1920_ensenya_escoles.jpg","datePublished":"2018-01-03T08:01:10+00:00","dateModified":"2021-05-18T06:21:37+00:00","breadcrumb":{"@id":"https:\/\/www.kiddymusics.com\/ca\/activitat-escoles-ampas\/#breadcrumb"},"inLanguage":"ca-ES","potentialAction":[{"@type":"ReadAction","target":["https:\/\/www.kiddymusics.com\/ca\/activitat-escoles-ampas\/"]}]},{"@type":"ImageObject","inLanguage":"ca-ES","@id":"https:\/\/www.kiddymusics.com\/ca\/activitat-escoles-ampas\/#primaryimage","url":"https:\/\/www.kiddymusics.com\/wp-content\/uploads\/2018\/02\/header_440x1920_ensenya_escoles.jpg","contentUrl":"https:\/\/www.kiddymusics.com\/wp-content\/uploads\/2018\/02\/header_440x1920_ensenya_escoles.jpg","width":1920,"height":440,"caption":"musica per escola i ampas"},{"@type":"BreadcrumbList","@id":"https:\/\/www.kiddymusics.com\/ca\/activitat-escoles-ampas\/#breadcrumb","itemListElement":[{"@type":"ListItem","position":1,"name":"Home","item":"https:\/\/www.kiddymusics.com\/ca\/"},{"@type":"ListItem","position":2,"name":"Activitat Escoles &#038; Ampa\u2019s"}]},{"@type":"WebSite","@id":"https:\/\/www.kiddymusics.com\/ca\/#website","url":"https:\/\/www.kiddymusics.com\/ca\/","name":"KiddyMusics","description":"Plataforma per a l\u2019Educaci\u00f3 i la Difusi\u00f3 de la M\u00fasica","publisher":{"@id":"https:\/\/www.kiddymusics.com\/ca\/#organization"},"potentialAction":[{"@type":"SearchAction","target":{"@type":"EntryPoint","urlTemplate":"https:\/\/www.kiddymusics.com\/ca\/?s={search_term_string}"},"query-input":{"@type":"PropertyValueSpecification","valueRequired":true,"valueName":"search_term_string"}}],"inLanguage":"ca-ES"},{"@type":"Organization","@id":"https:\/\/www.kiddymusics.com\/ca\/#organization","name":"KiddyMusics","url":"https:\/\/www.kiddymusics.com\/ca\/","logo":{"@type":"ImageObject","inLanguage":"ca-ES","@id":"https:\/\/www.kiddymusics.com\/ca\/#\/schema\/logo\/image\/","url":"https:\/\/www.kiddymusics.com\/wp-content\/uploads\/2019\/12\/cropped-KM-logo-235.png","contentUrl":"https:\/\/www.kiddymusics.com\/wp-content\/uploads\/2019\/12\/cropped-KM-logo-235.png","width":250,"height":250,"caption":"KiddyMusics"},"image":{"@id":"https:\/\/www.kiddymusics.com\/ca\/#\/schema\/logo\/image\/"}}]}},"_links":{"self":[{"href":"https:\/\/www.kiddymusics.com\/ca\/wp-json\/wp\/v2\/pages\/293","targetHints":{"allow":["GET"]}}],"collection":[{"href":"https:\/\/www.kiddymusics.com\/ca\/wp-json\/wp\/v2\/pages"}],"about":[{"href":"https:\/\/www.kiddymusics.com\/ca\/wp-json\/wp\/v2\/types\/page"}],"author":[{"embeddable":true,"href":"https:\/\/www.kiddymusics.com\/ca\/wp-json\/wp\/v2\/users\/1"}],"replies":[{"embeddable":true,"href":"https:\/\/www.kiddymusics.com\/ca\/wp-json\/wp\/v2\/comments?post=293"}],"version-history":[{"count":94,"href":"https:\/\/www.kiddymusics.com\/ca\/wp-json\/wp\/v2\/pages\/293\/revisions"}],"predecessor-version":[{"id":5467,"href":"https:\/\/www.kiddymusics.com\/ca\/wp-json\/wp\/v2\/pages\/293\/revisions\/5467"}],"wp:featuredmedia":[{"embeddable":true,"href":"https:\/\/www.kiddymusics.com\/ca\/wp-json\/wp\/v2\/media\/1608"}],"wp:attachment":[{"href":"https:\/\/www.kiddymusics.com\/ca\/wp-json\/wp\/v2\/media?parent=293"}],"curies":[{"name":"wp","href":"https:\/\/api.w.org\/{rel}","templated":true}]}}