{"id":2926,"date":"2019-11-08T10:18:30","date_gmt":"2019-11-08T09:18:30","guid":{"rendered":"https:\/\/www.kiddymusics.com\/?page_id=2926"},"modified":"2021-06-08T11:28:49","modified_gmt":"2021-06-08T09:28:49","slug":"produccio-i-management","status":"publish","type":"page","link":"https:\/\/www.kiddymusics.com\/ca\/espectacles\/produccio-i-management\/","title":{"rendered":"Producci\u00f3 i Management"},"content":{"rendered":"<h4 class=\"wp-block-heading\">Selecciona la ciutat i l\u2019idioma que t\u2019interessi per veure els espectacles disponibles.<\/h4>","protected":false},"excerpt":{"rendered":"<h3>Producci\u00f3 i Management<\/h3>\n<p>Espectacles<\/p>\n","protected":false},"author":1,"featured_media":2929,"parent":69,"menu_order":65,"comment_status":"closed","ping_status":"closed","template":"espectacles-produccio-i-management.php","meta":{"_acf_changed":false,"footnotes":""},"class_list":["post-2926","page","type-page","status-publish","has-post-thumbnail","hentry"],"acf":[],"yoast_head":"<!-- This site is optimized with the Yoast SEO plugin v24.9 - https:\/\/yoast.com\/wordpress\/plugins\/seo\/ -->\n<title>Producci\u00f3 i Management | KiddyMusics<\/title>\n<meta name=\"robots\" content=\"index, follow, max-snippet:-1, max-image-preview:large, max-video-preview:-1\" \/>\n<link rel=\"canonical\" href=\"https:\/\/www.kiddymusics.com\/ca\/espectacles\/produccio-i-management\/\" \/>\n<meta property=\"og:locale\" content=\"ca_ES\" \/>\n<meta property=\"og:type\" content=\"article\" \/>\n<meta property=\"og:title\" content=\"Producci\u00f3 i Management | KiddyMusics\" \/>\n<meta property=\"og:description\" content=\"Producci\u00f3 i Management Espectacles\" \/>\n<meta property=\"og:url\" content=\"https:\/\/www.kiddymusics.com\/ca\/espectacles\/produccio-i-management\/\" \/>\n<meta property=\"og:site_name\" content=\"KiddyMusics\" \/>\n<meta property=\"article:modified_time\" content=\"2021-06-08T09:28:49+00:00\" \/>\n<meta property=\"og:image\" content=\"https:\/\/www.kiddymusics.com\/wp-content\/uploads\/2019\/11\/header_440x1920_espectacles2-1024x235-1-1.jpg\" \/>\n\t<meta property=\"og:image:width\" content=\"1024\" \/>\n\t<meta property=\"og:image:height\" content=\"235\" \/>\n\t<meta property=\"og:image:type\" content=\"image\/jpeg\" \/>\n<meta name=\"twitter:card\" content=\"summary_large_image\" \/>\n<meta name=\"twitter:label1\" content=\"Est. reading time\" \/>\n\t<meta name=\"twitter:data1\" content=\"1 minute\" \/>\n<script type=\"application\/ld+json\" class=\"yoast-schema-graph\">{\"@context\":\"https:\/\/schema.org\",\"@graph\":[{\"@type\":\"WebPage\",\"@id\":\"https:\/\/www.kiddymusics.com\/ca\/espectacles\/produccio-i-management\/\",\"url\":\"https:\/\/www.kiddymusics.com\/ca\/espectacles\/produccio-i-management\/\",\"name\":\"Producci\u00f3 i Management | KiddyMusics\",\"isPartOf\":{\"@id\":\"https:\/\/www.kiddymusics.com\/ca\/#website\"},\"primaryImageOfPage\":{\"@id\":\"https:\/\/www.kiddymusics.com\/ca\/espectacles\/produccio-i-management\/#primaryimage\"},\"image\":{\"@id\":\"https:\/\/www.kiddymusics.com\/ca\/espectacles\/produccio-i-management\/#primaryimage\"},\"thumbnailUrl\":\"https:\/\/www.kiddymusics.com\/wp-content\/uploads\/2019\/11\/header_440x1920_espectacles2-1024x235-1-1.jpg\",\"datePublished\":\"2019-11-08T09:18:30+00:00\",\"dateModified\":\"2021-06-08T09:28:49+00:00\",\"breadcrumb\":{\"@id\":\"https:\/\/www.kiddymusics.com\/ca\/espectacles\/produccio-i-management\/#breadcrumb\"},\"inLanguage\":\"ca-ES\",\"potentialAction\":[{\"@type\":\"ReadAction\",\"target\":[\"https:\/\/www.kiddymusics.com\/ca\/espectacles\/produccio-i-management\/\"]}]},{\"@type\":\"ImageObject\",\"inLanguage\":\"ca-ES\",\"@id\":\"https:\/\/www.kiddymusics.com\/ca\/espectacles\/produccio-i-management\/#primaryimage\",\"url\":\"https:\/\/www.kiddymusics.com\/wp-content\/uploads\/2019\/11\/header_440x1920_espectacles2-1024x235-1-1.jpg\",\"contentUrl\":\"https:\/\/www.kiddymusics.com\/wp-content\/uploads\/2019\/11\/header_440x1920_espectacles2-1024x235-1-1.jpg\",\"width\":1024,\"height\":235},{\"@type\":\"BreadcrumbList\",\"@id\":\"https:\/\/www.kiddymusics.com\/ca\/espectacles\/produccio-i-management\/#breadcrumb\",\"itemListElement\":[{\"@type\":\"ListItem\",\"position\":1,\"name\":\"Home\",\"item\":\"https:\/\/www.kiddymusics.com\/ca\/\"},{\"@type\":\"ListItem\",\"position\":2,\"name\":\"Espectacles Factoria KM\",\"item\":\"https:\/\/www.kiddymusics.com\/ca\/espectacles\/\"},{\"@type\":\"ListItem\",\"position\":3,\"name\":\"Producci\u00f3 i Management\"}]},{\"@type\":\"WebSite\",\"@id\":\"https:\/\/www.kiddymusics.com\/ca\/#website\",\"url\":\"https:\/\/www.kiddymusics.com\/ca\/\",\"name\":\"KiddyMusics\",\"description\":\"Plataforma per a l\u2019Educaci\u00f3 i la Difusi\u00f3 de la M\u00fasica\",\"publisher\":{\"@id\":\"https:\/\/www.kiddymusics.com\/ca\/#organization\"},\"potentialAction\":[{\"@type\":\"SearchAction\",\"target\":{\"@type\":\"EntryPoint\",\"urlTemplate\":\"https:\/\/www.kiddymusics.com\/ca\/?s={search_term_string}\"},\"query-input\":{\"@type\":\"PropertyValueSpecification\",\"valueRequired\":true,\"valueName\":\"search_term_string\"}}],\"inLanguage\":\"ca-ES\"},{\"@type\":\"Organization\",\"@id\":\"https:\/\/www.kiddymusics.com\/ca\/#organization\",\"name\":\"KiddyMusics\",\"url\":\"https:\/\/www.kiddymusics.com\/ca\/\",\"logo\":{\"@type\":\"ImageObject\",\"inLanguage\":\"ca-ES\",\"@id\":\"https:\/\/www.kiddymusics.com\/ca\/#\/schema\/logo\/image\/\",\"url\":\"https:\/\/www.kiddymusics.com\/wp-content\/uploads\/2019\/12\/cropped-KM-logo-235.png\",\"contentUrl\":\"https:\/\/www.kiddymusics.com\/wp-content\/uploads\/2019\/12\/cropped-KM-logo-235.png\",\"width\":250,\"height\":250,\"caption\":\"KiddyMusics\"},\"image\":{\"@id\":\"https:\/\/www.kiddymusics.com\/ca\/#\/schema\/logo\/image\/\"}}]}<\/script>\n<!-- \/ Yoast SEO plugin. -->","yoast_head_json":{"title":"Producci\u00f3 i Management | KiddyMusics","robots":{"index":"index","follow":"follow","max-snippet":"max-snippet:-1","max-image-preview":"max-image-preview:large","max-video-preview":"max-video-preview:-1"},"canonical":"https:\/\/www.kiddymusics.com\/ca\/espectacles\/produccio-i-management\/","og_locale":"ca_ES","og_type":"article","og_title":"Producci\u00f3 i Management | KiddyMusics","og_description":"Producci\u00f3 i Management Espectacles","og_url":"https:\/\/www.kiddymusics.com\/ca\/espectacles\/produccio-i-management\/","og_site_name":"KiddyMusics","article_modified_time":"2021-06-08T09:28:49+00:00","og_image":[{"width":1024,"height":235,"url":"https:\/\/www.kiddymusics.com\/wp-content\/uploads\/2019\/11\/header_440x1920_espectacles2-1024x235-1-1.jpg","type":"image\/jpeg"}],"twitter_card":"summary_large_image","twitter_misc":{"Est. reading time":"1 minute"},"schema":{"@context":"https:\/\/schema.org","@graph":[{"@type":"WebPage","@id":"https:\/\/www.kiddymusics.com\/ca\/espectacles\/produccio-i-management\/","url":"https:\/\/www.kiddymusics.com\/ca\/espectacles\/produccio-i-management\/","name":"Producci\u00f3 i Management | KiddyMusics","isPartOf":{"@id":"https:\/\/www.kiddymusics.com\/ca\/#website"},"primaryImageOfPage":{"@id":"https:\/\/www.kiddymusics.com\/ca\/espectacles\/produccio-i-management\/#primaryimage"},"image":{"@id":"https:\/\/www.kiddymusics.com\/ca\/espectacles\/produccio-i-management\/#primaryimage"},"thumbnailUrl":"https:\/\/www.kiddymusics.com\/wp-content\/uploads\/2019\/11\/header_440x1920_espectacles2-1024x235-1-1.jpg","datePublished":"2019-11-08T09:18:30+00:00","dateModified":"2021-06-08T09:28:49+00:00","breadcrumb":{"@id":"https:\/\/www.kiddymusics.com\/ca\/espectacles\/produccio-i-management\/#breadcrumb"},"inLanguage":"ca-ES","potentialAction":[{"@type":"ReadAction","target":["https:\/\/www.kiddymusics.com\/ca\/espectacles\/produccio-i-management\/"]}]},{"@type":"ImageObject","inLanguage":"ca-ES","@id":"https:\/\/www.kiddymusics.com\/ca\/espectacles\/produccio-i-management\/#primaryimage","url":"https:\/\/www.kiddymusics.com\/wp-content\/uploads\/2019\/11\/header_440x1920_espectacles2-1024x235-1-1.jpg","contentUrl":"https:\/\/www.kiddymusics.com\/wp-content\/uploads\/2019\/11\/header_440x1920_espectacles2-1024x235-1-1.jpg","width":1024,"height":235},{"@type":"BreadcrumbList","@id":"https:\/\/www.kiddymusics.com\/ca\/espectacles\/produccio-i-management\/#breadcrumb","itemListElement":[{"@type":"ListItem","position":1,"name":"Home","item":"https:\/\/www.kiddymusics.com\/ca\/"},{"@type":"ListItem","position":2,"name":"Espectacles Factoria KM","item":"https:\/\/www.kiddymusics.com\/ca\/espectacles\/"},{"@type":"ListItem","position":3,"name":"Producci\u00f3 i Management"}]},{"@type":"WebSite","@id":"https:\/\/www.kiddymusics.com\/ca\/#website","url":"https:\/\/www.kiddymusics.com\/ca\/","name":"KiddyMusics","description":"Plataforma per a l\u2019Educaci\u00f3 i la Difusi\u00f3 de la M\u00fasica","publisher":{"@id":"https:\/\/www.kiddymusics.com\/ca\/#organization"},"potentialAction":[{"@type":"SearchAction","target":{"@type":"EntryPoint","urlTemplate":"https:\/\/www.kiddymusics.com\/ca\/?s={search_term_string}"},"query-input":{"@type":"PropertyValueSpecification","valueRequired":true,"valueName":"search_term_string"}}],"inLanguage":"ca-ES"},{"@type":"Organization","@id":"https:\/\/www.kiddymusics.com\/ca\/#organization","name":"KiddyMusics","url":"https:\/\/www.kiddymusics.com\/ca\/","logo":{"@type":"ImageObject","inLanguage":"ca-ES","@id":"https:\/\/www.kiddymusics.com\/ca\/#\/schema\/logo\/image\/","url":"https:\/\/www.kiddymusics.com\/wp-content\/uploads\/2019\/12\/cropped-KM-logo-235.png","contentUrl":"https:\/\/www.kiddymusics.com\/wp-content\/uploads\/2019\/12\/cropped-KM-logo-235.png","width":250,"height":250,"caption":"KiddyMusics"},"image":{"@id":"https:\/\/www.kiddymusics.com\/ca\/#\/schema\/logo\/image\/"}}]}},"_links":{"self":[{"href":"https:\/\/www.kiddymusics.com\/ca\/wp-json\/wp\/v2\/pages\/2926","targetHints":{"allow":["GET"]}}],"collection":[{"href":"https:\/\/www.kiddymusics.com\/ca\/wp-json\/wp\/v2\/pages"}],"about":[{"href":"https:\/\/www.kiddymusics.com\/ca\/wp-json\/wp\/v2\/types\/page"}],"author":[{"embeddable":true,"href":"https:\/\/www.kiddymusics.com\/ca\/wp-json\/wp\/v2\/users\/1"}],"replies":[{"embeddable":true,"href":"https:\/\/www.kiddymusics.com\/ca\/wp-json\/wp\/v2\/comments?post=2926"}],"version-history":[{"count":2,"href":"https:\/\/www.kiddymusics.com\/ca\/wp-json\/wp\/v2\/pages\/2926\/revisions"}],"predecessor-version":[{"id":5665,"href":"https:\/\/www.kiddymusics.com\/ca\/wp-json\/wp\/v2\/pages\/2926\/revisions\/5665"}],"up":[{"embeddable":true,"href":"https:\/\/www.kiddymusics.com\/ca\/wp-json\/wp\/v2\/pages\/69"}],"wp:featuredmedia":[{"embeddable":true,"href":"https:\/\/www.kiddymusics.com\/ca\/wp-json\/wp\/v2\/media\/2929"}],"wp:attachment":[{"href":"https:\/\/www.kiddymusics.com\/ca\/wp-json\/wp\/v2\/media?parent=2926"}],"curies":[{"name":"wp","href":"https:\/\/api.w.org\/{rel}","templated":true}]}}