{"id":273,"date":"2018-01-03T07:51:49","date_gmt":"2018-01-03T07:51:49","guid":{"rendered":"https:\/\/www.kiddymusics.com\/?page_id=273"},"modified":"2019-12-17T10:58:27","modified_gmt":"2019-12-17T09:58:27","slug":"joves","status":"publish","type":"page","link":"https:\/\/www.kiddymusics.com\/ca\/joves\/","title":{"rendered":"Joves Teatre per a Joves"},"content":{"rendered":"<h2>En qu\u00e8 consisteix el programa?<\/h2>\n<p>\u00a0<\/p>\n<p>Una iniciaci\u00f3 a la t\u00e8cnica vocal que els donar\u00e0 una bona base per poder defensar can\u00e7ons solistes i de grup. La t\u00e8cnica s\u2019impartir\u00e0 a trav\u00e9s del repertori de musicals de diferents \u00e8poques perqu\u00e8 els alumnes puguin aplicar varies t\u00e8cniques depenent de l\u2019estil musical o del tipus de personatges que necessitin.<\/p>\n<p>Un treball interpretatiu amb els textos de les can\u00e7ons, t\u00e8cniques de creaci\u00f3 de personatge i t\u00e8cniques de desenvolupament i desinhibici\u00f3 corporal. \u00c9s molt important que els alumnes treballin les can\u00e7ons des dels personatges i les emocions perqu\u00e8 en el Teatre Musical la hist\u00f2ria \u00e9s el m\u00e9s important.<\/p>\n<p>Iniciarem als alumnes a la dansa a trav\u00e9s de diferents estils a nivell b\u00e0sic per recolzar el treball interpretatiu i vocal.<\/p>\n<p>Al llarg de l\u2019any es far\u00e0 el muntatge d\u2019escenes de grans musicals on l\u2019alumne haur\u00e0 de mostrar el treball realitzat en les tres disciplines. Es faran dues mostres en p\u00fablic durant el curs.<\/p>\n<p>\u00a0<\/p>\n<ul>\n<li>\n<h4>Per a qui?<\/h4>\n<p>Joves de 10 a 16 anys<\/p>\n<\/li>\n<li>\n<h4>A on?<\/h4>\n<p>Clica <a href=\"https:\/\/www.kiddymusics.com\/ca\/centres-kiddy-music\/\">aqu\u00ed<\/a> per veure els centres KiddyMusics.<\/p>\n<\/li>\n<\/ul>\n<p>\u00a0<\/p>\n<h2>Qu\u00e8 treballem?<\/h2>\n<p>\u00a0<\/p>\n<ul class=\"bullet_list\">\n<li>Visionat de v\u00eddeos<\/li>\n<li>L\u2019escalfament de la veu<\/li>\n<li>L\u2019alliberament de la veu<\/li>\n<li>Respiraci\u00f3<\/li>\n<li>Control, Projecci\u00f3 i ressonadors de la veu<\/li>\n<li>Qualitats de veu<\/li>\n<li>elecci\u00f3 del repertori<\/li>\n<li>Comunicaci\u00f3<\/li>\n<li>Interpretaci\u00f3 de can\u00e7ons\/li&gt;<\/li>\n<li>L\u2019emoci\u00f3<\/li>\n<li>T\u00e8cniques de coneixement corporal<\/li>\n<li>Improvisaci\u00f3<\/li>\n<li>Creaci\u00f3 de personatge&lt;\/li<\/li>\n<li>L\u2019escolta<\/li>\n<li>Contacte amb el p\u00fablic\/li&gt;<\/li>\n<li>El ritme i l\u2019afinaci\u00f3<\/li>\n<li>Treball coral<\/li>\n<li>Coreografies<\/li>\n<\/ul><p><\/p>","protected":false},"excerpt":{"rendered":"<p>Endinsa&#8217;t en aquest m\u00f3n meravell\u00f3s!<\/p>\n","protected":false},"author":1,"featured_media":1617,"parent":0,"menu_order":54,"comment_status":"closed","ping_status":"closed","template":"embarassades.php","meta":{"_acf_changed":false,"footnotes":""},"class_list":["post-273","page","type-page","status-publish","has-post-thumbnail","hentry"],"acf":[],"yoast_head":"<!-- This site is optimized with the Yoast SEO plugin v24.9 - https:\/\/yoast.com\/wordpress\/plugins\/seo\/ -->\n<title>Joves Teatre per a Joves | KiddyMusics<\/title>\n<meta name=\"robots\" content=\"index, follow, max-snippet:-1, max-image-preview:large, max-video-preview:-1\" \/>\n<link rel=\"canonical\" href=\"https:\/\/www.kiddymusics.com\/ca\/joves\/\" \/>\n<meta property=\"og:locale\" content=\"ca_ES\" \/>\n<meta property=\"og:type\" content=\"article\" \/>\n<meta property=\"og:title\" content=\"Joves Teatre per a Joves | KiddyMusics\" \/>\n<meta property=\"og:description\" content=\"Endinsa&#039;t en aquest m\u00f3n meravell\u00f3s!\" \/>\n<meta property=\"og:url\" content=\"https:\/\/www.kiddymusics.com\/ca\/joves\/\" \/>\n<meta property=\"og:site_name\" content=\"KiddyMusics\" \/>\n<meta property=\"article:modified_time\" content=\"2019-12-17T09:58:27+00:00\" \/>\n<meta property=\"og:image\" content=\"https:\/\/www.kiddymusics.com\/wp-content\/uploads\/2018\/02\/teatre_musical_formacio_lliure-e1528878310816.jpg\" \/>\n\t<meta property=\"og:image:width\" content=\"900\" \/>\n\t<meta property=\"og:image:height\" content=\"206\" \/>\n\t<meta property=\"og:image:type\" content=\"image\/jpeg\" \/>\n<meta name=\"twitter:card\" content=\"summary_large_image\" \/>\n<meta name=\"twitter:label1\" content=\"Est. reading time\" \/>\n\t<meta name=\"twitter:data1\" content=\"1 minute\" \/>\n<script type=\"application\/ld+json\" class=\"yoast-schema-graph\">{\"@context\":\"https:\/\/schema.org\",\"@graph\":[{\"@type\":\"WebPage\",\"@id\":\"https:\/\/www.kiddymusics.com\/ca\/joves\/\",\"url\":\"https:\/\/www.kiddymusics.com\/ca\/joves\/\",\"name\":\"Joves Teatre per a Joves | KiddyMusics\",\"isPartOf\":{\"@id\":\"https:\/\/www.kiddymusics.com\/ca\/#website\"},\"primaryImageOfPage\":{\"@id\":\"https:\/\/www.kiddymusics.com\/ca\/joves\/#primaryimage\"},\"image\":{\"@id\":\"https:\/\/www.kiddymusics.com\/ca\/joves\/#primaryimage\"},\"thumbnailUrl\":\"https:\/\/www.kiddymusics.com\/wp-content\/uploads\/2018\/02\/teatre_musical_formacio_lliure-e1528878310816.jpg\",\"datePublished\":\"2018-01-03T07:51:49+00:00\",\"dateModified\":\"2019-12-17T09:58:27+00:00\",\"breadcrumb\":{\"@id\":\"https:\/\/www.kiddymusics.com\/ca\/joves\/#breadcrumb\"},\"inLanguage\":\"ca-ES\",\"potentialAction\":[{\"@type\":\"ReadAction\",\"target\":[\"https:\/\/www.kiddymusics.com\/ca\/joves\/\"]}]},{\"@type\":\"ImageObject\",\"inLanguage\":\"ca-ES\",\"@id\":\"https:\/\/www.kiddymusics.com\/ca\/joves\/#primaryimage\",\"url\":\"https:\/\/www.kiddymusics.com\/wp-content\/uploads\/2018\/02\/teatre_musical_formacio_lliure-e1528878310816.jpg\",\"contentUrl\":\"https:\/\/www.kiddymusics.com\/wp-content\/uploads\/2018\/02\/teatre_musical_formacio_lliure-e1528878310816.jpg\",\"width\":900,\"height\":206,\"caption\":\"classes de teatre muiscal per a joves\"},{\"@type\":\"BreadcrumbList\",\"@id\":\"https:\/\/www.kiddymusics.com\/ca\/joves\/#breadcrumb\",\"itemListElement\":[{\"@type\":\"ListItem\",\"position\":1,\"name\":\"Home\",\"item\":\"https:\/\/www.kiddymusics.com\/ca\/\"},{\"@type\":\"ListItem\",\"position\":2,\"name\":\"Joves Teatre per a Joves\"}]},{\"@type\":\"WebSite\",\"@id\":\"https:\/\/www.kiddymusics.com\/ca\/#website\",\"url\":\"https:\/\/www.kiddymusics.com\/ca\/\",\"name\":\"KiddyMusics\",\"description\":\"Plataforma per a l\u2019Educaci\u00f3 i la Difusi\u00f3 de la M\u00fasica\",\"publisher\":{\"@id\":\"https:\/\/www.kiddymusics.com\/ca\/#organization\"},\"potentialAction\":[{\"@type\":\"SearchAction\",\"target\":{\"@type\":\"EntryPoint\",\"urlTemplate\":\"https:\/\/www.kiddymusics.com\/ca\/?s={search_term_string}\"},\"query-input\":{\"@type\":\"PropertyValueSpecification\",\"valueRequired\":true,\"valueName\":\"search_term_string\"}}],\"inLanguage\":\"ca-ES\"},{\"@type\":\"Organization\",\"@id\":\"https:\/\/www.kiddymusics.com\/ca\/#organization\",\"name\":\"KiddyMusics\",\"url\":\"https:\/\/www.kiddymusics.com\/ca\/\",\"logo\":{\"@type\":\"ImageObject\",\"inLanguage\":\"ca-ES\",\"@id\":\"https:\/\/www.kiddymusics.com\/ca\/#\/schema\/logo\/image\/\",\"url\":\"https:\/\/www.kiddymusics.com\/wp-content\/uploads\/2019\/12\/cropped-KM-logo-235.png\",\"contentUrl\":\"https:\/\/www.kiddymusics.com\/wp-content\/uploads\/2019\/12\/cropped-KM-logo-235.png\",\"width\":250,\"height\":250,\"caption\":\"KiddyMusics\"},\"image\":{\"@id\":\"https:\/\/www.kiddymusics.com\/ca\/#\/schema\/logo\/image\/\"}}]}<\/script>\n<!-- \/ Yoast SEO plugin. -->","yoast_head_json":{"title":"Joves Teatre per a Joves | KiddyMusics","robots":{"index":"index","follow":"follow","max-snippet":"max-snippet:-1","max-image-preview":"max-image-preview:large","max-video-preview":"max-video-preview:-1"},"canonical":"https:\/\/www.kiddymusics.com\/ca\/joves\/","og_locale":"ca_ES","og_type":"article","og_title":"Joves Teatre per a Joves | KiddyMusics","og_description":"Endinsa't en aquest m\u00f3n meravell\u00f3s!","og_url":"https:\/\/www.kiddymusics.com\/ca\/joves\/","og_site_name":"KiddyMusics","article_modified_time":"2019-12-17T09:58:27+00:00","og_image":[{"width":900,"height":206,"url":"https:\/\/www.kiddymusics.com\/wp-content\/uploads\/2018\/02\/teatre_musical_formacio_lliure-e1528878310816.jpg","type":"image\/jpeg"}],"twitter_card":"summary_large_image","twitter_misc":{"Est. reading time":"1 minute"},"schema":{"@context":"https:\/\/schema.org","@graph":[{"@type":"WebPage","@id":"https:\/\/www.kiddymusics.com\/ca\/joves\/","url":"https:\/\/www.kiddymusics.com\/ca\/joves\/","name":"Joves Teatre per a Joves | KiddyMusics","isPartOf":{"@id":"https:\/\/www.kiddymusics.com\/ca\/#website"},"primaryImageOfPage":{"@id":"https:\/\/www.kiddymusics.com\/ca\/joves\/#primaryimage"},"image":{"@id":"https:\/\/www.kiddymusics.com\/ca\/joves\/#primaryimage"},"thumbnailUrl":"https:\/\/www.kiddymusics.com\/wp-content\/uploads\/2018\/02\/teatre_musical_formacio_lliure-e1528878310816.jpg","datePublished":"2018-01-03T07:51:49+00:00","dateModified":"2019-12-17T09:58:27+00:00","breadcrumb":{"@id":"https:\/\/www.kiddymusics.com\/ca\/joves\/#breadcrumb"},"inLanguage":"ca-ES","potentialAction":[{"@type":"ReadAction","target":["https:\/\/www.kiddymusics.com\/ca\/joves\/"]}]},{"@type":"ImageObject","inLanguage":"ca-ES","@id":"https:\/\/www.kiddymusics.com\/ca\/joves\/#primaryimage","url":"https:\/\/www.kiddymusics.com\/wp-content\/uploads\/2018\/02\/teatre_musical_formacio_lliure-e1528878310816.jpg","contentUrl":"https:\/\/www.kiddymusics.com\/wp-content\/uploads\/2018\/02\/teatre_musical_formacio_lliure-e1528878310816.jpg","width":900,"height":206,"caption":"classes de teatre muiscal per a joves"},{"@type":"BreadcrumbList","@id":"https:\/\/www.kiddymusics.com\/ca\/joves\/#breadcrumb","itemListElement":[{"@type":"ListItem","position":1,"name":"Home","item":"https:\/\/www.kiddymusics.com\/ca\/"},{"@type":"ListItem","position":2,"name":"Joves Teatre per a Joves"}]},{"@type":"WebSite","@id":"https:\/\/www.kiddymusics.com\/ca\/#website","url":"https:\/\/www.kiddymusics.com\/ca\/","name":"KiddyMusics","description":"Plataforma per a l\u2019Educaci\u00f3 i la Difusi\u00f3 de la M\u00fasica","publisher":{"@id":"https:\/\/www.kiddymusics.com\/ca\/#organization"},"potentialAction":[{"@type":"SearchAction","target":{"@type":"EntryPoint","urlTemplate":"https:\/\/www.kiddymusics.com\/ca\/?s={search_term_string}"},"query-input":{"@type":"PropertyValueSpecification","valueRequired":true,"valueName":"search_term_string"}}],"inLanguage":"ca-ES"},{"@type":"Organization","@id":"https:\/\/www.kiddymusics.com\/ca\/#organization","name":"KiddyMusics","url":"https:\/\/www.kiddymusics.com\/ca\/","logo":{"@type":"ImageObject","inLanguage":"ca-ES","@id":"https:\/\/www.kiddymusics.com\/ca\/#\/schema\/logo\/image\/","url":"https:\/\/www.kiddymusics.com\/wp-content\/uploads\/2019\/12\/cropped-KM-logo-235.png","contentUrl":"https:\/\/www.kiddymusics.com\/wp-content\/uploads\/2019\/12\/cropped-KM-logo-235.png","width":250,"height":250,"caption":"KiddyMusics"},"image":{"@id":"https:\/\/www.kiddymusics.com\/ca\/#\/schema\/logo\/image\/"}}]}},"_links":{"self":[{"href":"https:\/\/www.kiddymusics.com\/ca\/wp-json\/wp\/v2\/pages\/273","targetHints":{"allow":["GET"]}}],"collection":[{"href":"https:\/\/www.kiddymusics.com\/ca\/wp-json\/wp\/v2\/pages"}],"about":[{"href":"https:\/\/www.kiddymusics.com\/ca\/wp-json\/wp\/v2\/types\/page"}],"author":[{"embeddable":true,"href":"https:\/\/www.kiddymusics.com\/ca\/wp-json\/wp\/v2\/users\/1"}],"replies":[{"embeddable":true,"href":"https:\/\/www.kiddymusics.com\/ca\/wp-json\/wp\/v2\/comments?post=273"}],"version-history":[{"count":23,"href":"https:\/\/www.kiddymusics.com\/ca\/wp-json\/wp\/v2\/pages\/273\/revisions"}],"predecessor-version":[{"id":3310,"href":"https:\/\/www.kiddymusics.com\/ca\/wp-json\/wp\/v2\/pages\/273\/revisions\/3310"}],"wp:featuredmedia":[{"embeddable":true,"href":"https:\/\/www.kiddymusics.com\/ca\/wp-json\/wp\/v2\/media\/1617"}],"wp:attachment":[{"href":"https:\/\/www.kiddymusics.com\/ca\/wp-json\/wp\/v2\/media?parent=273"}],"curies":[{"name":"wp","href":"https:\/\/api.w.org\/{rel}","templated":true}]}}