{"id":271,"date":"2018-01-03T07:51:28","date_gmt":"2018-01-03T07:51:28","guid":{"rendered":"https:\/\/www.kiddymusics.com\/?page_id=271"},"modified":"2020-11-26T10:31:23","modified_gmt":"2020-11-26T09:31:23","slug":"educacio_especial","status":"publish","type":"page","link":"https:\/\/www.kiddymusics.com\/ca\/educacio_especial\/","title":{"rendered":"Musicoter\u00e0pia &#8211; Educaci\u00f3 Especial"},"content":{"rendered":"<h2 class=\"wp-block-heading\">Sessions de Musicoter\u00e0pia&nbsp;<\/h2><h3 class=\"wp-block-heading\">L\u2019oferta de sessions de Musicoter\u00e0pia que proposem als centres KiddyMusics son:<\/h3><h3 class=\"wp-block-heading\">Musicoter\u00e0pia&nbsp;Individual<\/h3><p>A les nostres sessions, el nen o adolescent, tindr\u00e0 a la seva disposici\u00f3 tot el suport musical i terap\u00e8utic que necessiti per complir els objectius i proporcionar-li un estat de seguretat i benestar. Des de la nostra visi\u00f3 human\u00edstica de la Musicoter\u00e0pia, treballem a trav\u00e9s dels instruments, la veu, el ritme i el moviment propi de la persona, sigui el que sigui, complementant la musicoter\u00e0pia amb altres ter\u00e0pies expressives com l&#8217;arteter\u00e0pia, o la dansa-moviment-ter\u00e0pia.<\/p><h4 class=\"wp-block-heading\">Per a qui?<\/h4><p>Nens o adolescents de qualsevol edat.<\/p><h4 class=\"wp-block-heading\">Com?<\/h4><p>En sessions de entre 30 i 60 minuts depenent de l&#8217;edat i les necessitats del nen\/a o adolescent.<\/p><h4 class=\"wp-block-heading\">A on?<\/h4><p>Clica&nbsp;<a href=\"https:\/\/www.kiddymusics.com\/ca\/centres-kiddy-music\/\">aqu\u00ed&nbsp;<\/a>per veure els centres KiddyMusics.<\/p><hr class=\"wp-block-separator\"\/><h4 class=\"wp-block-heading\">Musicoter\u00e0pia&nbsp;Col.lectiva<\/h4><p>A KiddyMusics oferim sessions de Musicoter\u00e0pia en grup per a nens\/es &nbsp;joves, on treballarem a trav\u00e9s de l&#8217;experi\u00e8ncia musical i un proc\u00e8s terapeutic, eferint un acompanyament a les seves necessitats, siguin d&#8217;indole f\u00edsic, social, emocional o cognitiu.<\/p><h4 class=\"wp-block-heading\">Per a qui?<\/h4><p>Nens o adolescents de qualsevol edat per grups d&#8217;edat.<\/p><h4 class=\"wp-block-heading\">Com?<\/h4><p>En sessions de 60 minuts depenent de l&#8217;edat i les necessitats dels nens\/es o adolescents.<\/p><h4 class=\"wp-block-heading\">A on?<\/h4><p>Clica&nbsp;<a href=\"https:\/\/www.kiddymusics.com\/ca\/centres-kiddy-music\/\">aqu\u00ed&nbsp;<\/a>per veure els centres KiddyMusics.<\/p><p><strong>El nostre Equip<\/strong><\/p><p>Lorena L\u00f3pez L\u00f3pez, Musicoterapeuta titulada per la&#8217; Universitat de Barcelona e Instrumentista graduada en Viola y Percussi\u00f3 es la responsable de l&#8217;equipo de KiddyMusics en este \u00e0mbit. En la actualitat treballa com musicoterapeuta i professora a KiddyMusics, con experi\u00e8ncia tant en l&#8217;\u00e0mbit de la educaci\u00f3 especial com a l&#8217;hospitalari-cl\u00ednic.<\/p>","protected":false},"excerpt":{"rendered":"<p>Aprenent a caminar i a parlar a trav\u00e9s de la m\u00fasica.<\/p>\n","protected":false},"author":1,"featured_media":3884,"parent":0,"menu_order":41,"comment_status":"closed","ping_status":"closed","template":"embarassades.php","meta":{"_acf_changed":false,"footnotes":""},"class_list":["post-271","page","type-page","status-publish","has-post-thumbnail","hentry"],"acf":[],"yoast_head":"<!-- This site is optimized with the Yoast SEO plugin v24.9 - https:\/\/yoast.com\/wordpress\/plugins\/seo\/ -->\n<title>Musicoter\u00e0pia - Educaci\u00f3 Especial | KiddyMusics<\/title>\n<meta name=\"robots\" content=\"index, follow, max-snippet:-1, max-image-preview:large, max-video-preview:-1\" \/>\n<link rel=\"canonical\" href=\"https:\/\/www.kiddymusics.com\/ca\/educacio_especial\/\" \/>\n<meta property=\"og:locale\" content=\"ca_ES\" \/>\n<meta property=\"og:type\" content=\"article\" \/>\n<meta property=\"og:title\" content=\"Musicoter\u00e0pia - Educaci\u00f3 Especial | KiddyMusics\" \/>\n<meta property=\"og:description\" content=\"Aprenent a caminar i a parlar a trav\u00e9s de la m\u00fasica.\" \/>\n<meta property=\"og:url\" content=\"https:\/\/www.kiddymusics.com\/ca\/educacio_especial\/\" \/>\n<meta property=\"og:site_name\" content=\"KiddyMusics\" \/>\n<meta property=\"article:modified_time\" content=\"2020-11-26T09:31:23+00:00\" \/>\n<meta property=\"og:image\" content=\"https:\/\/www.kiddymusics.com\/wp-content\/uploads\/2020\/11\/header_440x1920_infants-1024x235-1.jpg\" \/>\n\t<meta property=\"og:image:width\" content=\"1024\" \/>\n\t<meta property=\"og:image:height\" content=\"235\" \/>\n\t<meta property=\"og:image:type\" content=\"image\/jpeg\" \/>\n<meta name=\"twitter:card\" content=\"summary_large_image\" \/>\n<meta name=\"twitter:label1\" content=\"Est. reading time\" \/>\n\t<meta name=\"twitter:data1\" content=\"1 minute\" \/>\n<script type=\"application\/ld+json\" class=\"yoast-schema-graph\">{\"@context\":\"https:\/\/schema.org\",\"@graph\":[{\"@type\":\"WebPage\",\"@id\":\"https:\/\/www.kiddymusics.com\/ca\/educacio_especial\/\",\"url\":\"https:\/\/www.kiddymusics.com\/ca\/educacio_especial\/\",\"name\":\"Musicoter\u00e0pia - Educaci\u00f3 Especial | KiddyMusics\",\"isPartOf\":{\"@id\":\"https:\/\/www.kiddymusics.com\/ca\/#website\"},\"primaryImageOfPage\":{\"@id\":\"https:\/\/www.kiddymusics.com\/ca\/educacio_especial\/#primaryimage\"},\"image\":{\"@id\":\"https:\/\/www.kiddymusics.com\/ca\/educacio_especial\/#primaryimage\"},\"thumbnailUrl\":\"https:\/\/www.kiddymusics.com\/wp-content\/uploads\/2020\/11\/header_440x1920_infants-1024x235-1.jpg\",\"datePublished\":\"2018-01-03T07:51:28+00:00\",\"dateModified\":\"2020-11-26T09:31:23+00:00\",\"breadcrumb\":{\"@id\":\"https:\/\/www.kiddymusics.com\/ca\/educacio_especial\/#breadcrumb\"},\"inLanguage\":\"ca-ES\",\"potentialAction\":[{\"@type\":\"ReadAction\",\"target\":[\"https:\/\/www.kiddymusics.com\/ca\/educacio_especial\/\"]}]},{\"@type\":\"ImageObject\",\"inLanguage\":\"ca-ES\",\"@id\":\"https:\/\/www.kiddymusics.com\/ca\/educacio_especial\/#primaryimage\",\"url\":\"https:\/\/www.kiddymusics.com\/wp-content\/uploads\/2020\/11\/header_440x1920_infants-1024x235-1.jpg\",\"contentUrl\":\"https:\/\/www.kiddymusics.com\/wp-content\/uploads\/2020\/11\/header_440x1920_infants-1024x235-1.jpg\",\"width\":1024,\"height\":235},{\"@type\":\"BreadcrumbList\",\"@id\":\"https:\/\/www.kiddymusics.com\/ca\/educacio_especial\/#breadcrumb\",\"itemListElement\":[{\"@type\":\"ListItem\",\"position\":1,\"name\":\"Home\",\"item\":\"https:\/\/www.kiddymusics.com\/ca\/\"},{\"@type\":\"ListItem\",\"position\":2,\"name\":\"Musicoter\u00e0pia &#8211; Educaci\u00f3 Especial\"}]},{\"@type\":\"WebSite\",\"@id\":\"https:\/\/www.kiddymusics.com\/ca\/#website\",\"url\":\"https:\/\/www.kiddymusics.com\/ca\/\",\"name\":\"KiddyMusics\",\"description\":\"Plataforma per a l\u2019Educaci\u00f3 i la Difusi\u00f3 de la M\u00fasica\",\"publisher\":{\"@id\":\"https:\/\/www.kiddymusics.com\/ca\/#organization\"},\"potentialAction\":[{\"@type\":\"SearchAction\",\"target\":{\"@type\":\"EntryPoint\",\"urlTemplate\":\"https:\/\/www.kiddymusics.com\/ca\/?s={search_term_string}\"},\"query-input\":{\"@type\":\"PropertyValueSpecification\",\"valueRequired\":true,\"valueName\":\"search_term_string\"}}],\"inLanguage\":\"ca-ES\"},{\"@type\":\"Organization\",\"@id\":\"https:\/\/www.kiddymusics.com\/ca\/#organization\",\"name\":\"KiddyMusics\",\"url\":\"https:\/\/www.kiddymusics.com\/ca\/\",\"logo\":{\"@type\":\"ImageObject\",\"inLanguage\":\"ca-ES\",\"@id\":\"https:\/\/www.kiddymusics.com\/ca\/#\/schema\/logo\/image\/\",\"url\":\"https:\/\/www.kiddymusics.com\/wp-content\/uploads\/2019\/12\/cropped-KM-logo-235.png\",\"contentUrl\":\"https:\/\/www.kiddymusics.com\/wp-content\/uploads\/2019\/12\/cropped-KM-logo-235.png\",\"width\":250,\"height\":250,\"caption\":\"KiddyMusics\"},\"image\":{\"@id\":\"https:\/\/www.kiddymusics.com\/ca\/#\/schema\/logo\/image\/\"}}]}<\/script>\n<!-- \/ Yoast SEO plugin. -->","yoast_head_json":{"title":"Musicoter\u00e0pia - Educaci\u00f3 Especial | KiddyMusics","robots":{"index":"index","follow":"follow","max-snippet":"max-snippet:-1","max-image-preview":"max-image-preview:large","max-video-preview":"max-video-preview:-1"},"canonical":"https:\/\/www.kiddymusics.com\/ca\/educacio_especial\/","og_locale":"ca_ES","og_type":"article","og_title":"Musicoter\u00e0pia - Educaci\u00f3 Especial | KiddyMusics","og_description":"Aprenent a caminar i a parlar a trav\u00e9s de la m\u00fasica.","og_url":"https:\/\/www.kiddymusics.com\/ca\/educacio_especial\/","og_site_name":"KiddyMusics","article_modified_time":"2020-11-26T09:31:23+00:00","og_image":[{"width":1024,"height":235,"url":"https:\/\/www.kiddymusics.com\/wp-content\/uploads\/2020\/11\/header_440x1920_infants-1024x235-1.jpg","type":"image\/jpeg"}],"twitter_card":"summary_large_image","twitter_misc":{"Est. reading time":"1 minute"},"schema":{"@context":"https:\/\/schema.org","@graph":[{"@type":"WebPage","@id":"https:\/\/www.kiddymusics.com\/ca\/educacio_especial\/","url":"https:\/\/www.kiddymusics.com\/ca\/educacio_especial\/","name":"Musicoter\u00e0pia - Educaci\u00f3 Especial | KiddyMusics","isPartOf":{"@id":"https:\/\/www.kiddymusics.com\/ca\/#website"},"primaryImageOfPage":{"@id":"https:\/\/www.kiddymusics.com\/ca\/educacio_especial\/#primaryimage"},"image":{"@id":"https:\/\/www.kiddymusics.com\/ca\/educacio_especial\/#primaryimage"},"thumbnailUrl":"https:\/\/www.kiddymusics.com\/wp-content\/uploads\/2020\/11\/header_440x1920_infants-1024x235-1.jpg","datePublished":"2018-01-03T07:51:28+00:00","dateModified":"2020-11-26T09:31:23+00:00","breadcrumb":{"@id":"https:\/\/www.kiddymusics.com\/ca\/educacio_especial\/#breadcrumb"},"inLanguage":"ca-ES","potentialAction":[{"@type":"ReadAction","target":["https:\/\/www.kiddymusics.com\/ca\/educacio_especial\/"]}]},{"@type":"ImageObject","inLanguage":"ca-ES","@id":"https:\/\/www.kiddymusics.com\/ca\/educacio_especial\/#primaryimage","url":"https:\/\/www.kiddymusics.com\/wp-content\/uploads\/2020\/11\/header_440x1920_infants-1024x235-1.jpg","contentUrl":"https:\/\/www.kiddymusics.com\/wp-content\/uploads\/2020\/11\/header_440x1920_infants-1024x235-1.jpg","width":1024,"height":235},{"@type":"BreadcrumbList","@id":"https:\/\/www.kiddymusics.com\/ca\/educacio_especial\/#breadcrumb","itemListElement":[{"@type":"ListItem","position":1,"name":"Home","item":"https:\/\/www.kiddymusics.com\/ca\/"},{"@type":"ListItem","position":2,"name":"Musicoter\u00e0pia &#8211; Educaci\u00f3 Especial"}]},{"@type":"WebSite","@id":"https:\/\/www.kiddymusics.com\/ca\/#website","url":"https:\/\/www.kiddymusics.com\/ca\/","name":"KiddyMusics","description":"Plataforma per a l\u2019Educaci\u00f3 i la Difusi\u00f3 de la M\u00fasica","publisher":{"@id":"https:\/\/www.kiddymusics.com\/ca\/#organization"},"potentialAction":[{"@type":"SearchAction","target":{"@type":"EntryPoint","urlTemplate":"https:\/\/www.kiddymusics.com\/ca\/?s={search_term_string}"},"query-input":{"@type":"PropertyValueSpecification","valueRequired":true,"valueName":"search_term_string"}}],"inLanguage":"ca-ES"},{"@type":"Organization","@id":"https:\/\/www.kiddymusics.com\/ca\/#organization","name":"KiddyMusics","url":"https:\/\/www.kiddymusics.com\/ca\/","logo":{"@type":"ImageObject","inLanguage":"ca-ES","@id":"https:\/\/www.kiddymusics.com\/ca\/#\/schema\/logo\/image\/","url":"https:\/\/www.kiddymusics.com\/wp-content\/uploads\/2019\/12\/cropped-KM-logo-235.png","contentUrl":"https:\/\/www.kiddymusics.com\/wp-content\/uploads\/2019\/12\/cropped-KM-logo-235.png","width":250,"height":250,"caption":"KiddyMusics"},"image":{"@id":"https:\/\/www.kiddymusics.com\/ca\/#\/schema\/logo\/image\/"}}]}},"_links":{"self":[{"href":"https:\/\/www.kiddymusics.com\/ca\/wp-json\/wp\/v2\/pages\/271","targetHints":{"allow":["GET"]}}],"collection":[{"href":"https:\/\/www.kiddymusics.com\/ca\/wp-json\/wp\/v2\/pages"}],"about":[{"href":"https:\/\/www.kiddymusics.com\/ca\/wp-json\/wp\/v2\/types\/page"}],"author":[{"embeddable":true,"href":"https:\/\/www.kiddymusics.com\/ca\/wp-json\/wp\/v2\/users\/1"}],"replies":[{"embeddable":true,"href":"https:\/\/www.kiddymusics.com\/ca\/wp-json\/wp\/v2\/comments?post=271"}],"version-history":[{"count":74,"href":"https:\/\/www.kiddymusics.com\/ca\/wp-json\/wp\/v2\/pages\/271\/revisions"}],"predecessor-version":[{"id":3920,"href":"https:\/\/www.kiddymusics.com\/ca\/wp-json\/wp\/v2\/pages\/271\/revisions\/3920"}],"wp:featuredmedia":[{"embeddable":true,"href":"https:\/\/www.kiddymusics.com\/ca\/wp-json\/wp\/v2\/media\/3884"}],"wp:attachment":[{"href":"https:\/\/www.kiddymusics.com\/ca\/wp-json\/wp\/v2\/media?parent=271"}],"curies":[{"name":"wp","href":"https:\/\/api.w.org\/{rel}","templated":true}]}}