{"id":266,"date":"2018-01-03T07:49:21","date_gmt":"2018-01-03T07:49:21","guid":{"rendered":"https:\/\/www.kiddymusics.com\/?page_id=266"},"modified":"2021-05-18T08:18:36","modified_gmt":"2021-05-18T06:18:36","slug":"grups-instrumentals-i-vocals","status":"publish","type":"page","link":"https:\/\/www.kiddymusics.com\/ca\/grups-instrumentals-i-vocals\/","title":{"rendered":"Agrupacions Instrumentals i Vocals"},"content":{"rendered":"<p>Agrupacions instrumentals i vocals (segons edat i nivell)<\/p>\n<h3><strong>En qu\u00e8 consisteixen les agrupacions instrumentals i vocals?<\/strong><\/h3>\n<p>L&#8217;objectiu principal de pert\u00e0nyer a una agrupaci\u00f3 instrumental i\/o vocal \u00e9s la de fer m\u00fasica en conjunt de manera din\u00e0mica i enriquidora amb un repertori adaptat a cada estil musical i nivell. Con\u00e9ixer i interpretar les indicacions del Director\/a. Seguir un gui\u00f3 musical i entendre la nomenclatura per poder-los llegir.<\/p>\n<p>Oferim la possibilitatd&#8217;obtenir titulacions como ara ABRSM, Trinity College, en l&#8217;apartat de formacions intrumentals o vocals tant en m\u00fasica cl\u00e1sica, com en jazz i Pop&amp;Rock.<\/p>\n<h3><strong>\u00bfQu\u00e8 tenim?<\/strong><\/h3>\n<ul class=\"bullet_list\">\n<li style=\"list-style-type: none;\">\n<ul class=\"bullet_list\">\n<li>Orquestres<\/li>\n<li>Combos<\/li>\n<li>Bandes<\/li>\n<li>Cors<\/li>\n<li>Big Bands<\/li>\n<li>Gospel Junior\/S\u00e8nior<\/li>\n<\/ul>\n<\/li>\n<\/ul>\n<p><img loading=\"lazy\" decoding=\"async\" class=\"aligncenter size-full wp-image-1506\" src=\"https:\/\/www.kiddymusics.com\/wp-content\/uploads\/2018\/02\/escola_de_musica_grups_instrumentals_i_vocals_boxed_image.jpg\" alt=\"\" width=\"700\" height=\"420\" srcset=\"https:\/\/www.kiddymusics.com\/wp-content\/uploads\/2018\/02\/escola_de_musica_grups_instrumentals_i_vocals_boxed_image.jpg 700w, https:\/\/www.kiddymusics.com\/wp-content\/uploads\/2018\/02\/escola_de_musica_grups_instrumentals_i_vocals_boxed_image-300x180.jpg 300w\" sizes=\"auto, (max-width: 700px) 100vw, 700px\" \/><\/p>\n","protected":false},"excerpt":{"rendered":"<p>Gaudeix de la m\u00fasica en companyia! Toca y canta amb el grup que m\u00e9s t&#8217;agrada.<\/p>\n","protected":false},"author":1,"featured_media":1597,"parent":0,"menu_order":50,"comment_status":"closed","ping_status":"closed","template":"embarassades.php","meta":{"_acf_changed":false,"footnotes":""},"class_list":["post-266","page","type-page","status-publish","has-post-thumbnail","hentry"],"acf":[],"yoast_head":"<!-- This site is optimized with the Yoast SEO plugin v24.9 - https:\/\/yoast.com\/wordpress\/plugins\/seo\/ -->\n<title>Agrupacions Instrumentals i Vocals | KiddyMusics<\/title>\n<meta name=\"robots\" content=\"index, follow, max-snippet:-1, max-image-preview:large, max-video-preview:-1\" \/>\n<link rel=\"canonical\" href=\"https:\/\/www.kiddymusics.com\/ca\/grups-instrumentals-i-vocals\/\" \/>\n<meta property=\"og:locale\" content=\"ca_ES\" \/>\n<meta property=\"og:type\" content=\"article\" \/>\n<meta property=\"og:title\" content=\"Agrupacions Instrumentals i Vocals | KiddyMusics\" \/>\n<meta property=\"og:description\" content=\"Gaudeix de la m\u00fasica en companyia! Toca y canta amb el grup que m\u00e9s t&#039;agrada.\" \/>\n<meta property=\"og:url\" content=\"https:\/\/www.kiddymusics.com\/ca\/grups-instrumentals-i-vocals\/\" \/>\n<meta property=\"og:site_name\" content=\"KiddyMusics\" \/>\n<meta property=\"article:modified_time\" content=\"2021-05-18T06:18:36+00:00\" \/>\n<meta property=\"og:image\" content=\"https:\/\/www.kiddymusics.com\/wp-content\/uploads\/2018\/02\/escola_de_musica_grups_instrumentals_i_vocals.jpg\" \/>\n\t<meta property=\"og:image:width\" content=\"1920\" \/>\n\t<meta property=\"og:image:height\" content=\"440\" \/>\n\t<meta property=\"og:image:type\" content=\"image\/jpeg\" \/>\n<meta name=\"twitter:card\" content=\"summary_large_image\" \/>\n<meta name=\"twitter:label1\" content=\"Est. reading time\" \/>\n\t<meta name=\"twitter:data1\" content=\"1 minute\" \/>\n<script type=\"application\/ld+json\" class=\"yoast-schema-graph\">{\"@context\":\"https:\/\/schema.org\",\"@graph\":[{\"@type\":\"WebPage\",\"@id\":\"https:\/\/www.kiddymusics.com\/ca\/grups-instrumentals-i-vocals\/\",\"url\":\"https:\/\/www.kiddymusics.com\/ca\/grups-instrumentals-i-vocals\/\",\"name\":\"Agrupacions Instrumentals i Vocals | KiddyMusics\",\"isPartOf\":{\"@id\":\"https:\/\/www.kiddymusics.com\/ca\/#website\"},\"primaryImageOfPage\":{\"@id\":\"https:\/\/www.kiddymusics.com\/ca\/grups-instrumentals-i-vocals\/#primaryimage\"},\"image\":{\"@id\":\"https:\/\/www.kiddymusics.com\/ca\/grups-instrumentals-i-vocals\/#primaryimage\"},\"thumbnailUrl\":\"https:\/\/www.kiddymusics.com\/wp-content\/uploads\/2018\/02\/escola_de_musica_grups_instrumentals_i_vocals.jpg\",\"datePublished\":\"2018-01-03T07:49:21+00:00\",\"dateModified\":\"2021-05-18T06:18:36+00:00\",\"breadcrumb\":{\"@id\":\"https:\/\/www.kiddymusics.com\/ca\/grups-instrumentals-i-vocals\/#breadcrumb\"},\"inLanguage\":\"ca-ES\",\"potentialAction\":[{\"@type\":\"ReadAction\",\"target\":[\"https:\/\/www.kiddymusics.com\/ca\/grups-instrumentals-i-vocals\/\"]}]},{\"@type\":\"ImageObject\",\"inLanguage\":\"ca-ES\",\"@id\":\"https:\/\/www.kiddymusics.com\/ca\/grups-instrumentals-i-vocals\/#primaryimage\",\"url\":\"https:\/\/www.kiddymusics.com\/wp-content\/uploads\/2018\/02\/escola_de_musica_grups_instrumentals_i_vocals.jpg\",\"contentUrl\":\"https:\/\/www.kiddymusics.com\/wp-content\/uploads\/2018\/02\/escola_de_musica_grups_instrumentals_i_vocals.jpg\",\"width\":1920,\"height\":440,\"caption\":\"classes per grups instrumentals\"},{\"@type\":\"BreadcrumbList\",\"@id\":\"https:\/\/www.kiddymusics.com\/ca\/grups-instrumentals-i-vocals\/#breadcrumb\",\"itemListElement\":[{\"@type\":\"ListItem\",\"position\":1,\"name\":\"Home\",\"item\":\"https:\/\/www.kiddymusics.com\/ca\/\"},{\"@type\":\"ListItem\",\"position\":2,\"name\":\"Agrupacions Instrumentals i Vocals\"}]},{\"@type\":\"WebSite\",\"@id\":\"https:\/\/www.kiddymusics.com\/ca\/#website\",\"url\":\"https:\/\/www.kiddymusics.com\/ca\/\",\"name\":\"KiddyMusics\",\"description\":\"Plataforma per a l\u2019Educaci\u00f3 i la Difusi\u00f3 de la M\u00fasica\",\"publisher\":{\"@id\":\"https:\/\/www.kiddymusics.com\/ca\/#organization\"},\"potentialAction\":[{\"@type\":\"SearchAction\",\"target\":{\"@type\":\"EntryPoint\",\"urlTemplate\":\"https:\/\/www.kiddymusics.com\/ca\/?s={search_term_string}\"},\"query-input\":{\"@type\":\"PropertyValueSpecification\",\"valueRequired\":true,\"valueName\":\"search_term_string\"}}],\"inLanguage\":\"ca-ES\"},{\"@type\":\"Organization\",\"@id\":\"https:\/\/www.kiddymusics.com\/ca\/#organization\",\"name\":\"KiddyMusics\",\"url\":\"https:\/\/www.kiddymusics.com\/ca\/\",\"logo\":{\"@type\":\"ImageObject\",\"inLanguage\":\"ca-ES\",\"@id\":\"https:\/\/www.kiddymusics.com\/ca\/#\/schema\/logo\/image\/\",\"url\":\"https:\/\/www.kiddymusics.com\/wp-content\/uploads\/2019\/12\/cropped-KM-logo-235.png\",\"contentUrl\":\"https:\/\/www.kiddymusics.com\/wp-content\/uploads\/2019\/12\/cropped-KM-logo-235.png\",\"width\":250,\"height\":250,\"caption\":\"KiddyMusics\"},\"image\":{\"@id\":\"https:\/\/www.kiddymusics.com\/ca\/#\/schema\/logo\/image\/\"}}]}<\/script>\n<!-- \/ Yoast SEO plugin. -->","yoast_head_json":{"title":"Agrupacions Instrumentals i Vocals | KiddyMusics","robots":{"index":"index","follow":"follow","max-snippet":"max-snippet:-1","max-image-preview":"max-image-preview:large","max-video-preview":"max-video-preview:-1"},"canonical":"https:\/\/www.kiddymusics.com\/ca\/grups-instrumentals-i-vocals\/","og_locale":"ca_ES","og_type":"article","og_title":"Agrupacions Instrumentals i Vocals | KiddyMusics","og_description":"Gaudeix de la m\u00fasica en companyia! Toca y canta amb el grup que m\u00e9s t'agrada.","og_url":"https:\/\/www.kiddymusics.com\/ca\/grups-instrumentals-i-vocals\/","og_site_name":"KiddyMusics","article_modified_time":"2021-05-18T06:18:36+00:00","og_image":[{"width":1920,"height":440,"url":"https:\/\/www.kiddymusics.com\/wp-content\/uploads\/2018\/02\/escola_de_musica_grups_instrumentals_i_vocals.jpg","type":"image\/jpeg"}],"twitter_card":"summary_large_image","twitter_misc":{"Est. reading time":"1 minute"},"schema":{"@context":"https:\/\/schema.org","@graph":[{"@type":"WebPage","@id":"https:\/\/www.kiddymusics.com\/ca\/grups-instrumentals-i-vocals\/","url":"https:\/\/www.kiddymusics.com\/ca\/grups-instrumentals-i-vocals\/","name":"Agrupacions Instrumentals i Vocals | KiddyMusics","isPartOf":{"@id":"https:\/\/www.kiddymusics.com\/ca\/#website"},"primaryImageOfPage":{"@id":"https:\/\/www.kiddymusics.com\/ca\/grups-instrumentals-i-vocals\/#primaryimage"},"image":{"@id":"https:\/\/www.kiddymusics.com\/ca\/grups-instrumentals-i-vocals\/#primaryimage"},"thumbnailUrl":"https:\/\/www.kiddymusics.com\/wp-content\/uploads\/2018\/02\/escola_de_musica_grups_instrumentals_i_vocals.jpg","datePublished":"2018-01-03T07:49:21+00:00","dateModified":"2021-05-18T06:18:36+00:00","breadcrumb":{"@id":"https:\/\/www.kiddymusics.com\/ca\/grups-instrumentals-i-vocals\/#breadcrumb"},"inLanguage":"ca-ES","potentialAction":[{"@type":"ReadAction","target":["https:\/\/www.kiddymusics.com\/ca\/grups-instrumentals-i-vocals\/"]}]},{"@type":"ImageObject","inLanguage":"ca-ES","@id":"https:\/\/www.kiddymusics.com\/ca\/grups-instrumentals-i-vocals\/#primaryimage","url":"https:\/\/www.kiddymusics.com\/wp-content\/uploads\/2018\/02\/escola_de_musica_grups_instrumentals_i_vocals.jpg","contentUrl":"https:\/\/www.kiddymusics.com\/wp-content\/uploads\/2018\/02\/escola_de_musica_grups_instrumentals_i_vocals.jpg","width":1920,"height":440,"caption":"classes per grups instrumentals"},{"@type":"BreadcrumbList","@id":"https:\/\/www.kiddymusics.com\/ca\/grups-instrumentals-i-vocals\/#breadcrumb","itemListElement":[{"@type":"ListItem","position":1,"name":"Home","item":"https:\/\/www.kiddymusics.com\/ca\/"},{"@type":"ListItem","position":2,"name":"Agrupacions Instrumentals i Vocals"}]},{"@type":"WebSite","@id":"https:\/\/www.kiddymusics.com\/ca\/#website","url":"https:\/\/www.kiddymusics.com\/ca\/","name":"KiddyMusics","description":"Plataforma per a l\u2019Educaci\u00f3 i la Difusi\u00f3 de la M\u00fasica","publisher":{"@id":"https:\/\/www.kiddymusics.com\/ca\/#organization"},"potentialAction":[{"@type":"SearchAction","target":{"@type":"EntryPoint","urlTemplate":"https:\/\/www.kiddymusics.com\/ca\/?s={search_term_string}"},"query-input":{"@type":"PropertyValueSpecification","valueRequired":true,"valueName":"search_term_string"}}],"inLanguage":"ca-ES"},{"@type":"Organization","@id":"https:\/\/www.kiddymusics.com\/ca\/#organization","name":"KiddyMusics","url":"https:\/\/www.kiddymusics.com\/ca\/","logo":{"@type":"ImageObject","inLanguage":"ca-ES","@id":"https:\/\/www.kiddymusics.com\/ca\/#\/schema\/logo\/image\/","url":"https:\/\/www.kiddymusics.com\/wp-content\/uploads\/2019\/12\/cropped-KM-logo-235.png","contentUrl":"https:\/\/www.kiddymusics.com\/wp-content\/uploads\/2019\/12\/cropped-KM-logo-235.png","width":250,"height":250,"caption":"KiddyMusics"},"image":{"@id":"https:\/\/www.kiddymusics.com\/ca\/#\/schema\/logo\/image\/"}}]}},"_links":{"self":[{"href":"https:\/\/www.kiddymusics.com\/ca\/wp-json\/wp\/v2\/pages\/266","targetHints":{"allow":["GET"]}}],"collection":[{"href":"https:\/\/www.kiddymusics.com\/ca\/wp-json\/wp\/v2\/pages"}],"about":[{"href":"https:\/\/www.kiddymusics.com\/ca\/wp-json\/wp\/v2\/types\/page"}],"author":[{"embeddable":true,"href":"https:\/\/www.kiddymusics.com\/ca\/wp-json\/wp\/v2\/users\/1"}],"replies":[{"embeddable":true,"href":"https:\/\/www.kiddymusics.com\/ca\/wp-json\/wp\/v2\/comments?post=266"}],"version-history":[{"count":36,"href":"https:\/\/www.kiddymusics.com\/ca\/wp-json\/wp\/v2\/pages\/266\/revisions"}],"predecessor-version":[{"id":5466,"href":"https:\/\/www.kiddymusics.com\/ca\/wp-json\/wp\/v2\/pages\/266\/revisions\/5466"}],"wp:featuredmedia":[{"embeddable":true,"href":"https:\/\/www.kiddymusics.com\/ca\/wp-json\/wp\/v2\/media\/1597"}],"wp:attachment":[{"href":"https:\/\/www.kiddymusics.com\/ca\/wp-json\/wp\/v2\/media?parent=266"}],"curies":[{"name":"wp","href":"https:\/\/api.w.org\/{rel}","templated":true}]}}