{"id":262,"date":"2018-01-03T07:48:16","date_gmt":"2018-01-03T07:48:16","guid":{"rendered":"https:\/\/www.kiddymusics.com\/?page_id=262"},"modified":"2021-03-25T13:36:25","modified_gmt":"2021-03-25T12:36:25","slug":"pla-destudis-km","status":"publish","type":"page","link":"https:\/\/www.kiddymusics.com\/ca\/pla-destudis-km\/","title":{"rendered":"Pla d\u2019Estudis KM"},"content":{"rendered":"<h2 class=\"wp-block-heading\">Pla&nbsp;d\u2019Estudis&nbsp;KiddyMusics<\/h2><h3 class=\"wp-block-heading\"><strong>En qu\u00e8 consisteix el Pla&nbsp;d\u2019Estudis&nbsp;KiddyMusics?<\/strong><\/h3><p>Per nivells i amb continguts espec\u00edfics, proporcionem les bases per una bona execuci\u00f3, interpretaci\u00f3 I comprensi\u00f3 musical que donar\u00e0 sentit al que es tocar\u00e0 amb l\u2019instrument.<\/p><p>A m\u00e9s potenciarem la pr\u00e0ctica musical en grup, amb els combos, les big bands, els ensembles, la FunkyJazzBand, les orquestres de corda, vent o percussi\u00f3, d\u2019Orff i les grupals vocals.<\/p><p>Preparem els alumnes per les proves de nivell i titulacions dels Conservatoris de Grau Mig i Superior, de l\u2019ABRSM i del Trinity College.<\/p><h3 class=\"wp-block-heading\"><strong>Com est\u00e0 estructurat el Pla d\u2019Estudis?<\/strong><\/h3><p>El programa est\u00e0 estructurat per nivells, que van des de la iniciaci\u00f3 fins el Grau 8. Es finalitza el programa amb uns coneixements reconeguts com a grau professional.<br><\/p><h4 class=\"wp-block-heading\">Iniciaci\u00f3<\/h4><p>Etapa on la part de llenguatge pren una dimensi\u00f3 important per tal de facilitar la pr\u00e0ctica de l\u2019instrument en la seva fase d\u2019iniciaci\u00f3. Es potenciar\u00e0 la pr\u00e0ctica de l\u2019instrument en grup.<br><strong>Per a qui?\u00a0<\/strong>Nens o nenes dels 7 als 8 anys.<\/p><h4 class=\"wp-block-heading\">Elemental<\/h4><p>Seguint amb la programaci\u00f3 dels nivells anterior, l\u2019objectiu de tota Etapa Elemental \u00e9s la de consolidar els conceptes del llenguatge per tal de donar el m\u00e0xim suport a l\u2019estudi de l\u2019instrument. Ja en aquesta etapa es comen\u00e7a a proposar preparar-se per fer els ex\u00e0mens de la Royal School, Trinity College i Conservatoris.<br>En aquest nivell, s\u2019introdueix els conceptes b\u00e0sics d\u2019harmonia <br><strong>Per a qui?<\/strong>\u00a0Nens o nenes a partir dels 8 anys.<br><\/p><h4 class=\"wp-block-heading\">Mig<\/h4><p>En aquesta etapa l\u2019harmonia, la composici\u00f3, l\u2019an\u00e0lisi, les formes musicals formen part de l\u2019apartat te\u00f2ric. L\u2019instrument ja est\u00e0 en la seva plenitud i per tant la part d\u2019interpretaci\u00f3 en p\u00fablic tindr\u00e0 un pes espec\u00edfic. Es continua la pr\u00e0ctica instrumental en grup. Els alumnes, si ho desitgen podran optar a les proves d\u2019acc\u00e9s de les diferents titulacions existents.<br><strong>Per a qui?<\/strong> Nens o nenes amb el nivell elemental finalitzat.<\/p>","protected":false},"excerpt":{"rendered":"<p>Formaci\u00f3 musical integral<\/p>\n","protected":false},"author":1,"featured_media":1601,"parent":0,"menu_order":46,"comment_status":"closed","ping_status":"closed","template":"embarassades.php","meta":{"_acf_changed":false,"footnotes":""},"class_list":["post-262","page","type-page","status-publish","has-post-thumbnail","hentry"],"acf":[],"yoast_head":"<!-- This site is optimized with the Yoast SEO plugin v24.9 - https:\/\/yoast.com\/wordpress\/plugins\/seo\/ -->\n<title>Pla d\u2019Estudis KM | KiddyMusics<\/title>\n<meta name=\"robots\" content=\"index, follow, max-snippet:-1, max-image-preview:large, max-video-preview:-1\" \/>\n<link rel=\"canonical\" href=\"https:\/\/www.kiddymusics.com\/ca\/pla-destudis-km\/\" \/>\n<meta property=\"og:locale\" content=\"ca_ES\" \/>\n<meta property=\"og:type\" content=\"article\" \/>\n<meta property=\"og:title\" content=\"Pla d\u2019Estudis KM | KiddyMusics\" \/>\n<meta property=\"og:description\" content=\"Formaci\u00f3 musical integral\" \/>\n<meta property=\"og:url\" content=\"https:\/\/www.kiddymusics.com\/ca\/pla-destudis-km\/\" \/>\n<meta property=\"og:site_name\" content=\"KiddyMusics\" \/>\n<meta property=\"article:modified_time\" content=\"2021-03-25T12:36:25+00:00\" \/>\n<meta property=\"og:image\" content=\"https:\/\/www.kiddymusics.com\/wp-content\/uploads\/2018\/02\/escola_de_musica_programa_lliure.jpg\" \/>\n\t<meta property=\"og:image:width\" content=\"1920\" \/>\n\t<meta property=\"og:image:height\" content=\"440\" \/>\n\t<meta property=\"og:image:type\" content=\"image\/jpeg\" \/>\n<meta name=\"twitter:card\" content=\"summary_large_image\" \/>\n<meta name=\"twitter:label1\" content=\"Est. reading time\" \/>\n\t<meta name=\"twitter:data1\" content=\"2 minutes\" \/>\n<script type=\"application\/ld+json\" class=\"yoast-schema-graph\">{\"@context\":\"https:\/\/schema.org\",\"@graph\":[{\"@type\":\"WebPage\",\"@id\":\"https:\/\/www.kiddymusics.com\/ca\/pla-destudis-km\/\",\"url\":\"https:\/\/www.kiddymusics.com\/ca\/pla-destudis-km\/\",\"name\":\"Pla d\u2019Estudis KM | KiddyMusics\",\"isPartOf\":{\"@id\":\"https:\/\/www.kiddymusics.com\/ca\/#website\"},\"primaryImageOfPage\":{\"@id\":\"https:\/\/www.kiddymusics.com\/ca\/pla-destudis-km\/#primaryimage\"},\"image\":{\"@id\":\"https:\/\/www.kiddymusics.com\/ca\/pla-destudis-km\/#primaryimage\"},\"thumbnailUrl\":\"https:\/\/www.kiddymusics.com\/wp-content\/uploads\/2018\/02\/escola_de_musica_programa_lliure.jpg\",\"datePublished\":\"2018-01-03T07:48:16+00:00\",\"dateModified\":\"2021-03-25T12:36:25+00:00\",\"breadcrumb\":{\"@id\":\"https:\/\/www.kiddymusics.com\/ca\/pla-destudis-km\/#breadcrumb\"},\"inLanguage\":\"ca-ES\",\"potentialAction\":[{\"@type\":\"ReadAction\",\"target\":[\"https:\/\/www.kiddymusics.com\/ca\/pla-destudis-km\/\"]}]},{\"@type\":\"ImageObject\",\"inLanguage\":\"ca-ES\",\"@id\":\"https:\/\/www.kiddymusics.com\/ca\/pla-destudis-km\/#primaryimage\",\"url\":\"https:\/\/www.kiddymusics.com\/wp-content\/uploads\/2018\/02\/escola_de_musica_programa_lliure.jpg\",\"contentUrl\":\"https:\/\/www.kiddymusics.com\/wp-content\/uploads\/2018\/02\/escola_de_musica_programa_lliure.jpg\",\"width\":1920,\"height\":440,\"caption\":\"programa lliure musical\"},{\"@type\":\"BreadcrumbList\",\"@id\":\"https:\/\/www.kiddymusics.com\/ca\/pla-destudis-km\/#breadcrumb\",\"itemListElement\":[{\"@type\":\"ListItem\",\"position\":1,\"name\":\"Home\",\"item\":\"https:\/\/www.kiddymusics.com\/ca\/\"},{\"@type\":\"ListItem\",\"position\":2,\"name\":\"Pla d\u2019Estudis KM\"}]},{\"@type\":\"WebSite\",\"@id\":\"https:\/\/www.kiddymusics.com\/ca\/#website\",\"url\":\"https:\/\/www.kiddymusics.com\/ca\/\",\"name\":\"KiddyMusics\",\"description\":\"Plataforma per a l\u2019Educaci\u00f3 i la Difusi\u00f3 de la M\u00fasica\",\"publisher\":{\"@id\":\"https:\/\/www.kiddymusics.com\/ca\/#organization\"},\"potentialAction\":[{\"@type\":\"SearchAction\",\"target\":{\"@type\":\"EntryPoint\",\"urlTemplate\":\"https:\/\/www.kiddymusics.com\/ca\/?s={search_term_string}\"},\"query-input\":{\"@type\":\"PropertyValueSpecification\",\"valueRequired\":true,\"valueName\":\"search_term_string\"}}],\"inLanguage\":\"ca-ES\"},{\"@type\":\"Organization\",\"@id\":\"https:\/\/www.kiddymusics.com\/ca\/#organization\",\"name\":\"KiddyMusics\",\"url\":\"https:\/\/www.kiddymusics.com\/ca\/\",\"logo\":{\"@type\":\"ImageObject\",\"inLanguage\":\"ca-ES\",\"@id\":\"https:\/\/www.kiddymusics.com\/ca\/#\/schema\/logo\/image\/\",\"url\":\"https:\/\/www.kiddymusics.com\/wp-content\/uploads\/2019\/12\/cropped-KM-logo-235.png\",\"contentUrl\":\"https:\/\/www.kiddymusics.com\/wp-content\/uploads\/2019\/12\/cropped-KM-logo-235.png\",\"width\":250,\"height\":250,\"caption\":\"KiddyMusics\"},\"image\":{\"@id\":\"https:\/\/www.kiddymusics.com\/ca\/#\/schema\/logo\/image\/\"}}]}<\/script>\n<!-- \/ Yoast SEO plugin. -->","yoast_head_json":{"title":"Pla d\u2019Estudis KM | KiddyMusics","robots":{"index":"index","follow":"follow","max-snippet":"max-snippet:-1","max-image-preview":"max-image-preview:large","max-video-preview":"max-video-preview:-1"},"canonical":"https:\/\/www.kiddymusics.com\/ca\/pla-destudis-km\/","og_locale":"ca_ES","og_type":"article","og_title":"Pla d\u2019Estudis KM | KiddyMusics","og_description":"Formaci\u00f3 musical integral","og_url":"https:\/\/www.kiddymusics.com\/ca\/pla-destudis-km\/","og_site_name":"KiddyMusics","article_modified_time":"2021-03-25T12:36:25+00:00","og_image":[{"width":1920,"height":440,"url":"https:\/\/www.kiddymusics.com\/wp-content\/uploads\/2018\/02\/escola_de_musica_programa_lliure.jpg","type":"image\/jpeg"}],"twitter_card":"summary_large_image","twitter_misc":{"Est. reading time":"2 minutes"},"schema":{"@context":"https:\/\/schema.org","@graph":[{"@type":"WebPage","@id":"https:\/\/www.kiddymusics.com\/ca\/pla-destudis-km\/","url":"https:\/\/www.kiddymusics.com\/ca\/pla-destudis-km\/","name":"Pla d\u2019Estudis KM | KiddyMusics","isPartOf":{"@id":"https:\/\/www.kiddymusics.com\/ca\/#website"},"primaryImageOfPage":{"@id":"https:\/\/www.kiddymusics.com\/ca\/pla-destudis-km\/#primaryimage"},"image":{"@id":"https:\/\/www.kiddymusics.com\/ca\/pla-destudis-km\/#primaryimage"},"thumbnailUrl":"https:\/\/www.kiddymusics.com\/wp-content\/uploads\/2018\/02\/escola_de_musica_programa_lliure.jpg","datePublished":"2018-01-03T07:48:16+00:00","dateModified":"2021-03-25T12:36:25+00:00","breadcrumb":{"@id":"https:\/\/www.kiddymusics.com\/ca\/pla-destudis-km\/#breadcrumb"},"inLanguage":"ca-ES","potentialAction":[{"@type":"ReadAction","target":["https:\/\/www.kiddymusics.com\/ca\/pla-destudis-km\/"]}]},{"@type":"ImageObject","inLanguage":"ca-ES","@id":"https:\/\/www.kiddymusics.com\/ca\/pla-destudis-km\/#primaryimage","url":"https:\/\/www.kiddymusics.com\/wp-content\/uploads\/2018\/02\/escola_de_musica_programa_lliure.jpg","contentUrl":"https:\/\/www.kiddymusics.com\/wp-content\/uploads\/2018\/02\/escola_de_musica_programa_lliure.jpg","width":1920,"height":440,"caption":"programa lliure musical"},{"@type":"BreadcrumbList","@id":"https:\/\/www.kiddymusics.com\/ca\/pla-destudis-km\/#breadcrumb","itemListElement":[{"@type":"ListItem","position":1,"name":"Home","item":"https:\/\/www.kiddymusics.com\/ca\/"},{"@type":"ListItem","position":2,"name":"Pla d\u2019Estudis KM"}]},{"@type":"WebSite","@id":"https:\/\/www.kiddymusics.com\/ca\/#website","url":"https:\/\/www.kiddymusics.com\/ca\/","name":"KiddyMusics","description":"Plataforma per a l\u2019Educaci\u00f3 i la Difusi\u00f3 de la M\u00fasica","publisher":{"@id":"https:\/\/www.kiddymusics.com\/ca\/#organization"},"potentialAction":[{"@type":"SearchAction","target":{"@type":"EntryPoint","urlTemplate":"https:\/\/www.kiddymusics.com\/ca\/?s={search_term_string}"},"query-input":{"@type":"PropertyValueSpecification","valueRequired":true,"valueName":"search_term_string"}}],"inLanguage":"ca-ES"},{"@type":"Organization","@id":"https:\/\/www.kiddymusics.com\/ca\/#organization","name":"KiddyMusics","url":"https:\/\/www.kiddymusics.com\/ca\/","logo":{"@type":"ImageObject","inLanguage":"ca-ES","@id":"https:\/\/www.kiddymusics.com\/ca\/#\/schema\/logo\/image\/","url":"https:\/\/www.kiddymusics.com\/wp-content\/uploads\/2019\/12\/cropped-KM-logo-235.png","contentUrl":"https:\/\/www.kiddymusics.com\/wp-content\/uploads\/2019\/12\/cropped-KM-logo-235.png","width":250,"height":250,"caption":"KiddyMusics"},"image":{"@id":"https:\/\/www.kiddymusics.com\/ca\/#\/schema\/logo\/image\/"}}]}},"_links":{"self":[{"href":"https:\/\/www.kiddymusics.com\/ca\/wp-json\/wp\/v2\/pages\/262","targetHints":{"allow":["GET"]}}],"collection":[{"href":"https:\/\/www.kiddymusics.com\/ca\/wp-json\/wp\/v2\/pages"}],"about":[{"href":"https:\/\/www.kiddymusics.com\/ca\/wp-json\/wp\/v2\/types\/page"}],"author":[{"embeddable":true,"href":"https:\/\/www.kiddymusics.com\/ca\/wp-json\/wp\/v2\/users\/1"}],"replies":[{"embeddable":true,"href":"https:\/\/www.kiddymusics.com\/ca\/wp-json\/wp\/v2\/comments?post=262"}],"version-history":[{"count":19,"href":"https:\/\/www.kiddymusics.com\/ca\/wp-json\/wp\/v2\/pages\/262\/revisions"}],"predecessor-version":[{"id":4535,"href":"https:\/\/www.kiddymusics.com\/ca\/wp-json\/wp\/v2\/pages\/262\/revisions\/4535"}],"wp:featuredmedia":[{"embeddable":true,"href":"https:\/\/www.kiddymusics.com\/ca\/wp-json\/wp\/v2\/media\/1601"}],"wp:attachment":[{"href":"https:\/\/www.kiddymusics.com\/ca\/wp-json\/wp\/v2\/media?parent=262"}],"curies":[{"name":"wp","href":"https:\/\/api.w.org\/{rel}","templated":true}]}}