{"id":250,"date":"2018-01-03T07:05:32","date_gmt":"2018-01-03T07:05:32","guid":{"rendered":"https:\/\/www.kiddymusics.com\/embarassades-2\/"},"modified":"2021-05-18T12:01:23","modified_gmt":"2021-05-18T10:01:23","slug":"preescolar","status":"publish","type":"page","link":"https:\/\/www.kiddymusics.com\/ca\/preescolar\/","title":{"rendered":"Preescolar (de 3 a 5 anys)"},"content":{"rendered":"<h2>Classes de KiddyMusics Preescolar<\/h2>\n<h3>Els centres KiddyMusics disposem de dos cursos en funci\u00f3 de l\u2019edat del nen o nena<\/h3>\n<ul>\n<li>\n<h4><strong>KiddyMusics Preescolar 1 (3-4 anys)<\/strong><\/h4>\n<p>Comen\u00e7arem a utilitzar t\u00e8cniques d\u2019expressi\u00f3 corporal a trav\u00e9s de la imaginaci\u00f3 i del moviment, utilitzar la can\u00e7\u00f3 com un element d\u2019expressi\u00f3 vocal i corporal acompanyats de diversos materials, aprendran a relacionar el so amb l\u2019 imatge dels instruments a trav\u00e9s del reconeixement auditiu i visual, tamb\u00e9 potenciarem la concentraci\u00f3 i la relaxaci\u00f3.<\/li>\n<li>\n<h4>Per a qui?<\/h4>\n<p>Nens o nenes dels 3 als 4 anys.<\/li>\n<li>\n<h4>Com?<\/h4>\n<p>En sessions de 60 minuts setmanals.<\/li>\n<li>\n<h4>A on?<\/h4>\n<p>Clica <a href=\"https:\/\/www.kiddymusics.com\/ca\/centres-kiddy-music\/\">aqu\u00ed<\/a> per veure els centres KiddyMusics.<\/li>\n<\/ul>\n<hr>\n<ul>\n<li>\n<h4><strong>KiddyMusics Preescolar 2 (4-5 anys)<\/strong><\/h4>\n<p>Propiciarem la sensibilitat art\u00edstica i tamb\u00e9 introduirem conceptes b\u00e0sics de m\u00fasica. Comen\u00e7arem a treballar els instruments d\u2019Orff i a promoure la seva participaci\u00f3 en les agrupacions. Aprendrem les notes, figures, intensitats, reguladors, qualitats de so, etc. El treball de ritme i entonaci\u00f3 ser\u00e0 un altre dels aspectes importants en aquesta fase.<\/li>\n<li>\n<h4>Per a qui?<\/h4>\n<p>Nens o nenes dels 4 als 5 anys..<\/li>\n<li>\n<h4>Com?<\/h4>\n<p>En sessions de 60 minuts setmanals.<\/li>\n<li>\n<h4>A on?<\/h4>\n<p>Clica <a href=\"https:\/\/www.kiddymusics.com\/ca\/centres-kiddy-music\/\">aqu\u00ed<\/a> per veure els centres KiddyMusics.<\/li>\n<\/ul>\n","protected":false},"excerpt":{"rendered":"<p>Socialitzant amb la m\u00fasica<\/p>\n","protected":false},"author":1,"featured_media":1613,"parent":0,"menu_order":43,"comment_status":"closed","ping_status":"closed","template":"embarassades.php","meta":{"_acf_changed":false,"footnotes":""},"class_list":["post-250","page","type-page","status-publish","has-post-thumbnail","hentry"],"acf":[],"yoast_head":"<!-- This site is optimized with the Yoast SEO plugin v24.9 - https:\/\/yoast.com\/wordpress\/plugins\/seo\/ -->\n<title>Preescolar (de 3 a 5 anys) | KiddyMusics<\/title>\n<meta name=\"robots\" content=\"index, follow, max-snippet:-1, max-image-preview:large, max-video-preview:-1\" \/>\n<link rel=\"canonical\" href=\"https:\/\/www.kiddymusics.com\/ca\/preescolar\/\" \/>\n<meta property=\"og:locale\" content=\"ca_ES\" \/>\n<meta property=\"og:type\" content=\"article\" \/>\n<meta property=\"og:title\" content=\"Preescolar (de 3 a 5 anys) | KiddyMusics\" \/>\n<meta property=\"og:description\" content=\"Socialitzant amb la m\u00fasica\" \/>\n<meta property=\"og:url\" content=\"https:\/\/www.kiddymusics.com\/ca\/preescolar\/\" \/>\n<meta property=\"og:site_name\" content=\"KiddyMusics\" \/>\n<meta property=\"article:modified_time\" content=\"2021-05-18T10:01:23+00:00\" \/>\n<meta property=\"og:image\" content=\"https:\/\/www.kiddymusics.com\/wp-content\/uploads\/2018\/02\/header_440x1920_preescolar.jpg\" \/>\n\t<meta property=\"og:image:width\" content=\"1920\" \/>\n\t<meta property=\"og:image:height\" content=\"440\" \/>\n\t<meta property=\"og:image:type\" content=\"image\/jpeg\" \/>\n<meta name=\"twitter:card\" content=\"summary_large_image\" \/>\n<meta name=\"twitter:label1\" content=\"Est. reading time\" \/>\n\t<meta name=\"twitter:data1\" content=\"1 minute\" \/>\n<script type=\"application\/ld+json\" class=\"yoast-schema-graph\">{\"@context\":\"https:\/\/schema.org\",\"@graph\":[{\"@type\":\"WebPage\",\"@id\":\"https:\/\/www.kiddymusics.com\/ca\/preescolar\/\",\"url\":\"https:\/\/www.kiddymusics.com\/ca\/preescolar\/\",\"name\":\"Preescolar (de 3 a 5 anys) | KiddyMusics\",\"isPartOf\":{\"@id\":\"https:\/\/www.kiddymusics.com\/ca\/#website\"},\"primaryImageOfPage\":{\"@id\":\"https:\/\/www.kiddymusics.com\/ca\/preescolar\/#primaryimage\"},\"image\":{\"@id\":\"https:\/\/www.kiddymusics.com\/ca\/preescolar\/#primaryimage\"},\"thumbnailUrl\":\"https:\/\/www.kiddymusics.com\/wp-content\/uploads\/2018\/02\/header_440x1920_preescolar.jpg\",\"datePublished\":\"2018-01-03T07:05:32+00:00\",\"dateModified\":\"2021-05-18T10:01:23+00:00\",\"breadcrumb\":{\"@id\":\"https:\/\/www.kiddymusics.com\/ca\/preescolar\/#breadcrumb\"},\"inLanguage\":\"ca-ES\",\"potentialAction\":[{\"@type\":\"ReadAction\",\"target\":[\"https:\/\/www.kiddymusics.com\/ca\/preescolar\/\"]}]},{\"@type\":\"ImageObject\",\"inLanguage\":\"ca-ES\",\"@id\":\"https:\/\/www.kiddymusics.com\/ca\/preescolar\/#primaryimage\",\"url\":\"https:\/\/www.kiddymusics.com\/wp-content\/uploads\/2018\/02\/header_440x1920_preescolar.jpg\",\"contentUrl\":\"https:\/\/www.kiddymusics.com\/wp-content\/uploads\/2018\/02\/header_440x1920_preescolar.jpg\",\"width\":1920,\"height\":440,\"caption\":\"classes de musica preescolar\"},{\"@type\":\"BreadcrumbList\",\"@id\":\"https:\/\/www.kiddymusics.com\/ca\/preescolar\/#breadcrumb\",\"itemListElement\":[{\"@type\":\"ListItem\",\"position\":1,\"name\":\"Home\",\"item\":\"https:\/\/www.kiddymusics.com\/ca\/\"},{\"@type\":\"ListItem\",\"position\":2,\"name\":\"Preescolar (de 3 a 5 anys)\"}]},{\"@type\":\"WebSite\",\"@id\":\"https:\/\/www.kiddymusics.com\/ca\/#website\",\"url\":\"https:\/\/www.kiddymusics.com\/ca\/\",\"name\":\"KiddyMusics\",\"description\":\"Plataforma per a l\u2019Educaci\u00f3 i la Difusi\u00f3 de la M\u00fasica\",\"publisher\":{\"@id\":\"https:\/\/www.kiddymusics.com\/ca\/#organization\"},\"potentialAction\":[{\"@type\":\"SearchAction\",\"target\":{\"@type\":\"EntryPoint\",\"urlTemplate\":\"https:\/\/www.kiddymusics.com\/ca\/?s={search_term_string}\"},\"query-input\":{\"@type\":\"PropertyValueSpecification\",\"valueRequired\":true,\"valueName\":\"search_term_string\"}}],\"inLanguage\":\"ca-ES\"},{\"@type\":\"Organization\",\"@id\":\"https:\/\/www.kiddymusics.com\/ca\/#organization\",\"name\":\"KiddyMusics\",\"url\":\"https:\/\/www.kiddymusics.com\/ca\/\",\"logo\":{\"@type\":\"ImageObject\",\"inLanguage\":\"ca-ES\",\"@id\":\"https:\/\/www.kiddymusics.com\/ca\/#\/schema\/logo\/image\/\",\"url\":\"https:\/\/www.kiddymusics.com\/wp-content\/uploads\/2019\/12\/cropped-KM-logo-235.png\",\"contentUrl\":\"https:\/\/www.kiddymusics.com\/wp-content\/uploads\/2019\/12\/cropped-KM-logo-235.png\",\"width\":250,\"height\":250,\"caption\":\"KiddyMusics\"},\"image\":{\"@id\":\"https:\/\/www.kiddymusics.com\/ca\/#\/schema\/logo\/image\/\"}}]}<\/script>\n<!-- \/ Yoast SEO plugin. -->","yoast_head_json":{"title":"Preescolar (de 3 a 5 anys) | KiddyMusics","robots":{"index":"index","follow":"follow","max-snippet":"max-snippet:-1","max-image-preview":"max-image-preview:large","max-video-preview":"max-video-preview:-1"},"canonical":"https:\/\/www.kiddymusics.com\/ca\/preescolar\/","og_locale":"ca_ES","og_type":"article","og_title":"Preescolar (de 3 a 5 anys) | KiddyMusics","og_description":"Socialitzant amb la m\u00fasica","og_url":"https:\/\/www.kiddymusics.com\/ca\/preescolar\/","og_site_name":"KiddyMusics","article_modified_time":"2021-05-18T10:01:23+00:00","og_image":[{"width":1920,"height":440,"url":"https:\/\/www.kiddymusics.com\/wp-content\/uploads\/2018\/02\/header_440x1920_preescolar.jpg","type":"image\/jpeg"}],"twitter_card":"summary_large_image","twitter_misc":{"Est. reading time":"1 minute"},"schema":{"@context":"https:\/\/schema.org","@graph":[{"@type":"WebPage","@id":"https:\/\/www.kiddymusics.com\/ca\/preescolar\/","url":"https:\/\/www.kiddymusics.com\/ca\/preescolar\/","name":"Preescolar (de 3 a 5 anys) | KiddyMusics","isPartOf":{"@id":"https:\/\/www.kiddymusics.com\/ca\/#website"},"primaryImageOfPage":{"@id":"https:\/\/www.kiddymusics.com\/ca\/preescolar\/#primaryimage"},"image":{"@id":"https:\/\/www.kiddymusics.com\/ca\/preescolar\/#primaryimage"},"thumbnailUrl":"https:\/\/www.kiddymusics.com\/wp-content\/uploads\/2018\/02\/header_440x1920_preescolar.jpg","datePublished":"2018-01-03T07:05:32+00:00","dateModified":"2021-05-18T10:01:23+00:00","breadcrumb":{"@id":"https:\/\/www.kiddymusics.com\/ca\/preescolar\/#breadcrumb"},"inLanguage":"ca-ES","potentialAction":[{"@type":"ReadAction","target":["https:\/\/www.kiddymusics.com\/ca\/preescolar\/"]}]},{"@type":"ImageObject","inLanguage":"ca-ES","@id":"https:\/\/www.kiddymusics.com\/ca\/preescolar\/#primaryimage","url":"https:\/\/www.kiddymusics.com\/wp-content\/uploads\/2018\/02\/header_440x1920_preescolar.jpg","contentUrl":"https:\/\/www.kiddymusics.com\/wp-content\/uploads\/2018\/02\/header_440x1920_preescolar.jpg","width":1920,"height":440,"caption":"classes de musica preescolar"},{"@type":"BreadcrumbList","@id":"https:\/\/www.kiddymusics.com\/ca\/preescolar\/#breadcrumb","itemListElement":[{"@type":"ListItem","position":1,"name":"Home","item":"https:\/\/www.kiddymusics.com\/ca\/"},{"@type":"ListItem","position":2,"name":"Preescolar (de 3 a 5 anys)"}]},{"@type":"WebSite","@id":"https:\/\/www.kiddymusics.com\/ca\/#website","url":"https:\/\/www.kiddymusics.com\/ca\/","name":"KiddyMusics","description":"Plataforma per a l\u2019Educaci\u00f3 i la Difusi\u00f3 de la M\u00fasica","publisher":{"@id":"https:\/\/www.kiddymusics.com\/ca\/#organization"},"potentialAction":[{"@type":"SearchAction","target":{"@type":"EntryPoint","urlTemplate":"https:\/\/www.kiddymusics.com\/ca\/?s={search_term_string}"},"query-input":{"@type":"PropertyValueSpecification","valueRequired":true,"valueName":"search_term_string"}}],"inLanguage":"ca-ES"},{"@type":"Organization","@id":"https:\/\/www.kiddymusics.com\/ca\/#organization","name":"KiddyMusics","url":"https:\/\/www.kiddymusics.com\/ca\/","logo":{"@type":"ImageObject","inLanguage":"ca-ES","@id":"https:\/\/www.kiddymusics.com\/ca\/#\/schema\/logo\/image\/","url":"https:\/\/www.kiddymusics.com\/wp-content\/uploads\/2019\/12\/cropped-KM-logo-235.png","contentUrl":"https:\/\/www.kiddymusics.com\/wp-content\/uploads\/2019\/12\/cropped-KM-logo-235.png","width":250,"height":250,"caption":"KiddyMusics"},"image":{"@id":"https:\/\/www.kiddymusics.com\/ca\/#\/schema\/logo\/image\/"}}]}},"_links":{"self":[{"href":"https:\/\/www.kiddymusics.com\/ca\/wp-json\/wp\/v2\/pages\/250","targetHints":{"allow":["GET"]}}],"collection":[{"href":"https:\/\/www.kiddymusics.com\/ca\/wp-json\/wp\/v2\/pages"}],"about":[{"href":"https:\/\/www.kiddymusics.com\/ca\/wp-json\/wp\/v2\/types\/page"}],"author":[{"embeddable":true,"href":"https:\/\/www.kiddymusics.com\/ca\/wp-json\/wp\/v2\/users\/1"}],"replies":[{"embeddable":true,"href":"https:\/\/www.kiddymusics.com\/ca\/wp-json\/wp\/v2\/comments?post=250"}],"version-history":[{"count":36,"href":"https:\/\/www.kiddymusics.com\/ca\/wp-json\/wp\/v2\/pages\/250\/revisions"}],"predecessor-version":[{"id":5509,"href":"https:\/\/www.kiddymusics.com\/ca\/wp-json\/wp\/v2\/pages\/250\/revisions\/5509"}],"wp:featuredmedia":[{"embeddable":true,"href":"https:\/\/www.kiddymusics.com\/ca\/wp-json\/wp\/v2\/media\/1613"}],"wp:attachment":[{"href":"https:\/\/www.kiddymusics.com\/ca\/wp-json\/wp\/v2\/media?parent=250"}],"curies":[{"name":"wp","href":"https:\/\/api.w.org\/{rel}","templated":true}]}}