{"id":246,"date":"2018-01-03T07:04:56","date_gmt":"2018-01-03T07:04:56","guid":{"rendered":"https:\/\/www.kiddymusics.com\/embarassades-2\/"},"modified":"2019-12-18T14:59:17","modified_gmt":"2019-12-18T13:59:17","slug":"teatre-infantil","status":"publish","type":"page","link":"https:\/\/www.kiddymusics.com\/ca\/teatre-infantil\/","title":{"rendered":"Infantil"},"content":{"rendered":"<h2>En qu\u00e8 consisteix el programa?<\/h2>\n<p>Iniciaci\u00f3 a la t\u00e8cnica vocal adequada a cada edat. Faran exercicis de respiraci\u00f3, tonificaci\u00f3 i projecci\u00f3 de la veu adequada a cada edat i a trav\u00e9s de can\u00e7ons que els ajudaran a entendre.<\/p>\n<p>Treballaran ritmes i afinaci\u00f3 a trav\u00e9s de can\u00e7ons grupals i diversos exercicis relacionats amb la m\u00fasica.<\/p>\n<p>Treballaran la interpretaci\u00f3 a trav\u00e9s de la desinhibici\u00f3 corporal, la improvisaci\u00f3 i l\u2019aplicaci\u00f3 a personatges i escenes de teatre musical.<\/p>\n<p>Iniciarem als alumnes a la dansa a trav\u00e9s de diferents estils a nivell b\u00e0sic per recolzar el treball interpretatiu i vocal.<\/p>\n<ul>\n<li>\n<h4>Per a qui?<\/h4>\n<p>Nens i nenes de 6 a 9 anys<\/li>\n<li>\n<h4>A on?<\/h4>\n<p>Clica <a href=\"https:\/\/www.kiddymusics.com\/centres-kiddy-music\/\">aqu\u00ed<\/a> per veure els centres KiddyMusics.<\/li>\n<\/ul>\n<h2>Quins punts es treballen?<\/h2>\n<ul class=\"bullet_list\">\n<li style=\"list-style-type: none;\">\n<ul class=\"bullet_list\">\n<li>L\u2019escalfament de la veu<\/li>\n<li>Respiraci\u00f3<\/li>\n<li>L\u2019alliberament de la veu<\/li>\n<li>Projecci\u00f3 i ressonadors de la veu<\/li>\n<li>Qualitats de veu<\/li>\n<li>Comunicaci\u00f3<\/li>\n<li>Interpretaci\u00f3 de can\u00e7ons<\/li>\n<li>Cantar el text<\/li>\n<li>L\u2019emoci\u00f3<\/li>\n<li>Desinhibici\u00f3 corporal<\/li>\n<li>Improvisaci\u00f3<\/li>\n<li>Creaci\u00f3 de personatge<\/li>\n<li>L\u2019escolta<\/li>\n<li>Contacte amb el p\u00fablic<\/li>\n<li>El ritme i l\u2019afinaci\u00f3<\/li>\n<li>Treball coral<\/li>\n<li>Musicalitat<\/li>\n<li>Coreografies<\/li>\n<\/ul>\n<\/li>\n<\/ul>\n","protected":false},"excerpt":{"rendered":"<p>Treballa el cant, la interpretaci\u00f3 i la dansa<\/p>\n","protected":false},"author":1,"featured_media":1581,"parent":0,"menu_order":53,"comment_status":"closed","ping_status":"closed","template":"embarassades.php","meta":{"_acf_changed":false,"footnotes":""},"class_list":["post-246","page","type-page","status-publish","has-post-thumbnail","hentry"],"acf":[],"yoast_head":"<!-- This site is optimized with the Yoast SEO plugin v24.9 - https:\/\/yoast.com\/wordpress\/plugins\/seo\/ -->\n<title>Infantil | KiddyMusics<\/title>\n<meta name=\"robots\" content=\"index, follow, max-snippet:-1, max-image-preview:large, max-video-preview:-1\" \/>\n<link rel=\"canonical\" href=\"https:\/\/www.kiddymusics.com\/ca\/teatre-infantil\/\" \/>\n<meta property=\"og:locale\" content=\"ca_ES\" \/>\n<meta property=\"og:type\" content=\"article\" \/>\n<meta property=\"og:title\" content=\"Infantil | KiddyMusics\" \/>\n<meta property=\"og:description\" content=\"Treballa el cant, la interpretaci\u00f3 i la dansa\" \/>\n<meta property=\"og:url\" content=\"https:\/\/www.kiddymusics.com\/ca\/teatre-infantil\/\" \/>\n<meta property=\"og:site_name\" content=\"KiddyMusics\" \/>\n<meta property=\"article:modified_time\" content=\"2019-12-18T13:59:17+00:00\" \/>\n<meta property=\"og:image\" content=\"https:\/\/www.kiddymusics.com\/wp-content\/uploads\/2018\/02\/nens-i-musica.jpg\" \/>\n\t<meta property=\"og:image:width\" content=\"1024\" \/>\n\t<meta property=\"og:image:height\" content=\"235\" \/>\n\t<meta property=\"og:image:type\" content=\"image\/jpeg\" \/>\n<meta name=\"twitter:card\" content=\"summary_large_image\" \/>\n<meta name=\"twitter:label1\" content=\"Est. reading time\" \/>\n\t<meta name=\"twitter:data1\" content=\"1 minute\" \/>\n<script type=\"application\/ld+json\" class=\"yoast-schema-graph\">{\"@context\":\"https:\/\/schema.org\",\"@graph\":[{\"@type\":\"WebPage\",\"@id\":\"https:\/\/www.kiddymusics.com\/ca\/teatre-infantil\/\",\"url\":\"https:\/\/www.kiddymusics.com\/ca\/teatre-infantil\/\",\"name\":\"Infantil | KiddyMusics\",\"isPartOf\":{\"@id\":\"https:\/\/www.kiddymusics.com\/ca\/#website\"},\"primaryImageOfPage\":{\"@id\":\"https:\/\/www.kiddymusics.com\/ca\/teatre-infantil\/#primaryimage\"},\"image\":{\"@id\":\"https:\/\/www.kiddymusics.com\/ca\/teatre-infantil\/#primaryimage\"},\"thumbnailUrl\":\"https:\/\/www.kiddymusics.com\/wp-content\/uploads\/2018\/02\/nens-i-musica.jpg\",\"datePublished\":\"2018-01-03T07:04:56+00:00\",\"dateModified\":\"2019-12-18T13:59:17+00:00\",\"breadcrumb\":{\"@id\":\"https:\/\/www.kiddymusics.com\/ca\/teatre-infantil\/#breadcrumb\"},\"inLanguage\":\"ca-ES\",\"potentialAction\":[{\"@type\":\"ReadAction\",\"target\":[\"https:\/\/www.kiddymusics.com\/ca\/teatre-infantil\/\"]}]},{\"@type\":\"ImageObject\",\"inLanguage\":\"ca-ES\",\"@id\":\"https:\/\/www.kiddymusics.com\/ca\/teatre-infantil\/#primaryimage\",\"url\":\"https:\/\/www.kiddymusics.com\/wp-content\/uploads\/2018\/02\/nens-i-musica.jpg\",\"contentUrl\":\"https:\/\/www.kiddymusics.com\/wp-content\/uploads\/2018\/02\/nens-i-musica.jpg\",\"width\":1024,\"height\":235,\"caption\":\"musica per nens\"},{\"@type\":\"BreadcrumbList\",\"@id\":\"https:\/\/www.kiddymusics.com\/ca\/teatre-infantil\/#breadcrumb\",\"itemListElement\":[{\"@type\":\"ListItem\",\"position\":1,\"name\":\"Home\",\"item\":\"https:\/\/www.kiddymusics.com\/ca\/\"},{\"@type\":\"ListItem\",\"position\":2,\"name\":\"Infantil\"}]},{\"@type\":\"WebSite\",\"@id\":\"https:\/\/www.kiddymusics.com\/ca\/#website\",\"url\":\"https:\/\/www.kiddymusics.com\/ca\/\",\"name\":\"KiddyMusics\",\"description\":\"Plataforma per a l\u2019Educaci\u00f3 i la Difusi\u00f3 de la M\u00fasica\",\"publisher\":{\"@id\":\"https:\/\/www.kiddymusics.com\/ca\/#organization\"},\"potentialAction\":[{\"@type\":\"SearchAction\",\"target\":{\"@type\":\"EntryPoint\",\"urlTemplate\":\"https:\/\/www.kiddymusics.com\/ca\/?s={search_term_string}\"},\"query-input\":{\"@type\":\"PropertyValueSpecification\",\"valueRequired\":true,\"valueName\":\"search_term_string\"}}],\"inLanguage\":\"ca-ES\"},{\"@type\":\"Organization\",\"@id\":\"https:\/\/www.kiddymusics.com\/ca\/#organization\",\"name\":\"KiddyMusics\",\"url\":\"https:\/\/www.kiddymusics.com\/ca\/\",\"logo\":{\"@type\":\"ImageObject\",\"inLanguage\":\"ca-ES\",\"@id\":\"https:\/\/www.kiddymusics.com\/ca\/#\/schema\/logo\/image\/\",\"url\":\"https:\/\/www.kiddymusics.com\/wp-content\/uploads\/2019\/12\/cropped-KM-logo-235.png\",\"contentUrl\":\"https:\/\/www.kiddymusics.com\/wp-content\/uploads\/2019\/12\/cropped-KM-logo-235.png\",\"width\":250,\"height\":250,\"caption\":\"KiddyMusics\"},\"image\":{\"@id\":\"https:\/\/www.kiddymusics.com\/ca\/#\/schema\/logo\/image\/\"}}]}<\/script>\n<!-- \/ Yoast SEO plugin. -->","yoast_head_json":{"title":"Infantil | KiddyMusics","robots":{"index":"index","follow":"follow","max-snippet":"max-snippet:-1","max-image-preview":"max-image-preview:large","max-video-preview":"max-video-preview:-1"},"canonical":"https:\/\/www.kiddymusics.com\/ca\/teatre-infantil\/","og_locale":"ca_ES","og_type":"article","og_title":"Infantil | KiddyMusics","og_description":"Treballa el cant, la interpretaci\u00f3 i la dansa","og_url":"https:\/\/www.kiddymusics.com\/ca\/teatre-infantil\/","og_site_name":"KiddyMusics","article_modified_time":"2019-12-18T13:59:17+00:00","og_image":[{"width":1024,"height":235,"url":"https:\/\/www.kiddymusics.com\/wp-content\/uploads\/2018\/02\/nens-i-musica.jpg","type":"image\/jpeg"}],"twitter_card":"summary_large_image","twitter_misc":{"Est. reading time":"1 minute"},"schema":{"@context":"https:\/\/schema.org","@graph":[{"@type":"WebPage","@id":"https:\/\/www.kiddymusics.com\/ca\/teatre-infantil\/","url":"https:\/\/www.kiddymusics.com\/ca\/teatre-infantil\/","name":"Infantil | KiddyMusics","isPartOf":{"@id":"https:\/\/www.kiddymusics.com\/ca\/#website"},"primaryImageOfPage":{"@id":"https:\/\/www.kiddymusics.com\/ca\/teatre-infantil\/#primaryimage"},"image":{"@id":"https:\/\/www.kiddymusics.com\/ca\/teatre-infantil\/#primaryimage"},"thumbnailUrl":"https:\/\/www.kiddymusics.com\/wp-content\/uploads\/2018\/02\/nens-i-musica.jpg","datePublished":"2018-01-03T07:04:56+00:00","dateModified":"2019-12-18T13:59:17+00:00","breadcrumb":{"@id":"https:\/\/www.kiddymusics.com\/ca\/teatre-infantil\/#breadcrumb"},"inLanguage":"ca-ES","potentialAction":[{"@type":"ReadAction","target":["https:\/\/www.kiddymusics.com\/ca\/teatre-infantil\/"]}]},{"@type":"ImageObject","inLanguage":"ca-ES","@id":"https:\/\/www.kiddymusics.com\/ca\/teatre-infantil\/#primaryimage","url":"https:\/\/www.kiddymusics.com\/wp-content\/uploads\/2018\/02\/nens-i-musica.jpg","contentUrl":"https:\/\/www.kiddymusics.com\/wp-content\/uploads\/2018\/02\/nens-i-musica.jpg","width":1024,"height":235,"caption":"musica per nens"},{"@type":"BreadcrumbList","@id":"https:\/\/www.kiddymusics.com\/ca\/teatre-infantil\/#breadcrumb","itemListElement":[{"@type":"ListItem","position":1,"name":"Home","item":"https:\/\/www.kiddymusics.com\/ca\/"},{"@type":"ListItem","position":2,"name":"Infantil"}]},{"@type":"WebSite","@id":"https:\/\/www.kiddymusics.com\/ca\/#website","url":"https:\/\/www.kiddymusics.com\/ca\/","name":"KiddyMusics","description":"Plataforma per a l\u2019Educaci\u00f3 i la Difusi\u00f3 de la M\u00fasica","publisher":{"@id":"https:\/\/www.kiddymusics.com\/ca\/#organization"},"potentialAction":[{"@type":"SearchAction","target":{"@type":"EntryPoint","urlTemplate":"https:\/\/www.kiddymusics.com\/ca\/?s={search_term_string}"},"query-input":{"@type":"PropertyValueSpecification","valueRequired":true,"valueName":"search_term_string"}}],"inLanguage":"ca-ES"},{"@type":"Organization","@id":"https:\/\/www.kiddymusics.com\/ca\/#organization","name":"KiddyMusics","url":"https:\/\/www.kiddymusics.com\/ca\/","logo":{"@type":"ImageObject","inLanguage":"ca-ES","@id":"https:\/\/www.kiddymusics.com\/ca\/#\/schema\/logo\/image\/","url":"https:\/\/www.kiddymusics.com\/wp-content\/uploads\/2019\/12\/cropped-KM-logo-235.png","contentUrl":"https:\/\/www.kiddymusics.com\/wp-content\/uploads\/2019\/12\/cropped-KM-logo-235.png","width":250,"height":250,"caption":"KiddyMusics"},"image":{"@id":"https:\/\/www.kiddymusics.com\/ca\/#\/schema\/logo\/image\/"}}]}},"_links":{"self":[{"href":"https:\/\/www.kiddymusics.com\/ca\/wp-json\/wp\/v2\/pages\/246","targetHints":{"allow":["GET"]}}],"collection":[{"href":"https:\/\/www.kiddymusics.com\/ca\/wp-json\/wp\/v2\/pages"}],"about":[{"href":"https:\/\/www.kiddymusics.com\/ca\/wp-json\/wp\/v2\/types\/page"}],"author":[{"embeddable":true,"href":"https:\/\/www.kiddymusics.com\/ca\/wp-json\/wp\/v2\/users\/1"}],"replies":[{"embeddable":true,"href":"https:\/\/www.kiddymusics.com\/ca\/wp-json\/wp\/v2\/comments?post=246"}],"version-history":[{"count":73,"href":"https:\/\/www.kiddymusics.com\/ca\/wp-json\/wp\/v2\/pages\/246\/revisions"}],"predecessor-version":[{"id":3376,"href":"https:\/\/www.kiddymusics.com\/ca\/wp-json\/wp\/v2\/pages\/246\/revisions\/3376"}],"wp:featuredmedia":[{"embeddable":true,"href":"https:\/\/www.kiddymusics.com\/ca\/wp-json\/wp\/v2\/media\/1581"}],"wp:attachment":[{"href":"https:\/\/www.kiddymusics.com\/ca\/wp-json\/wp\/v2\/media?parent=246"}],"curies":[{"name":"wp","href":"https:\/\/api.w.org\/{rel}","templated":true}]}}