{"id":2119,"date":"2018-05-28T21:58:03","date_gmt":"2018-05-28T19:58:03","guid":{"rendered":"https:\/\/www.kiddymusics.com\/?page_id=2119"},"modified":"2024-11-13T10:38:11","modified_gmt":"2024-11-13T09:38:11","slug":"campus-virtual","status":"publish","type":"page","link":"https:\/\/www.kiddymusics.com\/ca\/campus-virtual\/","title":{"rendered":"Campus Virtual KiddyMusics"},"content":{"rendered":"<p><\/p><h3 style=\"text-align: center;\">Descobreix el nostre nou servei KiddyMusics Gwido!<\/h3>\n<p style=\"text-align: center;\">A <strong>KiddyMusics.Gwido<\/strong> trobar\u00e0s tota la informaci\u00f3 de matr\u00edcules, horaris, calendaris, informes d\u2019avaluaci\u00f3, faltes d\u2019assist\u00e8ncia o abs\u00e8ncies, parlar amb els professors o gestors de KiddyMusics i molt m\u00e9s. Un cop et matriculis rebr\u00e0s la invitaci\u00f3 per aquest nou suport. Tamb\u00e9 via APP.<\/p>\n<h3 style=\"text-align: center;\"><a href=\"https:\/\/kiddymusics.gwido.com\/\">Entra a GWIDO al teu Ordinador (no al teu tel\u00e8fon mobil)<\/a><\/h3>\n<p style=\"text-align: center;\">Un cop rebis la invitaci\u00f3 per entrar a GWIDO, clica a l&#8217;enlla\u00e7 i introdueix el teu Usuari i Contrasenya que t&#8217;hem enviat.<\/p>\n<p style=\"text-align: center;\">Et recomanem que quan entris per primera vegada, modifiquis la contrasenya i posis una que puguis recordar.<\/p>\n<p style=\"text-align: center;\">Si en algun moment no recordes la contrasenya que has posat, contacta amb nosaltres i et farem arribar una nova invitaci\u00f3 per entrar a GWIDO.<\/p>\n<h3 style=\"text-align: center;\"><a href=\"https:\/\/kiddymusics.gwido.com\/\">Clica aqu\u00ed per entrar a GWIDO i segueix el seg\u00fcents passos<\/a><\/h3>\n<p style=\"text-align: center;\">1.- Entra a l&#8217;aplicaci\u00f3 WEB de GWIDO.<\/p>\n<p style=\"text-align: center;\">2.- Dalt, a la part dreta, Clica on posa el teu nom i et sortir\u00e0 un men\u00fa.<\/p>\n<p style=\"text-align: center;\">3.- Clica a &#8216;Opcions&#8217; i escull l&#8217;apartat &#8216;Vincula l&#8217;aplicaci\u00f3 GWIDO per a dispositius m\u00f2bils&#8217;<\/p>\n<p style=\"text-align: center;\">4.- Et sortir\u00e0 un codi QR. Queda&#8217;t a aquesta pantalla.<\/p>\n<h3 style=\"text-align: center;\"><span style=\"color: #00ccff;\">AL teu telef\u00f2n mobil descarrega la APP per a m\u00f2bils de GWIDO<\/span><\/h3>\n<p style=\"text-align: center;\">5.- Descarrega al teu m\u00f2bil l&#8217;APP de GWIDO i obre-la.<\/p>\n<p style=\"text-align: center;\">6.- Prem l&#8217;opci\u00f3 &#8216;Escaneja&#8217; que surt a la part de dalt de la pantalla i llegeix el Codi QR que et va sortir al teu ordinador al pas &#8216;4.-&#8216;<\/p>\n<p style=\"text-align: center;\">7.- Ja haur\u00e0s d&#8217;estar dins l&#8217;APP de GWIDO.<\/p><p><\/p>","protected":false},"excerpt":{"rendered":"<p>Descobreix el nostre nou servei KiddyMusics Gwido! A KiddyMusics.Gwido trobar\u00e0s tota la informaci\u00f3 de matr\u00edcules, horaris, calendaris, informes d\u2019avaluaci\u00f3, faltes d\u2019assist\u00e8ncia o abs\u00e8ncies, parlar amb els professors o gestors de KiddyMusics i molt m\u00e9s. Un cop et matriculis rebr\u00e0s la invitaci\u00f3 per aquest nou suport. Tamb\u00e9 via APP. Entra a GWIDO al teu Ordinador (no &hellip; <\/p>\n<p class=\"link-more\"><a href=\"https:\/\/www.kiddymusics.com\/ca\/campus-virtual\/\" class=\"more-link\">Continue reading<span class=\"screen-reader-text\"> &#8220;Campus Virtual KiddyMusics&#8221;<\/span><\/a><\/p>\n","protected":false},"author":1,"featured_media":0,"parent":0,"menu_order":31,"comment_status":"closed","ping_status":"closed","template":"","meta":{"_acf_changed":false,"footnotes":""},"class_list":["post-2119","page","type-page","status-publish","hentry"],"acf":[],"yoast_head":"<!-- This site is optimized with the Yoast SEO plugin v24.9 - https:\/\/yoast.com\/wordpress\/plugins\/seo\/ -->\n<title>Campus Virtual KiddyMusics | KiddyMusics<\/title>\n<meta name=\"robots\" content=\"index, follow, max-snippet:-1, max-image-preview:large, max-video-preview:-1\" \/>\n<link rel=\"canonical\" href=\"https:\/\/www.kiddymusics.com\/ca\/campus-virtual\/\" \/>\n<meta property=\"og:locale\" content=\"ca_ES\" \/>\n<meta property=\"og:type\" content=\"article\" \/>\n<meta property=\"og:title\" content=\"Campus Virtual KiddyMusics | KiddyMusics\" \/>\n<meta property=\"og:description\" content=\"Descobreix el nostre nou servei KiddyMusics Gwido! A KiddyMusics.Gwido trobar\u00e0s tota la informaci\u00f3 de matr\u00edcules, horaris, calendaris, informes d\u2019avaluaci\u00f3, faltes d\u2019assist\u00e8ncia o abs\u00e8ncies, parlar amb els professors o gestors de KiddyMusics i molt m\u00e9s. Un cop et matriculis rebr\u00e0s la invitaci\u00f3 per aquest nou suport. Tamb\u00e9 via APP. Entra a GWIDO al teu Ordinador (no &hellip; Continue reading &quot;Campus Virtual KiddyMusics&quot;\" \/>\n<meta property=\"og:url\" content=\"https:\/\/www.kiddymusics.com\/ca\/campus-virtual\/\" \/>\n<meta property=\"og:site_name\" content=\"KiddyMusics\" \/>\n<meta property=\"article:modified_time\" content=\"2024-11-13T09:38:11+00:00\" \/>\n<meta name=\"twitter:card\" content=\"summary_large_image\" \/>\n<meta name=\"twitter:label1\" content=\"Est. reading time\" \/>\n\t<meta name=\"twitter:data1\" content=\"2 minutes\" \/>\n<script type=\"application\/ld+json\" class=\"yoast-schema-graph\">{\"@context\":\"https:\/\/schema.org\",\"@graph\":[{\"@type\":\"WebPage\",\"@id\":\"https:\/\/www.kiddymusics.com\/ca\/campus-virtual\/\",\"url\":\"https:\/\/www.kiddymusics.com\/ca\/campus-virtual\/\",\"name\":\"Campus Virtual KiddyMusics | KiddyMusics\",\"isPartOf\":{\"@id\":\"https:\/\/www.kiddymusics.com\/ca\/#website\"},\"datePublished\":\"2018-05-28T19:58:03+00:00\",\"dateModified\":\"2024-11-13T09:38:11+00:00\",\"breadcrumb\":{\"@id\":\"https:\/\/www.kiddymusics.com\/ca\/campus-virtual\/#breadcrumb\"},\"inLanguage\":\"ca-ES\",\"potentialAction\":[{\"@type\":\"ReadAction\",\"target\":[\"https:\/\/www.kiddymusics.com\/ca\/campus-virtual\/\"]}]},{\"@type\":\"BreadcrumbList\",\"@id\":\"https:\/\/www.kiddymusics.com\/ca\/campus-virtual\/#breadcrumb\",\"itemListElement\":[{\"@type\":\"ListItem\",\"position\":1,\"name\":\"Home\",\"item\":\"https:\/\/www.kiddymusics.com\/ca\/\"},{\"@type\":\"ListItem\",\"position\":2,\"name\":\"Campus Virtual KiddyMusics\"}]},{\"@type\":\"WebSite\",\"@id\":\"https:\/\/www.kiddymusics.com\/ca\/#website\",\"url\":\"https:\/\/www.kiddymusics.com\/ca\/\",\"name\":\"KiddyMusics\",\"description\":\"Plataforma per a l\u2019Educaci\u00f3 i la Difusi\u00f3 de la M\u00fasica\",\"publisher\":{\"@id\":\"https:\/\/www.kiddymusics.com\/ca\/#organization\"},\"potentialAction\":[{\"@type\":\"SearchAction\",\"target\":{\"@type\":\"EntryPoint\",\"urlTemplate\":\"https:\/\/www.kiddymusics.com\/ca\/?s={search_term_string}\"},\"query-input\":{\"@type\":\"PropertyValueSpecification\",\"valueRequired\":true,\"valueName\":\"search_term_string\"}}],\"inLanguage\":\"ca-ES\"},{\"@type\":\"Organization\",\"@id\":\"https:\/\/www.kiddymusics.com\/ca\/#organization\",\"name\":\"KiddyMusics\",\"url\":\"https:\/\/www.kiddymusics.com\/ca\/\",\"logo\":{\"@type\":\"ImageObject\",\"inLanguage\":\"ca-ES\",\"@id\":\"https:\/\/www.kiddymusics.com\/ca\/#\/schema\/logo\/image\/\",\"url\":\"https:\/\/www.kiddymusics.com\/wp-content\/uploads\/2019\/12\/cropped-KM-logo-235.png\",\"contentUrl\":\"https:\/\/www.kiddymusics.com\/wp-content\/uploads\/2019\/12\/cropped-KM-logo-235.png\",\"width\":250,\"height\":250,\"caption\":\"KiddyMusics\"},\"image\":{\"@id\":\"https:\/\/www.kiddymusics.com\/ca\/#\/schema\/logo\/image\/\"}}]}<\/script>\n<!-- \/ Yoast SEO plugin. -->","yoast_head_json":{"title":"Campus Virtual KiddyMusics | KiddyMusics","robots":{"index":"index","follow":"follow","max-snippet":"max-snippet:-1","max-image-preview":"max-image-preview:large","max-video-preview":"max-video-preview:-1"},"canonical":"https:\/\/www.kiddymusics.com\/ca\/campus-virtual\/","og_locale":"ca_ES","og_type":"article","og_title":"Campus Virtual KiddyMusics | KiddyMusics","og_description":"Descobreix el nostre nou servei KiddyMusics Gwido! A KiddyMusics.Gwido trobar\u00e0s tota la informaci\u00f3 de matr\u00edcules, horaris, calendaris, informes d\u2019avaluaci\u00f3, faltes d\u2019assist\u00e8ncia o abs\u00e8ncies, parlar amb els professors o gestors de KiddyMusics i molt m\u00e9s. Un cop et matriculis rebr\u00e0s la invitaci\u00f3 per aquest nou suport. Tamb\u00e9 via APP. Entra a GWIDO al teu Ordinador (no &hellip; Continue reading \"Campus Virtual KiddyMusics\"","og_url":"https:\/\/www.kiddymusics.com\/ca\/campus-virtual\/","og_site_name":"KiddyMusics","article_modified_time":"2024-11-13T09:38:11+00:00","twitter_card":"summary_large_image","twitter_misc":{"Est. reading time":"2 minutes"},"schema":{"@context":"https:\/\/schema.org","@graph":[{"@type":"WebPage","@id":"https:\/\/www.kiddymusics.com\/ca\/campus-virtual\/","url":"https:\/\/www.kiddymusics.com\/ca\/campus-virtual\/","name":"Campus Virtual KiddyMusics | KiddyMusics","isPartOf":{"@id":"https:\/\/www.kiddymusics.com\/ca\/#website"},"datePublished":"2018-05-28T19:58:03+00:00","dateModified":"2024-11-13T09:38:11+00:00","breadcrumb":{"@id":"https:\/\/www.kiddymusics.com\/ca\/campus-virtual\/#breadcrumb"},"inLanguage":"ca-ES","potentialAction":[{"@type":"ReadAction","target":["https:\/\/www.kiddymusics.com\/ca\/campus-virtual\/"]}]},{"@type":"BreadcrumbList","@id":"https:\/\/www.kiddymusics.com\/ca\/campus-virtual\/#breadcrumb","itemListElement":[{"@type":"ListItem","position":1,"name":"Home","item":"https:\/\/www.kiddymusics.com\/ca\/"},{"@type":"ListItem","position":2,"name":"Campus Virtual KiddyMusics"}]},{"@type":"WebSite","@id":"https:\/\/www.kiddymusics.com\/ca\/#website","url":"https:\/\/www.kiddymusics.com\/ca\/","name":"KiddyMusics","description":"Plataforma per a l\u2019Educaci\u00f3 i la Difusi\u00f3 de la M\u00fasica","publisher":{"@id":"https:\/\/www.kiddymusics.com\/ca\/#organization"},"potentialAction":[{"@type":"SearchAction","target":{"@type":"EntryPoint","urlTemplate":"https:\/\/www.kiddymusics.com\/ca\/?s={search_term_string}"},"query-input":{"@type":"PropertyValueSpecification","valueRequired":true,"valueName":"search_term_string"}}],"inLanguage":"ca-ES"},{"@type":"Organization","@id":"https:\/\/www.kiddymusics.com\/ca\/#organization","name":"KiddyMusics","url":"https:\/\/www.kiddymusics.com\/ca\/","logo":{"@type":"ImageObject","inLanguage":"ca-ES","@id":"https:\/\/www.kiddymusics.com\/ca\/#\/schema\/logo\/image\/","url":"https:\/\/www.kiddymusics.com\/wp-content\/uploads\/2019\/12\/cropped-KM-logo-235.png","contentUrl":"https:\/\/www.kiddymusics.com\/wp-content\/uploads\/2019\/12\/cropped-KM-logo-235.png","width":250,"height":250,"caption":"KiddyMusics"},"image":{"@id":"https:\/\/www.kiddymusics.com\/ca\/#\/schema\/logo\/image\/"}}]}},"_links":{"self":[{"href":"https:\/\/www.kiddymusics.com\/ca\/wp-json\/wp\/v2\/pages\/2119","targetHints":{"allow":["GET"]}}],"collection":[{"href":"https:\/\/www.kiddymusics.com\/ca\/wp-json\/wp\/v2\/pages"}],"about":[{"href":"https:\/\/www.kiddymusics.com\/ca\/wp-json\/wp\/v2\/types\/page"}],"author":[{"embeddable":true,"href":"https:\/\/www.kiddymusics.com\/ca\/wp-json\/wp\/v2\/users\/1"}],"replies":[{"embeddable":true,"href":"https:\/\/www.kiddymusics.com\/ca\/wp-json\/wp\/v2\/comments?post=2119"}],"version-history":[{"count":15,"href":"https:\/\/www.kiddymusics.com\/ca\/wp-json\/wp\/v2\/pages\/2119\/revisions"}],"predecessor-version":[{"id":7385,"href":"https:\/\/www.kiddymusics.com\/ca\/wp-json\/wp\/v2\/pages\/2119\/revisions\/7385"}],"wp:attachment":[{"href":"https:\/\/www.kiddymusics.com\/ca\/wp-json\/wp\/v2\/media?parent=2119"}],"curies":[{"name":"wp","href":"https:\/\/api.w.org\/{rel}","templated":true}]}}