{"id":16,"date":"2017-12-22T08:21:44","date_gmt":"2017-12-22T08:21:44","guid":{"rendered":"https:\/\/www.kiddymusics.com\/?page_id=16"},"modified":"2021-05-18T11:59:03","modified_gmt":"2021-05-18T09:59:03","slug":"embarassades","status":"publish","type":"page","link":"https:\/\/www.kiddymusics.com\/ca\/embarassades\/","title":{"rendered":"Embarassades"},"content":{"rendered":"<h2 class=\"wp-block-heading\">Classes de KiddyMusics Embarassades<\/h2><h3 class=\"wp-block-heading\">L\u2019oferta de cursos per embarassades que disposem als centres KiddyMusics \u00e9s:<\/h3><h4 class=\"wp-block-heading\">KiddyMusics Embarassades<\/h4><p>Aprendr\u00e0s a gaudir de l\u2019embar\u00e0s i a promoure un clima emocional adient per a la gestaci\u00f3 aconseguint una connexi\u00f3 m\u00e9s profunda amb el nad\u00f3 que est\u00e0 per n\u00e9ixer. Coneixer\u00e0s diferents formes de relaxaci\u00f3 i descans del cos i de la ment durant la gestaci\u00f3 i el treball de part refor\u00e7ant la confian\u00e7a en tu mateixa. Augmentar\u00e0s l\u2019autocontrol de la percepci\u00f3 del dolor a trav\u00e9s de la veu, la respiraci\u00f3 i el moviment corporal. Estimular\u00e0s el teu futur nad\u00f3 i fomentar\u00e0s la comunicaci\u00f3 amb ell.<\/p><h4 class=\"wp-block-heading\">Per a qui?<\/h4><p>Dones embarassades i\/o parelles en qualsevol setmana de gestaci\u00f3. No cal tenir coneixements musicals previs.<\/p><h4 class=\"wp-block-heading\">Com?<\/h4><p>En sessions de 60 minuts setmanals.<\/p><h4 class=\"wp-block-heading\">A on?<\/h4><p>Clica <a href=\"https:\/\/www.kiddymusics.com\/centres-kiddy-music\/\" target=\"_blank\" rel=\"noreferrer noopener\">aqu\u00ed<\/a> per veure els centres KiddyMusics.<\/p>","protected":false},"excerpt":{"rendered":"<p>Enforteix la connexi\u00f3 amb el teu fill a trav\u00e9s de la m\u00fasica.<\/p>\n","protected":false},"author":1,"featured_media":1607,"parent":0,"menu_order":35,"comment_status":"closed","ping_status":"closed","template":"embarassades.php","meta":{"_acf_changed":false,"footnotes":""},"class_list":["post-16","page","type-page","status-publish","has-post-thumbnail","hentry"],"acf":[],"yoast_head":"<!-- This site is optimized with the Yoast SEO plugin v24.9 - https:\/\/yoast.com\/wordpress\/plugins\/seo\/ -->\n<title>Embarassades | KiddyMusics<\/title>\n<meta name=\"robots\" content=\"index, follow, max-snippet:-1, max-image-preview:large, max-video-preview:-1\" \/>\n<link rel=\"canonical\" href=\"https:\/\/www.kiddymusics.com\/ca\/embarassades\/\" \/>\n<meta property=\"og:locale\" content=\"ca_ES\" \/>\n<meta property=\"og:type\" content=\"article\" \/>\n<meta property=\"og:title\" content=\"Embarassades | KiddyMusics\" \/>\n<meta property=\"og:description\" content=\"Enforteix la connexi\u00f3 amb el teu fill a trav\u00e9s de la m\u00fasica.\" \/>\n<meta property=\"og:url\" content=\"https:\/\/www.kiddymusics.com\/ca\/embarassades\/\" \/>\n<meta property=\"og:site_name\" content=\"KiddyMusics\" \/>\n<meta property=\"article:modified_time\" content=\"2021-05-18T09:59:03+00:00\" \/>\n<meta property=\"og:image\" content=\"https:\/\/www.kiddymusics.com\/wp-content\/uploads\/2018\/02\/header_440x1920_embarassades.jpg\" \/>\n\t<meta property=\"og:image:width\" content=\"1920\" \/>\n\t<meta property=\"og:image:height\" content=\"440\" \/>\n\t<meta property=\"og:image:type\" content=\"image\/jpeg\" \/>\n<meta name=\"twitter:card\" content=\"summary_large_image\" \/>\n<meta name=\"twitter:label1\" content=\"Est. reading time\" \/>\n\t<meta name=\"twitter:data1\" content=\"1 minute\" \/>\n<script type=\"application\/ld+json\" class=\"yoast-schema-graph\">{\"@context\":\"https:\/\/schema.org\",\"@graph\":[{\"@type\":\"WebPage\",\"@id\":\"https:\/\/www.kiddymusics.com\/ca\/embarassades\/\",\"url\":\"https:\/\/www.kiddymusics.com\/ca\/embarassades\/\",\"name\":\"Embarassades | KiddyMusics\",\"isPartOf\":{\"@id\":\"https:\/\/www.kiddymusics.com\/ca\/#website\"},\"primaryImageOfPage\":{\"@id\":\"https:\/\/www.kiddymusics.com\/ca\/embarassades\/#primaryimage\"},\"image\":{\"@id\":\"https:\/\/www.kiddymusics.com\/ca\/embarassades\/#primaryimage\"},\"thumbnailUrl\":\"https:\/\/www.kiddymusics.com\/wp-content\/uploads\/2018\/02\/header_440x1920_embarassades.jpg\",\"datePublished\":\"2017-12-22T08:21:44+00:00\",\"dateModified\":\"2021-05-18T09:59:03+00:00\",\"breadcrumb\":{\"@id\":\"https:\/\/www.kiddymusics.com\/ca\/embarassades\/#breadcrumb\"},\"inLanguage\":\"ca-ES\",\"potentialAction\":[{\"@type\":\"ReadAction\",\"target\":[\"https:\/\/www.kiddymusics.com\/ca\/embarassades\/\"]}]},{\"@type\":\"ImageObject\",\"inLanguage\":\"ca-ES\",\"@id\":\"https:\/\/www.kiddymusics.com\/ca\/embarassades\/#primaryimage\",\"url\":\"https:\/\/www.kiddymusics.com\/wp-content\/uploads\/2018\/02\/header_440x1920_embarassades.jpg\",\"contentUrl\":\"https:\/\/www.kiddymusics.com\/wp-content\/uploads\/2018\/02\/header_440x1920_embarassades.jpg\",\"width\":1920,\"height\":440,\"caption\":\"classes de musica per embarassades\"},{\"@type\":\"BreadcrumbList\",\"@id\":\"https:\/\/www.kiddymusics.com\/ca\/embarassades\/#breadcrumb\",\"itemListElement\":[{\"@type\":\"ListItem\",\"position\":1,\"name\":\"Home\",\"item\":\"https:\/\/www.kiddymusics.com\/ca\/\"},{\"@type\":\"ListItem\",\"position\":2,\"name\":\"Embarassades\"}]},{\"@type\":\"WebSite\",\"@id\":\"https:\/\/www.kiddymusics.com\/ca\/#website\",\"url\":\"https:\/\/www.kiddymusics.com\/ca\/\",\"name\":\"KiddyMusics\",\"description\":\"Plataforma per a l\u2019Educaci\u00f3 i la Difusi\u00f3 de la M\u00fasica\",\"publisher\":{\"@id\":\"https:\/\/www.kiddymusics.com\/ca\/#organization\"},\"potentialAction\":[{\"@type\":\"SearchAction\",\"target\":{\"@type\":\"EntryPoint\",\"urlTemplate\":\"https:\/\/www.kiddymusics.com\/ca\/?s={search_term_string}\"},\"query-input\":{\"@type\":\"PropertyValueSpecification\",\"valueRequired\":true,\"valueName\":\"search_term_string\"}}],\"inLanguage\":\"ca-ES\"},{\"@type\":\"Organization\",\"@id\":\"https:\/\/www.kiddymusics.com\/ca\/#organization\",\"name\":\"KiddyMusics\",\"url\":\"https:\/\/www.kiddymusics.com\/ca\/\",\"logo\":{\"@type\":\"ImageObject\",\"inLanguage\":\"ca-ES\",\"@id\":\"https:\/\/www.kiddymusics.com\/ca\/#\/schema\/logo\/image\/\",\"url\":\"https:\/\/www.kiddymusics.com\/wp-content\/uploads\/2019\/12\/cropped-KM-logo-235.png\",\"contentUrl\":\"https:\/\/www.kiddymusics.com\/wp-content\/uploads\/2019\/12\/cropped-KM-logo-235.png\",\"width\":250,\"height\":250,\"caption\":\"KiddyMusics\"},\"image\":{\"@id\":\"https:\/\/www.kiddymusics.com\/ca\/#\/schema\/logo\/image\/\"}}]}<\/script>\n<!-- \/ Yoast SEO plugin. -->","yoast_head_json":{"title":"Embarassades | KiddyMusics","robots":{"index":"index","follow":"follow","max-snippet":"max-snippet:-1","max-image-preview":"max-image-preview:large","max-video-preview":"max-video-preview:-1"},"canonical":"https:\/\/www.kiddymusics.com\/ca\/embarassades\/","og_locale":"ca_ES","og_type":"article","og_title":"Embarassades | KiddyMusics","og_description":"Enforteix la connexi\u00f3 amb el teu fill a trav\u00e9s de la m\u00fasica.","og_url":"https:\/\/www.kiddymusics.com\/ca\/embarassades\/","og_site_name":"KiddyMusics","article_modified_time":"2021-05-18T09:59:03+00:00","og_image":[{"width":1920,"height":440,"url":"https:\/\/www.kiddymusics.com\/wp-content\/uploads\/2018\/02\/header_440x1920_embarassades.jpg","type":"image\/jpeg"}],"twitter_card":"summary_large_image","twitter_misc":{"Est. reading time":"1 minute"},"schema":{"@context":"https:\/\/schema.org","@graph":[{"@type":"WebPage","@id":"https:\/\/www.kiddymusics.com\/ca\/embarassades\/","url":"https:\/\/www.kiddymusics.com\/ca\/embarassades\/","name":"Embarassades | KiddyMusics","isPartOf":{"@id":"https:\/\/www.kiddymusics.com\/ca\/#website"},"primaryImageOfPage":{"@id":"https:\/\/www.kiddymusics.com\/ca\/embarassades\/#primaryimage"},"image":{"@id":"https:\/\/www.kiddymusics.com\/ca\/embarassades\/#primaryimage"},"thumbnailUrl":"https:\/\/www.kiddymusics.com\/wp-content\/uploads\/2018\/02\/header_440x1920_embarassades.jpg","datePublished":"2017-12-22T08:21:44+00:00","dateModified":"2021-05-18T09:59:03+00:00","breadcrumb":{"@id":"https:\/\/www.kiddymusics.com\/ca\/embarassades\/#breadcrumb"},"inLanguage":"ca-ES","potentialAction":[{"@type":"ReadAction","target":["https:\/\/www.kiddymusics.com\/ca\/embarassades\/"]}]},{"@type":"ImageObject","inLanguage":"ca-ES","@id":"https:\/\/www.kiddymusics.com\/ca\/embarassades\/#primaryimage","url":"https:\/\/www.kiddymusics.com\/wp-content\/uploads\/2018\/02\/header_440x1920_embarassades.jpg","contentUrl":"https:\/\/www.kiddymusics.com\/wp-content\/uploads\/2018\/02\/header_440x1920_embarassades.jpg","width":1920,"height":440,"caption":"classes de musica per embarassades"},{"@type":"BreadcrumbList","@id":"https:\/\/www.kiddymusics.com\/ca\/embarassades\/#breadcrumb","itemListElement":[{"@type":"ListItem","position":1,"name":"Home","item":"https:\/\/www.kiddymusics.com\/ca\/"},{"@type":"ListItem","position":2,"name":"Embarassades"}]},{"@type":"WebSite","@id":"https:\/\/www.kiddymusics.com\/ca\/#website","url":"https:\/\/www.kiddymusics.com\/ca\/","name":"KiddyMusics","description":"Plataforma per a l\u2019Educaci\u00f3 i la Difusi\u00f3 de la M\u00fasica","publisher":{"@id":"https:\/\/www.kiddymusics.com\/ca\/#organization"},"potentialAction":[{"@type":"SearchAction","target":{"@type":"EntryPoint","urlTemplate":"https:\/\/www.kiddymusics.com\/ca\/?s={search_term_string}"},"query-input":{"@type":"PropertyValueSpecification","valueRequired":true,"valueName":"search_term_string"}}],"inLanguage":"ca-ES"},{"@type":"Organization","@id":"https:\/\/www.kiddymusics.com\/ca\/#organization","name":"KiddyMusics","url":"https:\/\/www.kiddymusics.com\/ca\/","logo":{"@type":"ImageObject","inLanguage":"ca-ES","@id":"https:\/\/www.kiddymusics.com\/ca\/#\/schema\/logo\/image\/","url":"https:\/\/www.kiddymusics.com\/wp-content\/uploads\/2019\/12\/cropped-KM-logo-235.png","contentUrl":"https:\/\/www.kiddymusics.com\/wp-content\/uploads\/2019\/12\/cropped-KM-logo-235.png","width":250,"height":250,"caption":"KiddyMusics"},"image":{"@id":"https:\/\/www.kiddymusics.com\/ca\/#\/schema\/logo\/image\/"}}]}},"_links":{"self":[{"href":"https:\/\/www.kiddymusics.com\/ca\/wp-json\/wp\/v2\/pages\/16","targetHints":{"allow":["GET"]}}],"collection":[{"href":"https:\/\/www.kiddymusics.com\/ca\/wp-json\/wp\/v2\/pages"}],"about":[{"href":"https:\/\/www.kiddymusics.com\/ca\/wp-json\/wp\/v2\/types\/page"}],"author":[{"embeddable":true,"href":"https:\/\/www.kiddymusics.com\/ca\/wp-json\/wp\/v2\/users\/1"}],"replies":[{"embeddable":true,"href":"https:\/\/www.kiddymusics.com\/ca\/wp-json\/wp\/v2\/comments?post=16"}],"version-history":[{"count":129,"href":"https:\/\/www.kiddymusics.com\/ca\/wp-json\/wp\/v2\/pages\/16\/revisions"}],"predecessor-version":[{"id":5506,"href":"https:\/\/www.kiddymusics.com\/ca\/wp-json\/wp\/v2\/pages\/16\/revisions\/5506"}],"wp:featuredmedia":[{"embeddable":true,"href":"https:\/\/www.kiddymusics.com\/ca\/wp-json\/wp\/v2\/media\/1607"}],"wp:attachment":[{"href":"https:\/\/www.kiddymusics.com\/ca\/wp-json\/wp\/v2\/media?parent=16"}],"curies":[{"name":"wp","href":"https:\/\/api.w.org\/{rel}","templated":true}]}}