{"id":139,"date":"2017-12-28T12:22:42","date_gmt":"2017-12-28T12:22:42","guid":{"rendered":"https:\/\/www.kiddymusics.com\/?page_id=139"},"modified":"2019-12-18T14:44:25","modified_gmt":"2019-12-18T13:44:25","slug":"metodologia-km","status":"publish","type":"page","link":"https:\/\/www.kiddymusics.com\/ca\/metodologia-km\/","title":{"rendered":"Metodologia KM"},"content":{"rendered":"<h2>EL M\u00c8TODE KiddyMusics<\/h2>\n<p>A KiddyMusics volem aprofitar i optimitzar tots els mecanismes que s\u2019activen els primers anys de vida per posar-los al servei de l\u2019aprenentatge de la m\u00fasica. Es per aix\u00f3 que en la seva fase inicial, des de mesos fins als 7 anys, KiddyMusics fa servir una metodologia d\u2019aprenentatge musical que segueix el proc\u00e9s natural d\u2019adquisici\u00f3 del llenguatge matern:<\/p>\n<ul>\n<li><img decoding=\"async\" src=\"https:\/\/www.kiddymusics.com\/wp-content\/uploads\/2018\/01\/img1.jpg\">escoltar<\/li>\n<li><img decoding=\"async\" src=\"https:\/\/www.kiddymusics.com\/wp-content\/uploads\/2018\/01\/img2.jpg\">parlar<\/li>\n<li><img decoding=\"async\" src=\"https:\/\/www.kiddymusics.com\/wp-content\/uploads\/2018\/01\/img3.jpg\">pensar<\/li>\n<li><img decoding=\"async\" src=\"https:\/\/www.kiddymusics.com\/wp-content\/uploads\/2018\/01\/img4.jpg\">llegir<\/li>\n<li><img decoding=\"async\" src=\"https:\/\/www.kiddymusics.com\/wp-content\/uploads\/2018\/01\/img5.jpg\">escriure<\/li>\n<\/ul>\n<p>En el cas de la m\u00fasica:<\/p>\n<ul>\n<li><img decoding=\"async\" src=\"https:\/\/www.kiddymusics.com\/wp-content\/uploads\/2018\/01\/img1.jpg\">escoltar<\/li>\n<li><img decoding=\"async\" src=\"https:\/\/www.kiddymusics.com\/wp-content\/uploads\/2018\/01\/img6.jpg\">cantar \/ seguir ritmes<\/li>\n<li><img decoding=\"async\" src=\"https:\/\/www.kiddymusics.com\/wp-content\/uploads\/2018\/01\/img7.jpg\">pensar musicalment \/ improvisar<\/li>\n<li><img decoding=\"async\" src=\"https:\/\/www.kiddymusics.com\/wp-content\/uploads\/2018\/01\/img4.jpg\">llegir<\/li>\n<li><img decoding=\"async\" src=\"https:\/\/www.kiddymusics.com\/wp-content\/uploads\/2018\/01\/img5.jpg\">escriure<\/li>\n<\/ul>\n<p>Aquest es un proc\u00e9s infal\u00b7lible que te lloc en un ordre determinat, natural i espontani.<\/p>\n<p>El model de KiddyMusics s\u2019implementa en tres etapes que coincideixen en l\u2019evoluci\u00f3 cognitiva dels infants.<\/p>\n<p>&#8211; Culturitzaci\u00f3 \u2013 La m\u00fasica de la nostra cultura\u2013 Fins als 2-4 anys.<\/p>\n<p>&#8211; Imitaci\u00f3 \u2013 Patrons R\u00edtmics i Tonals\u2013 Fins als 3-5 anys.<\/p>\n<p>&#8211; Asimilaci\u00f3 \u2013 Consci\u00e8ncia del que fan\u2013 A partir dels 4-6 anys<\/p>\n<blockquote>\n<hr>\n<p><strong>&#8220;La nostra missi\u00f3 \u00e9s descobrir les aptituds musicals de<\/strong><\/p>\n<p><strong> cada nen i desenvolupar les seves habilitats formant <\/strong><\/p>\n<p><strong>aix\u00ed persones musicalment educades i art\u00edsticament <\/strong><\/p>\n<p><strong>sensibles.&#8221;<\/strong><\/p>\n<hr>\n<\/blockquote>\n<h2>Beneficis del programa KiddyMusics<\/h2>\n<p>El nostre programa educatiu vol incidir en quatre punts b\u00e0sics, que alhora s\u00f3n els que el fonamenten. Aquests punts s\u00f3n el que volem que els participants del programa KiddyMusics s\u2019emportin amb ells.<\/p>\n<ul>\n<li><img decoding=\"async\" src=\"https:\/\/www.kiddymusics.com\/wp-content\/uploads\/2018\/01\/img8.jpg\">Enfortir el vincle de l\u2019infant amb els pares i mares: M\u00fasica; emocions i records<\/li>\n<li><img decoding=\"async\" src=\"https:\/\/www.kiddymusics.com\/wp-content\/uploads\/2018\/01\/img9.jpg\">Creaci\u00f3 de l\u2019esperit cooperatiu: Compartir i col\u00b7laborar com a base de les relacions<\/li>\n<li><img decoding=\"async\" src=\"https:\/\/www.kiddymusics.com\/wp-content\/uploads\/2018\/01\/img10.jpg\">Foment de la creativitat: Aprendre a improvisar a trav\u00e9s de l\u2019\u00fanic llenguatge universal<\/li>\n<li><img decoding=\"async\" src=\"https:\/\/www.kiddymusics.com\/wp-content\/uploads\/2018\/01\/img11.jpg\">Assolir unes compet\u00e8ncies b\u00e0siques: Cantar afinats i moure\u2019s amb el ritme apropiat.<\/li>\n<\/ul>\n","protected":false},"excerpt":{"rendered":"<p>EL M\u00c8TODE KiddyMusics<\/p>\n","protected":false},"author":1,"featured_media":1615,"parent":0,"menu_order":77,"comment_status":"closed","ping_status":"closed","template":"metodologia.php","meta":{"_acf_changed":false,"footnotes":""},"class_list":["post-139","page","type-page","status-publish","has-post-thumbnail","hentry"],"acf":[],"yoast_head":"<!-- This site is optimized with the Yoast SEO plugin v24.9 - https:\/\/yoast.com\/wordpress\/plugins\/seo\/ -->\n<title>Metodologia KM | KiddyMusics<\/title>\n<meta name=\"robots\" content=\"index, follow, max-snippet:-1, max-image-preview:large, max-video-preview:-1\" \/>\n<link rel=\"canonical\" href=\"https:\/\/www.kiddymusics.com\/ca\/metodologia-km\/\" \/>\n<meta property=\"og:locale\" content=\"ca_ES\" \/>\n<meta property=\"og:type\" content=\"article\" \/>\n<meta property=\"og:title\" content=\"Metodologia KM | KiddyMusics\" \/>\n<meta property=\"og:description\" content=\"EL M\u00c8TODE KiddyMusics\" \/>\n<meta property=\"og:url\" content=\"https:\/\/www.kiddymusics.com\/ca\/metodologia-km\/\" \/>\n<meta property=\"og:site_name\" content=\"KiddyMusics\" \/>\n<meta property=\"article:modified_time\" content=\"2019-12-18T13:44:25+00:00\" \/>\n<meta property=\"og:image\" content=\"https:\/\/www.kiddymusics.com\/wp-content\/uploads\/2018\/02\/header_440x1920_sobrenosaltres.jpg\" \/>\n\t<meta property=\"og:image:width\" content=\"1920\" \/>\n\t<meta property=\"og:image:height\" content=\"440\" \/>\n\t<meta property=\"og:image:type\" content=\"image\/jpeg\" \/>\n<meta name=\"twitter:card\" content=\"summary_large_image\" \/>\n<meta name=\"twitter:label1\" content=\"Est. reading time\" \/>\n\t<meta name=\"twitter:data1\" content=\"1 minute\" \/>\n<script type=\"application\/ld+json\" class=\"yoast-schema-graph\">{\"@context\":\"https:\/\/schema.org\",\"@graph\":[{\"@type\":\"WebPage\",\"@id\":\"https:\/\/www.kiddymusics.com\/ca\/metodologia-km\/\",\"url\":\"https:\/\/www.kiddymusics.com\/ca\/metodologia-km\/\",\"name\":\"Metodologia KM | KiddyMusics\",\"isPartOf\":{\"@id\":\"https:\/\/www.kiddymusics.com\/ca\/#website\"},\"primaryImageOfPage\":{\"@id\":\"https:\/\/www.kiddymusics.com\/ca\/metodologia-km\/#primaryimage\"},\"image\":{\"@id\":\"https:\/\/www.kiddymusics.com\/ca\/metodologia-km\/#primaryimage\"},\"thumbnailUrl\":\"https:\/\/www.kiddymusics.com\/wp-content\/uploads\/2018\/02\/header_440x1920_sobrenosaltres.jpg\",\"datePublished\":\"2017-12-28T12:22:42+00:00\",\"dateModified\":\"2019-12-18T13:44:25+00:00\",\"breadcrumb\":{\"@id\":\"https:\/\/www.kiddymusics.com\/ca\/metodologia-km\/#breadcrumb\"},\"inLanguage\":\"ca-ES\",\"potentialAction\":[{\"@type\":\"ReadAction\",\"target\":[\"https:\/\/www.kiddymusics.com\/ca\/metodologia-km\/\"]}]},{\"@type\":\"ImageObject\",\"inLanguage\":\"ca-ES\",\"@id\":\"https:\/\/www.kiddymusics.com\/ca\/metodologia-km\/#primaryimage\",\"url\":\"https:\/\/www.kiddymusics.com\/wp-content\/uploads\/2018\/02\/header_440x1920_sobrenosaltres.jpg\",\"contentUrl\":\"https:\/\/www.kiddymusics.com\/wp-content\/uploads\/2018\/02\/header_440x1920_sobrenosaltres.jpg\",\"width\":1920,\"height\":440,\"caption\":\"escola de musica barcelona\"},{\"@type\":\"BreadcrumbList\",\"@id\":\"https:\/\/www.kiddymusics.com\/ca\/metodologia-km\/#breadcrumb\",\"itemListElement\":[{\"@type\":\"ListItem\",\"position\":1,\"name\":\"Home\",\"item\":\"https:\/\/www.kiddymusics.com\/ca\/\"},{\"@type\":\"ListItem\",\"position\":2,\"name\":\"Metodologia KM\"}]},{\"@type\":\"WebSite\",\"@id\":\"https:\/\/www.kiddymusics.com\/ca\/#website\",\"url\":\"https:\/\/www.kiddymusics.com\/ca\/\",\"name\":\"KiddyMusics\",\"description\":\"Plataforma per a l\u2019Educaci\u00f3 i la Difusi\u00f3 de la M\u00fasica\",\"publisher\":{\"@id\":\"https:\/\/www.kiddymusics.com\/ca\/#organization\"},\"potentialAction\":[{\"@type\":\"SearchAction\",\"target\":{\"@type\":\"EntryPoint\",\"urlTemplate\":\"https:\/\/www.kiddymusics.com\/ca\/?s={search_term_string}\"},\"query-input\":{\"@type\":\"PropertyValueSpecification\",\"valueRequired\":true,\"valueName\":\"search_term_string\"}}],\"inLanguage\":\"ca-ES\"},{\"@type\":\"Organization\",\"@id\":\"https:\/\/www.kiddymusics.com\/ca\/#organization\",\"name\":\"KiddyMusics\",\"url\":\"https:\/\/www.kiddymusics.com\/ca\/\",\"logo\":{\"@type\":\"ImageObject\",\"inLanguage\":\"ca-ES\",\"@id\":\"https:\/\/www.kiddymusics.com\/ca\/#\/schema\/logo\/image\/\",\"url\":\"https:\/\/www.kiddymusics.com\/wp-content\/uploads\/2019\/12\/cropped-KM-logo-235.png\",\"contentUrl\":\"https:\/\/www.kiddymusics.com\/wp-content\/uploads\/2019\/12\/cropped-KM-logo-235.png\",\"width\":250,\"height\":250,\"caption\":\"KiddyMusics\"},\"image\":{\"@id\":\"https:\/\/www.kiddymusics.com\/ca\/#\/schema\/logo\/image\/\"}}]}<\/script>\n<!-- \/ Yoast SEO plugin. -->","yoast_head_json":{"title":"Metodologia KM | KiddyMusics","robots":{"index":"index","follow":"follow","max-snippet":"max-snippet:-1","max-image-preview":"max-image-preview:large","max-video-preview":"max-video-preview:-1"},"canonical":"https:\/\/www.kiddymusics.com\/ca\/metodologia-km\/","og_locale":"ca_ES","og_type":"article","og_title":"Metodologia KM | KiddyMusics","og_description":"EL M\u00c8TODE KiddyMusics","og_url":"https:\/\/www.kiddymusics.com\/ca\/metodologia-km\/","og_site_name":"KiddyMusics","article_modified_time":"2019-12-18T13:44:25+00:00","og_image":[{"width":1920,"height":440,"url":"https:\/\/www.kiddymusics.com\/wp-content\/uploads\/2018\/02\/header_440x1920_sobrenosaltres.jpg","type":"image\/jpeg"}],"twitter_card":"summary_large_image","twitter_misc":{"Est. reading time":"1 minute"},"schema":{"@context":"https:\/\/schema.org","@graph":[{"@type":"WebPage","@id":"https:\/\/www.kiddymusics.com\/ca\/metodologia-km\/","url":"https:\/\/www.kiddymusics.com\/ca\/metodologia-km\/","name":"Metodologia KM | KiddyMusics","isPartOf":{"@id":"https:\/\/www.kiddymusics.com\/ca\/#website"},"primaryImageOfPage":{"@id":"https:\/\/www.kiddymusics.com\/ca\/metodologia-km\/#primaryimage"},"image":{"@id":"https:\/\/www.kiddymusics.com\/ca\/metodologia-km\/#primaryimage"},"thumbnailUrl":"https:\/\/www.kiddymusics.com\/wp-content\/uploads\/2018\/02\/header_440x1920_sobrenosaltres.jpg","datePublished":"2017-12-28T12:22:42+00:00","dateModified":"2019-12-18T13:44:25+00:00","breadcrumb":{"@id":"https:\/\/www.kiddymusics.com\/ca\/metodologia-km\/#breadcrumb"},"inLanguage":"ca-ES","potentialAction":[{"@type":"ReadAction","target":["https:\/\/www.kiddymusics.com\/ca\/metodologia-km\/"]}]},{"@type":"ImageObject","inLanguage":"ca-ES","@id":"https:\/\/www.kiddymusics.com\/ca\/metodologia-km\/#primaryimage","url":"https:\/\/www.kiddymusics.com\/wp-content\/uploads\/2018\/02\/header_440x1920_sobrenosaltres.jpg","contentUrl":"https:\/\/www.kiddymusics.com\/wp-content\/uploads\/2018\/02\/header_440x1920_sobrenosaltres.jpg","width":1920,"height":440,"caption":"escola de musica barcelona"},{"@type":"BreadcrumbList","@id":"https:\/\/www.kiddymusics.com\/ca\/metodologia-km\/#breadcrumb","itemListElement":[{"@type":"ListItem","position":1,"name":"Home","item":"https:\/\/www.kiddymusics.com\/ca\/"},{"@type":"ListItem","position":2,"name":"Metodologia KM"}]},{"@type":"WebSite","@id":"https:\/\/www.kiddymusics.com\/ca\/#website","url":"https:\/\/www.kiddymusics.com\/ca\/","name":"KiddyMusics","description":"Plataforma per a l\u2019Educaci\u00f3 i la Difusi\u00f3 de la M\u00fasica","publisher":{"@id":"https:\/\/www.kiddymusics.com\/ca\/#organization"},"potentialAction":[{"@type":"SearchAction","target":{"@type":"EntryPoint","urlTemplate":"https:\/\/www.kiddymusics.com\/ca\/?s={search_term_string}"},"query-input":{"@type":"PropertyValueSpecification","valueRequired":true,"valueName":"search_term_string"}}],"inLanguage":"ca-ES"},{"@type":"Organization","@id":"https:\/\/www.kiddymusics.com\/ca\/#organization","name":"KiddyMusics","url":"https:\/\/www.kiddymusics.com\/ca\/","logo":{"@type":"ImageObject","inLanguage":"ca-ES","@id":"https:\/\/www.kiddymusics.com\/ca\/#\/schema\/logo\/image\/","url":"https:\/\/www.kiddymusics.com\/wp-content\/uploads\/2019\/12\/cropped-KM-logo-235.png","contentUrl":"https:\/\/www.kiddymusics.com\/wp-content\/uploads\/2019\/12\/cropped-KM-logo-235.png","width":250,"height":250,"caption":"KiddyMusics"},"image":{"@id":"https:\/\/www.kiddymusics.com\/ca\/#\/schema\/logo\/image\/"}}]}},"_links":{"self":[{"href":"https:\/\/www.kiddymusics.com\/ca\/wp-json\/wp\/v2\/pages\/139","targetHints":{"allow":["GET"]}}],"collection":[{"href":"https:\/\/www.kiddymusics.com\/ca\/wp-json\/wp\/v2\/pages"}],"about":[{"href":"https:\/\/www.kiddymusics.com\/ca\/wp-json\/wp\/v2\/types\/page"}],"author":[{"embeddable":true,"href":"https:\/\/www.kiddymusics.com\/ca\/wp-json\/wp\/v2\/users\/1"}],"replies":[{"embeddable":true,"href":"https:\/\/www.kiddymusics.com\/ca\/wp-json\/wp\/v2\/comments?post=139"}],"version-history":[{"count":34,"href":"https:\/\/www.kiddymusics.com\/ca\/wp-json\/wp\/v2\/pages\/139\/revisions"}],"predecessor-version":[{"id":3369,"href":"https:\/\/www.kiddymusics.com\/ca\/wp-json\/wp\/v2\/pages\/139\/revisions\/3369"}],"wp:featuredmedia":[{"embeddable":true,"href":"https:\/\/www.kiddymusics.com\/ca\/wp-json\/wp\/v2\/media\/1615"}],"wp:attachment":[{"href":"https:\/\/www.kiddymusics.com\/ca\/wp-json\/wp\/v2\/media?parent=139"}],"curies":[{"name":"wp","href":"https:\/\/api.w.org\/{rel}","templated":true}]}}